{"id":54611,"date":"2026-01-09T16:09:49","date_gmt":"2026-01-09T15:09:49","guid":{"rendered":"https:\/\/sht.mindd.dev\/?page_id=54611"},"modified":"2026-02-19T14:58:57","modified_gmt":"2026-02-19T13:58:57","slug":"hausregeln","status":"publish","type":"page","link":"https:\/\/spoedpostenhuisartsenzorgtwente.nl\/de\/hausregeln\/","title":{"rendered":"Hausregeln"},"content":{"rendered":"\n<h2 class=\"wp-block-heading\" style=\"font-size:16px\">Aufnahme in den \u00c4rztlichen Notdienst<\/h2>\n\n\n\n<p>Wir m\u00f6chten Sie in der medizinischen Station willkommen hei\u00dfen. F\u00fcr die Sicherheit und den Komfort aller haben wir eine Reihe von Hausregeln. Wir behandeln uns gerne mit Respekt und erwarten dasselbe von unseren Besuchern und Patienten. Wenn Sie das Gef\u00fchl haben, nicht respektvoll behandelt zu werden, ist es am besten, dies sofort ruhig mit dem Arzt zu besprechen. Ein Versto\u00df gegen die Hausregeln kann zu einer Verwarnung oder Verweigerung des Zugangs zur medizinischen Station f\u00fchren. Eine Identifikation ist in und um die Hausarztstation erforderlich. Gemeinsam mit Ihnen freuen wir uns, einen angenehmen Aufenthalt zu gew\u00e4hrleisten.<\/p>\n\n\n\n<h2 class=\"wp-block-heading\" style=\"font-size:16px\">Aggression<\/h2>\n\n\n\n<p>Aggression, Gewalt und kriminelle Handlungen werden nicht akzeptiert. Darauf folgt stets eine Sanktion, und in allen F\u00e4llen informieren wir auch den Hausarzt des Patienten \u00fcber dieses Verhalten.<\/p>\n\n\n\n<h2 class=\"wp-block-heading\" style=\"font-size:16px\">Anzahl der Betreuer<\/h2>\n\n\n\n<p>Maximal 1 Begleiter pro Patient ist im Konsultationsraum erlaubt. Wenn der Warteraum voll ist, werden die zus\u00e4tzlichen Begleiter gebeten, Platz f\u00fcr Patienten zu schaffen.<\/p>\n\n\n\n<h2 class=\"wp-block-heading\" style=\"font-size:16px\">Rauchen, Alkohol, Drogen<\/h2>\n\n\n\n<p>Alkohol, Rauchen und\/oder Drogen sind an der medizinischen Station verboten.<\/p>\n\n\n\n<h2 class=\"wp-block-heading\" style=\"font-size:16px\">Haftung<\/h2>\n\n\n\n<p>Sie sind allein verantwortlich und haftbar f\u00fcr Ihr Eigentum. Das Parken Ihres Transportmittels geschieht auf eigenes Risiko.<\/p>\n\n\n\n<h2 class=\"wp-block-heading\" style=\"font-size:16px\">Bild, Ton und soziale Medien<\/h2>\n\n\n\n<p>Ein Foto zu machen oder einen Film aufzunehmen, ist verboten. Es gibt eine kontrollierte Kamera\u00fcberwachung in und um die Hausarztstation, um Ihre Sicherheit zu gew\u00e4hrleisten.<\/p>\n\n\n\n<p>Eine Audioaufnahme ist nur mit ausdr\u00fccklicher Genehmigung des Gesundheitsdienstleisters erlaubt und darf niemals \u00f6ffentlich verteilt werden.<\/p>\n\n\n\n<h2 class=\"wp-block-heading\" style=\"font-size:16px\">Tiere<\/h2>\n\n\n\n<p>Tiere sind an der medizinischen Station nicht erlaubt, mit Ausnahme von Assistenzhunden.<\/p>\n\n\n\n<h2 class=\"wp-block-heading\" style=\"font-size:16px\">Politik f\u00fcr im Ausland lebende Patienten<\/h2>\n\n\n\n<p>Patienten, die nicht in den Niederlanden leben und die Notfallversorgung der medizinischen Station nutzen, m\u00fcssen direkt bar (in Almelo nicht m\u00f6glich) oder mit Karte zahlen.<\/p>\n\n\n\n<h2 class=\"wp-block-heading\" style=\"font-size:16px\">Sicherheit geht an erster Stelle<\/h2>\n\n\n\n<p>Wenn Sie diese Hausregeln nicht respektieren, erhalten Sie zun\u00e4chst eine Verwarnung. Im Falle einer Wiederholung k\u00f6nnen wir den Zugang zur Hausarztstation melden oder verweigern.<\/p>\n","protected":false},"excerpt":{"rendered":"<p>Aufnahme in den \u00c4rztlichen Notdienst Wir m\u00f6chten Sie in der medizinischen Station willkommen hei\u00dfen. F\u00fcr die Sicherheit und den Komfort aller haben wir eine Reihe von Hausregeln. Wir behandeln uns gerne mit Respekt und erwarten dasselbe von unseren Besuchern und Patienten. Wenn Sie das Gef\u00fchl haben, nicht respektvoll behandelt zu werden, ist es am besten, [&hellip;]<\/p>\n","protected":false},"author":3,"featured_media":0,"parent":0,"menu_order":0,"comment_status":"closed","ping_status":"closed","template":"","meta":{"_acf_changed":false,"_trash_the_other_posts":false,"editor_notices":[],"footnotes":""},"class_list":["post-54611","page","type-page","status-publish","hentry"],"acf":[],"yoast_head":"<!-- This site is optimized with the Yoast SEO plugin v26.6 - https:\/\/yoast.com\/wordpress\/plugins\/seo\/ -->\n<title>Hausregeln - Spoedposten HuisartsenZorg Twente - Deutsch<\/title>\n<meta name=\"robots\" content=\"index, follow, max-snippet:-1, max-image-preview:large, max-video-preview:-1\" \/>\n<link rel=\"canonical\" href=\"https:\/\/spoedpostenhuisartsenzorgtwente.nl\/de\/hausregeln\/\" \/>\n<meta property=\"og:locale\" content=\"de_DE\" \/>\n<meta property=\"og:type\" content=\"article\" \/>\n<meta property=\"og:title\" content=\"Hausregeln - Spoedposten HuisartsenZorg Twente - Deutsch\" \/>\n<meta property=\"og:description\" content=\"Aufnahme in den \u00c4rztlichen Notdienst Wir m\u00f6chten Sie in der medizinischen Station willkommen hei\u00dfen. F\u00fcr die Sicherheit und den Komfort aller haben wir eine Reihe von Hausregeln. Wir behandeln uns gerne mit Respekt und erwarten dasselbe von unseren Besuchern und Patienten. Wenn Sie das Gef\u00fchl haben, nicht respektvoll behandelt zu werden, ist es am besten, [&hellip;]\" \/>\n<meta property=\"og:url\" content=\"https:\/\/spoedpostenhuisartsenzorgtwente.nl\/de\/hausregeln\/\" \/>\n<meta property=\"og:site_name\" content=\"Spoedposten HuisartsenZorg Twente - Deutsch\" \/>\n<meta property=\"article:modified_time\" content=\"2026-02-19T13:58:57+00:00\" \/>\n<meta name=\"twitter:card\" content=\"summary_large_image\" \/>\n<meta name=\"twitter:label1\" content=\"Gesch\u00e4tzte Lesezeit\" \/>\n\t<meta name=\"twitter:data1\" content=\"2\u00a0Minuten\" \/>\n<script type=\"application\/ld+json\" class=\"yoast-schema-graph\">{\"@context\":\"https:\/\/schema.org\",\"@graph\":[{\"@type\":\"WebPage\",\"@id\":\"https:\/\/spoedpostenhuisartsenzorgtwente.nl\/de\/hausregeln\/\",\"url\":\"https:\/\/spoedpostenhuisartsenzorgtwente.nl\/de\/hausregeln\/\",\"name\":\"Hausregeln - Spoedposten HuisartsenZorg Twente - Deutsch\",\"isPartOf\":{\"@id\":\"https:\/\/spoedpostenhuisartsenzorgtwente.nl\/de\/#website\"},\"datePublished\":\"2026-01-09T15:09:49+00:00\",\"dateModified\":\"2026-02-19T13:58:57+00:00\",\"breadcrumb\":{\"@id\":\"https:\/\/spoedpostenhuisartsenzorgtwente.nl\/de\/hausregeln\/#breadcrumb\"},\"inLanguage\":\"de\",\"potentialAction\":[{\"@type\":\"ReadAction\",\"target\":[\"https:\/\/spoedpostenhuisartsenzorgtwente.nl\/de\/hausregeln\/\"]}]},{\"@type\":\"BreadcrumbList\",\"@id\":\"https:\/\/spoedpostenhuisartsenzorgtwente.nl\/de\/hausregeln\/#breadcrumb\",\"itemListElement\":[{\"@type\":\"ListItem\",\"position\":1,\"name\":\"Home\",\"item\":\"https:\/\/spoedpostenhuisartsenzorgtwente.nl\/de\/\"},{\"@type\":\"ListItem\",\"position\":2,\"name\":\"Hausregeln\"}]},{\"@type\":\"WebSite\",\"@id\":\"https:\/\/spoedpostenhuisartsenzorgtwente.nl\/de\/#website\",\"url\":\"https:\/\/spoedpostenhuisartsenzorgtwente.nl\/de\/\",\"name\":\"Spoedposten HuisartsenZorg Twente - Deutsch\",\"description\":\"\",\"potentialAction\":[{\"@type\":\"SearchAction\",\"target\":{\"@type\":\"EntryPoint\",\"urlTemplate\":\"https:\/\/spoedpostenhuisartsenzorgtwente.nl\/de\/?s={search_term_string}\"},\"query-input\":{\"@type\":\"PropertyValueSpecification\",\"valueRequired\":true,\"valueName\":\"search_term_string\"}}],\"inLanguage\":\"de\"}]}<\/script>\n<!-- \/ Yoast SEO plugin. -->","yoast_head_json":{"title":"Hausregeln - Spoedposten HuisartsenZorg Twente - Deutsch","robots":{"index":"index","follow":"follow","max-snippet":"max-snippet:-1","max-image-preview":"max-image-preview:large","max-video-preview":"max-video-preview:-1"},"canonical":"https:\/\/spoedpostenhuisartsenzorgtwente.nl\/de\/hausregeln\/","og_locale":"de_DE","og_type":"article","og_title":"Hausregeln - Spoedposten HuisartsenZorg Twente - Deutsch","og_description":"Aufnahme in den \u00c4rztlichen Notdienst Wir m\u00f6chten Sie in der medizinischen Station willkommen hei\u00dfen. F\u00fcr die Sicherheit und den Komfort aller haben wir eine Reihe von Hausregeln. Wir behandeln uns gerne mit Respekt und erwarten dasselbe von unseren Besuchern und Patienten. Wenn Sie das Gef\u00fchl haben, nicht respektvoll behandelt zu werden, ist es am besten, [&hellip;]","og_url":"https:\/\/spoedpostenhuisartsenzorgtwente.nl\/de\/hausregeln\/","og_site_name":"Spoedposten HuisartsenZorg Twente - Deutsch","article_modified_time":"2026-02-19T13:58:57+00:00","twitter_card":"summary_large_image","twitter_misc":{"Gesch\u00e4tzte Lesezeit":"2\u00a0Minuten"},"schema":{"@context":"https:\/\/schema.org","@graph":[{"@type":"WebPage","@id":"https:\/\/spoedpostenhuisartsenzorgtwente.nl\/de\/hausregeln\/","url":"https:\/\/spoedpostenhuisartsenzorgtwente.nl\/de\/hausregeln\/","name":"Hausregeln - Spoedposten HuisartsenZorg Twente - Deutsch","isPartOf":{"@id":"https:\/\/spoedpostenhuisartsenzorgtwente.nl\/de\/#website"},"datePublished":"2026-01-09T15:09:49+00:00","dateModified":"2026-02-19T13:58:57+00:00","breadcrumb":{"@id":"https:\/\/spoedpostenhuisartsenzorgtwente.nl\/de\/hausregeln\/#breadcrumb"},"inLanguage":"de","potentialAction":[{"@type":"ReadAction","target":["https:\/\/spoedpostenhuisartsenzorgtwente.nl\/de\/hausregeln\/"]}]},{"@type":"BreadcrumbList","@id":"https:\/\/spoedpostenhuisartsenzorgtwente.nl\/de\/hausregeln\/#breadcrumb","itemListElement":[{"@type":"ListItem","position":1,"name":"Home","item":"https:\/\/spoedpostenhuisartsenzorgtwente.nl\/de\/"},{"@type":"ListItem","position":2,"name":"Hausregeln"}]},{"@type":"WebSite","@id":"https:\/\/spoedpostenhuisartsenzorgtwente.nl\/de\/#website","url":"https:\/\/spoedpostenhuisartsenzorgtwente.nl\/de\/","name":"Spoedposten HuisartsenZorg Twente - Deutsch","description":"","potentialAction":[{"@type":"SearchAction","target":{"@type":"EntryPoint","urlTemplate":"https:\/\/spoedpostenhuisartsenzorgtwente.nl\/de\/?s={search_term_string}"},"query-input":{"@type":"PropertyValueSpecification","valueRequired":true,"valueName":"search_term_string"}}],"inLanguage":"de"}]}},"_links":{"self":[{"href":"https:\/\/spoedpostenhuisartsenzorgtwente.nl\/de\/wp-json\/wp\/v2\/pages\/54611","targetHints":{"allow":["GET"]}}],"collection":[{"href":"https:\/\/spoedpostenhuisartsenzorgtwente.nl\/de\/wp-json\/wp\/v2\/pages"}],"about":[{"href":"https:\/\/spoedpostenhuisartsenzorgtwente.nl\/de\/wp-json\/wp\/v2\/types\/page"}],"author":[{"embeddable":true,"href":"https:\/\/spoedpostenhuisartsenzorgtwente.nl\/de\/wp-json\/wp\/v2\/users\/3"}],"replies":[{"embeddable":true,"href":"https:\/\/spoedpostenhuisartsenzorgtwente.nl\/de\/wp-json\/wp\/v2\/comments?post=54611"}],"version-history":[{"count":3,"href":"https:\/\/spoedpostenhuisartsenzorgtwente.nl\/de\/wp-json\/wp\/v2\/pages\/54611\/revisions"}],"predecessor-version":[{"id":54688,"href":"https:\/\/spoedpostenhuisartsenzorgtwente.nl\/de\/wp-json\/wp\/v2\/pages\/54611\/revisions\/54688"}],"wp:attachment":[{"href":"https:\/\/spoedpostenhuisartsenzorgtwente.nl\/de\/wp-json\/wp\/v2\/media?parent=54611"}],"curies":[{"name":"wp","href":"https:\/\/api.w.org\/{rel}","templated":true}]}}