{"id":54615,"date":"2026-01-09T16:17:51","date_gmt":"2026-01-09T15:17:51","guid":{"rendered":"https:\/\/sht.mindd.dev\/?page_id=54615"},"modified":"2026-02-19T14:58:55","modified_gmt":"2026-02-19T13:58:55","slug":"karrieren","status":"publish","type":"page","link":"https:\/\/spoedpostenhuisartsenzorgtwente.nl\/de\/karrieren\/","title":{"rendered":"Arbeit bei"},"content":{"rendered":"\n<p>Die Notfallstationen Huisartsenzorg Twente, zu denen die drei GP-Notrufstationen geh\u00f6ren, geh\u00f6ren zum Huisartsenzorg Twente. Diese Prim\u00e4rversorgungsorganisation erm\u00f6glicht viele Aufgaben f\u00fcr Haus\u00e4rzte in der Region Twente \u2013 wir helfen dabei, die Allgemeinmedizin zu erm\u00f6glichen und voranzubringen.<\/p>\n\n\n\n<p>Die Triage-Pflegekr\u00e4fte, die an den HAP-Standorten in Almelo, Enschede und Hengelo arbeiten, sind bei der Stiftung Twente General Practitioner Care Emergency Posts besch\u00e4ftigt. Die Mitarbeiter in den B\u00fcros von Huisartsenzorg Twente arbeiten von den B\u00fcrostandorten in Almelo oder Hengelo.<\/p>\n\n\n\n<h2 class=\"wp-block-heading\">Vakanzstellen<\/h2>\n\n\n\n<p>Wenn Sie daran interessiert sind, an einer unserer Notaufnahmen f\u00fcr Haus\u00e4rzte zu arbeiten, besuchen Sie bitte: <a href=\"http:\/\/www.zorgselect.nl\">www.zorgselect.nl<\/a> oder <a href=\"http:\/\/www.huisartsenzorgtwente.nl\">www.huisartsenzorgtwente.nl<\/a><\/p>\n","protected":false},"excerpt":{"rendered":"<p>Die Notfallstationen Huisartsenzorg Twente, zu denen die drei GP-Notrufstationen geh\u00f6ren, geh\u00f6ren zum Huisartsenzorg Twente. Diese Prim\u00e4rversorgungsorganisation erm\u00f6glicht viele Aufgaben f\u00fcr Haus\u00e4rzte in der Region Twente \u2013 wir helfen dabei, die Allgemeinmedizin zu erm\u00f6glichen und voranzubringen. Die Triage-Pflegekr\u00e4fte, die an den HAP-Standorten in Almelo, Enschede und Hengelo arbeiten, sind bei der Stiftung Twente General Practitioner Care [&hellip;]<\/p>\n","protected":false},"author":3,"featured_media":0,"parent":0,"menu_order":0,"comment_status":"closed","ping_status":"closed","template":"","meta":{"_acf_changed":false,"_trash_the_other_posts":false,"editor_notices":[],"footnotes":""},"class_list":["post-54615","page","type-page","status-publish","hentry"],"acf":[],"yoast_head":"<!-- This site is optimized with the Yoast SEO plugin v26.6 - https:\/\/yoast.com\/wordpress\/plugins\/seo\/ -->\n<title>Arbeit bei - Spoedposten HuisartsenZorg Twente - Deutsch<\/title>\n<meta name=\"robots\" content=\"index, follow, max-snippet:-1, max-image-preview:large, max-video-preview:-1\" \/>\n<link rel=\"canonical\" href=\"https:\/\/spoedpostenhuisartsenzorgtwente.nl\/de\/karrieren\/\" \/>\n<meta property=\"og:locale\" content=\"de_DE\" \/>\n<meta property=\"og:type\" content=\"article\" \/>\n<meta property=\"og:title\" content=\"Arbeit bei - Spoedposten HuisartsenZorg Twente - Deutsch\" \/>\n<meta property=\"og:description\" content=\"Die Notfallstationen Huisartsenzorg Twente, zu denen die drei GP-Notrufstationen geh\u00f6ren, geh\u00f6ren zum Huisartsenzorg Twente. Diese Prim\u00e4rversorgungsorganisation erm\u00f6glicht viele Aufgaben f\u00fcr Haus\u00e4rzte in der Region Twente \u2013 wir helfen dabei, die Allgemeinmedizin zu erm\u00f6glichen und voranzubringen. Die Triage-Pflegekr\u00e4fte, die an den HAP-Standorten in Almelo, Enschede und Hengelo arbeiten, sind bei der Stiftung Twente General Practitioner Care [&hellip;]\" \/>\n<meta property=\"og:url\" content=\"https:\/\/spoedpostenhuisartsenzorgtwente.nl\/de\/karrieren\/\" \/>\n<meta property=\"og:site_name\" content=\"Spoedposten HuisartsenZorg Twente - Deutsch\" \/>\n<meta property=\"article:modified_time\" content=\"2026-02-19T13:58:55+00:00\" \/>\n<meta name=\"twitter:card\" content=\"summary_large_image\" \/>\n<meta name=\"twitter:label1\" content=\"Gesch\u00e4tzte Lesezeit\" \/>\n\t<meta name=\"twitter:data1\" content=\"1\u00a0Minute\" \/>\n<script type=\"application\/ld+json\" class=\"yoast-schema-graph\">{\"@context\":\"https:\/\/schema.org\",\"@graph\":[{\"@type\":\"WebPage\",\"@id\":\"https:\/\/spoedpostenhuisartsenzorgtwente.nl\/de\/karrieren\/\",\"url\":\"https:\/\/spoedpostenhuisartsenzorgtwente.nl\/de\/karrieren\/\",\"name\":\"Arbeit bei - Spoedposten HuisartsenZorg Twente - Deutsch\",\"isPartOf\":{\"@id\":\"https:\/\/spoedpostenhuisartsenzorgtwente.nl\/de\/#website\"},\"datePublished\":\"2026-01-09T15:17:51+00:00\",\"dateModified\":\"2026-02-19T13:58:55+00:00\",\"breadcrumb\":{\"@id\":\"https:\/\/spoedpostenhuisartsenzorgtwente.nl\/de\/karrieren\/#breadcrumb\"},\"inLanguage\":\"de\",\"potentialAction\":[{\"@type\":\"ReadAction\",\"target\":[\"https:\/\/spoedpostenhuisartsenzorgtwente.nl\/de\/karrieren\/\"]}]},{\"@type\":\"BreadcrumbList\",\"@id\":\"https:\/\/spoedpostenhuisartsenzorgtwente.nl\/de\/karrieren\/#breadcrumb\",\"itemListElement\":[{\"@type\":\"ListItem\",\"position\":1,\"name\":\"Home\",\"item\":\"https:\/\/spoedpostenhuisartsenzorgtwente.nl\/de\/\"},{\"@type\":\"ListItem\",\"position\":2,\"name\":\"Arbeit bei\"}]},{\"@type\":\"WebSite\",\"@id\":\"https:\/\/spoedpostenhuisartsenzorgtwente.nl\/de\/#website\",\"url\":\"https:\/\/spoedpostenhuisartsenzorgtwente.nl\/de\/\",\"name\":\"Spoedposten HuisartsenZorg Twente - Deutsch\",\"description\":\"\",\"potentialAction\":[{\"@type\":\"SearchAction\",\"target\":{\"@type\":\"EntryPoint\",\"urlTemplate\":\"https:\/\/spoedpostenhuisartsenzorgtwente.nl\/de\/?s={search_term_string}\"},\"query-input\":{\"@type\":\"PropertyValueSpecification\",\"valueRequired\":true,\"valueName\":\"search_term_string\"}}],\"inLanguage\":\"de\"}]}<\/script>\n<!-- \/ Yoast SEO plugin. -->","yoast_head_json":{"title":"Arbeit bei - Spoedposten HuisartsenZorg Twente - Deutsch","robots":{"index":"index","follow":"follow","max-snippet":"max-snippet:-1","max-image-preview":"max-image-preview:large","max-video-preview":"max-video-preview:-1"},"canonical":"https:\/\/spoedpostenhuisartsenzorgtwente.nl\/de\/karrieren\/","og_locale":"de_DE","og_type":"article","og_title":"Arbeit bei - Spoedposten HuisartsenZorg Twente - Deutsch","og_description":"Die Notfallstationen Huisartsenzorg Twente, zu denen die drei GP-Notrufstationen geh\u00f6ren, geh\u00f6ren zum Huisartsenzorg Twente. Diese Prim\u00e4rversorgungsorganisation erm\u00f6glicht viele Aufgaben f\u00fcr Haus\u00e4rzte in der Region Twente \u2013 wir helfen dabei, die Allgemeinmedizin zu erm\u00f6glichen und voranzubringen. Die Triage-Pflegekr\u00e4fte, die an den HAP-Standorten in Almelo, Enschede und Hengelo arbeiten, sind bei der Stiftung Twente General Practitioner Care [&hellip;]","og_url":"https:\/\/spoedpostenhuisartsenzorgtwente.nl\/de\/karrieren\/","og_site_name":"Spoedposten HuisartsenZorg Twente - Deutsch","article_modified_time":"2026-02-19T13:58:55+00:00","twitter_card":"summary_large_image","twitter_misc":{"Gesch\u00e4tzte Lesezeit":"1\u00a0Minute"},"schema":{"@context":"https:\/\/schema.org","@graph":[{"@type":"WebPage","@id":"https:\/\/spoedpostenhuisartsenzorgtwente.nl\/de\/karrieren\/","url":"https:\/\/spoedpostenhuisartsenzorgtwente.nl\/de\/karrieren\/","name":"Arbeit bei - Spoedposten HuisartsenZorg Twente - Deutsch","isPartOf":{"@id":"https:\/\/spoedpostenhuisartsenzorgtwente.nl\/de\/#website"},"datePublished":"2026-01-09T15:17:51+00:00","dateModified":"2026-02-19T13:58:55+00:00","breadcrumb":{"@id":"https:\/\/spoedpostenhuisartsenzorgtwente.nl\/de\/karrieren\/#breadcrumb"},"inLanguage":"de","potentialAction":[{"@type":"ReadAction","target":["https:\/\/spoedpostenhuisartsenzorgtwente.nl\/de\/karrieren\/"]}]},{"@type":"BreadcrumbList","@id":"https:\/\/spoedpostenhuisartsenzorgtwente.nl\/de\/karrieren\/#breadcrumb","itemListElement":[{"@type":"ListItem","position":1,"name":"Home","item":"https:\/\/spoedpostenhuisartsenzorgtwente.nl\/de\/"},{"@type":"ListItem","position":2,"name":"Arbeit bei"}]},{"@type":"WebSite","@id":"https:\/\/spoedpostenhuisartsenzorgtwente.nl\/de\/#website","url":"https:\/\/spoedpostenhuisartsenzorgtwente.nl\/de\/","name":"Spoedposten HuisartsenZorg Twente - Deutsch","description":"","potentialAction":[{"@type":"SearchAction","target":{"@type":"EntryPoint","urlTemplate":"https:\/\/spoedpostenhuisartsenzorgtwente.nl\/de\/?s={search_term_string}"},"query-input":{"@type":"PropertyValueSpecification","valueRequired":true,"valueName":"search_term_string"}}],"inLanguage":"de"}]}},"_links":{"self":[{"href":"https:\/\/spoedpostenhuisartsenzorgtwente.nl\/de\/wp-json\/wp\/v2\/pages\/54615","targetHints":{"allow":["GET"]}}],"collection":[{"href":"https:\/\/spoedpostenhuisartsenzorgtwente.nl\/de\/wp-json\/wp\/v2\/pages"}],"about":[{"href":"https:\/\/spoedpostenhuisartsenzorgtwente.nl\/de\/wp-json\/wp\/v2\/types\/page"}],"author":[{"embeddable":true,"href":"https:\/\/spoedpostenhuisartsenzorgtwente.nl\/de\/wp-json\/wp\/v2\/users\/3"}],"replies":[{"embeddable":true,"href":"https:\/\/spoedpostenhuisartsenzorgtwente.nl\/de\/wp-json\/wp\/v2\/comments?post=54615"}],"version-history":[{"count":3,"href":"https:\/\/spoedpostenhuisartsenzorgtwente.nl\/de\/wp-json\/wp\/v2\/pages\/54615\/revisions"}],"predecessor-version":[{"id":54687,"href":"https:\/\/spoedpostenhuisartsenzorgtwente.nl\/de\/wp-json\/wp\/v2\/pages\/54615\/revisions\/54687"}],"wp:attachment":[{"href":"https:\/\/spoedpostenhuisartsenzorgtwente.nl\/de\/wp-json\/wp\/v2\/media?parent=54615"}],"curies":[{"name":"wp","href":"https:\/\/api.w.org\/{rel}","templated":true}]}}