{"id":54617,"date":"2026-01-09T16:18:58","date_gmt":"2026-01-09T15:18:58","guid":{"rendered":"https:\/\/sht.mindd.dev\/?page_id=54617"},"modified":"2026-02-19T14:58:53","modified_gmt":"2026-02-19T13:58:53","slug":"gp-care-twente","status":"publish","type":"page","link":"https:\/\/spoedpostenhuisartsenzorgtwente.nl\/de\/gp-care-twente\/","title":{"rendered":"Allgemeinmedizinerpflege Twente"},"content":{"rendered":"\n<p>Die Notaufnahmen der Haus\u00e4rzte fallen unter den Huisartsenzorg Twente. Diese Prim\u00e4rversorgungsorganisation erm\u00f6glicht viele Aufgaben f\u00fcr Haus\u00e4rzte in der Region Twente \u2013 wir helfen dabei, die Allgemeinmedizin zu erm\u00f6glichen und voranzubringen.<\/p>\n\n\n\n<p>Neugierig auf Huisartsenzorg Twente? F\u00fcr weitere Informationen besuchen <a href=\"http:\/\/www.huisartsenzorgtwente.nl\">Sie www.huisartsenzorgtwente.nl<\/a> &nbsp;<\/p>\n","protected":false},"excerpt":{"rendered":"<p>Die Notaufnahmen der Haus\u00e4rzte fallen unter den Huisartsenzorg Twente. Diese Prim\u00e4rversorgungsorganisation erm\u00f6glicht viele Aufgaben f\u00fcr Haus\u00e4rzte in der Region Twente \u2013 wir helfen dabei, die Allgemeinmedizin zu erm\u00f6glichen und voranzubringen. Neugierig auf Huisartsenzorg Twente? F\u00fcr weitere Informationen besuchen Sie www.huisartsenzorgtwente.nl &nbsp;<\/p>\n","protected":false},"author":3,"featured_media":0,"parent":0,"menu_order":0,"comment_status":"closed","ping_status":"closed","template":"","meta":{"_acf_changed":false,"_trash_the_other_posts":false,"editor_notices":[],"footnotes":""},"class_list":["post-54617","page","type-page","status-publish","hentry"],"acf":[],"yoast_head":"<!-- This site is optimized with the Yoast SEO plugin v26.6 - https:\/\/yoast.com\/wordpress\/plugins\/seo\/ -->\n<title>Allgemeinmedizinerpflege Twente - Spoedposten HuisartsenZorg Twente - Deutsch<\/title>\n<meta name=\"robots\" content=\"index, follow, max-snippet:-1, max-image-preview:large, max-video-preview:-1\" \/>\n<link rel=\"canonical\" href=\"https:\/\/spoedpostenhuisartsenzorgtwente.nl\/de\/gp-care-twente\/\" \/>\n<meta property=\"og:locale\" content=\"de_DE\" \/>\n<meta property=\"og:type\" content=\"article\" \/>\n<meta property=\"og:title\" content=\"Allgemeinmedizinerpflege Twente - Spoedposten HuisartsenZorg Twente - Deutsch\" \/>\n<meta property=\"og:description\" content=\"Die Notaufnahmen der Haus\u00e4rzte fallen unter den Huisartsenzorg Twente. Diese Prim\u00e4rversorgungsorganisation erm\u00f6glicht viele Aufgaben f\u00fcr Haus\u00e4rzte in der Region Twente \u2013 wir helfen dabei, die Allgemeinmedizin zu erm\u00f6glichen und voranzubringen. Neugierig auf Huisartsenzorg Twente? F\u00fcr weitere Informationen besuchen Sie www.huisartsenzorgtwente.nl &nbsp;\" \/>\n<meta property=\"og:url\" content=\"https:\/\/spoedpostenhuisartsenzorgtwente.nl\/de\/gp-care-twente\/\" \/>\n<meta property=\"og:site_name\" content=\"Spoedposten HuisartsenZorg Twente - Deutsch\" \/>\n<meta property=\"article:modified_time\" content=\"2026-02-19T13:58:53+00:00\" \/>\n<meta name=\"twitter:card\" content=\"summary_large_image\" \/>\n<meta name=\"twitter:label1\" content=\"Gesch\u00e4tzte Lesezeit\" \/>\n\t<meta name=\"twitter:data1\" content=\"1\u00a0Minute\" \/>\n<script type=\"application\/ld+json\" class=\"yoast-schema-graph\">{\"@context\":\"https:\/\/schema.org\",\"@graph\":[{\"@type\":\"WebPage\",\"@id\":\"https:\/\/spoedpostenhuisartsenzorgtwente.nl\/de\/gp-care-twente\/\",\"url\":\"https:\/\/spoedpostenhuisartsenzorgtwente.nl\/de\/gp-care-twente\/\",\"name\":\"Allgemeinmedizinerpflege Twente - Spoedposten HuisartsenZorg Twente - Deutsch\",\"isPartOf\":{\"@id\":\"https:\/\/spoedpostenhuisartsenzorgtwente.nl\/de\/#website\"},\"datePublished\":\"2026-01-09T15:18:58+00:00\",\"dateModified\":\"2026-02-19T13:58:53+00:00\",\"breadcrumb\":{\"@id\":\"https:\/\/spoedpostenhuisartsenzorgtwente.nl\/de\/gp-care-twente\/#breadcrumb\"},\"inLanguage\":\"de\",\"potentialAction\":[{\"@type\":\"ReadAction\",\"target\":[\"https:\/\/spoedpostenhuisartsenzorgtwente.nl\/de\/gp-care-twente\/\"]}]},{\"@type\":\"BreadcrumbList\",\"@id\":\"https:\/\/spoedpostenhuisartsenzorgtwente.nl\/de\/gp-care-twente\/#breadcrumb\",\"itemListElement\":[{\"@type\":\"ListItem\",\"position\":1,\"name\":\"Home\",\"item\":\"https:\/\/spoedpostenhuisartsenzorgtwente.nl\/de\/\"},{\"@type\":\"ListItem\",\"position\":2,\"name\":\"Allgemeinmedizinerpflege Twente\"}]},{\"@type\":\"WebSite\",\"@id\":\"https:\/\/spoedpostenhuisartsenzorgtwente.nl\/de\/#website\",\"url\":\"https:\/\/spoedpostenhuisartsenzorgtwente.nl\/de\/\",\"name\":\"Spoedposten HuisartsenZorg Twente - Deutsch\",\"description\":\"\",\"potentialAction\":[{\"@type\":\"SearchAction\",\"target\":{\"@type\":\"EntryPoint\",\"urlTemplate\":\"https:\/\/spoedpostenhuisartsenzorgtwente.nl\/de\/?s={search_term_string}\"},\"query-input\":{\"@type\":\"PropertyValueSpecification\",\"valueRequired\":true,\"valueName\":\"search_term_string\"}}],\"inLanguage\":\"de\"}]}<\/script>\n<!-- \/ Yoast SEO plugin. -->","yoast_head_json":{"title":"Allgemeinmedizinerpflege Twente - Spoedposten HuisartsenZorg Twente - Deutsch","robots":{"index":"index","follow":"follow","max-snippet":"max-snippet:-1","max-image-preview":"max-image-preview:large","max-video-preview":"max-video-preview:-1"},"canonical":"https:\/\/spoedpostenhuisartsenzorgtwente.nl\/de\/gp-care-twente\/","og_locale":"de_DE","og_type":"article","og_title":"Allgemeinmedizinerpflege Twente - Spoedposten HuisartsenZorg Twente - Deutsch","og_description":"Die Notaufnahmen der Haus\u00e4rzte fallen unter den Huisartsenzorg Twente. Diese Prim\u00e4rversorgungsorganisation erm\u00f6glicht viele Aufgaben f\u00fcr Haus\u00e4rzte in der Region Twente \u2013 wir helfen dabei, die Allgemeinmedizin zu erm\u00f6glichen und voranzubringen. Neugierig auf Huisartsenzorg Twente? F\u00fcr weitere Informationen besuchen Sie www.huisartsenzorgtwente.nl &nbsp;","og_url":"https:\/\/spoedpostenhuisartsenzorgtwente.nl\/de\/gp-care-twente\/","og_site_name":"Spoedposten HuisartsenZorg Twente - Deutsch","article_modified_time":"2026-02-19T13:58:53+00:00","twitter_card":"summary_large_image","twitter_misc":{"Gesch\u00e4tzte Lesezeit":"1\u00a0Minute"},"schema":{"@context":"https:\/\/schema.org","@graph":[{"@type":"WebPage","@id":"https:\/\/spoedpostenhuisartsenzorgtwente.nl\/de\/gp-care-twente\/","url":"https:\/\/spoedpostenhuisartsenzorgtwente.nl\/de\/gp-care-twente\/","name":"Allgemeinmedizinerpflege Twente - Spoedposten HuisartsenZorg Twente - Deutsch","isPartOf":{"@id":"https:\/\/spoedpostenhuisartsenzorgtwente.nl\/de\/#website"},"datePublished":"2026-01-09T15:18:58+00:00","dateModified":"2026-02-19T13:58:53+00:00","breadcrumb":{"@id":"https:\/\/spoedpostenhuisartsenzorgtwente.nl\/de\/gp-care-twente\/#breadcrumb"},"inLanguage":"de","potentialAction":[{"@type":"ReadAction","target":["https:\/\/spoedpostenhuisartsenzorgtwente.nl\/de\/gp-care-twente\/"]}]},{"@type":"BreadcrumbList","@id":"https:\/\/spoedpostenhuisartsenzorgtwente.nl\/de\/gp-care-twente\/#breadcrumb","itemListElement":[{"@type":"ListItem","position":1,"name":"Home","item":"https:\/\/spoedpostenhuisartsenzorgtwente.nl\/de\/"},{"@type":"ListItem","position":2,"name":"Allgemeinmedizinerpflege Twente"}]},{"@type":"WebSite","@id":"https:\/\/spoedpostenhuisartsenzorgtwente.nl\/de\/#website","url":"https:\/\/spoedpostenhuisartsenzorgtwente.nl\/de\/","name":"Spoedposten HuisartsenZorg Twente - Deutsch","description":"","potentialAction":[{"@type":"SearchAction","target":{"@type":"EntryPoint","urlTemplate":"https:\/\/spoedpostenhuisartsenzorgtwente.nl\/de\/?s={search_term_string}"},"query-input":{"@type":"PropertyValueSpecification","valueRequired":true,"valueName":"search_term_string"}}],"inLanguage":"de"}]}},"_links":{"self":[{"href":"https:\/\/spoedpostenhuisartsenzorgtwente.nl\/de\/wp-json\/wp\/v2\/pages\/54617","targetHints":{"allow":["GET"]}}],"collection":[{"href":"https:\/\/spoedpostenhuisartsenzorgtwente.nl\/de\/wp-json\/wp\/v2\/pages"}],"about":[{"href":"https:\/\/spoedpostenhuisartsenzorgtwente.nl\/de\/wp-json\/wp\/v2\/types\/page"}],"author":[{"embeddable":true,"href":"https:\/\/spoedpostenhuisartsenzorgtwente.nl\/de\/wp-json\/wp\/v2\/users\/3"}],"replies":[{"embeddable":true,"href":"https:\/\/spoedpostenhuisartsenzorgtwente.nl\/de\/wp-json\/wp\/v2\/comments?post=54617"}],"version-history":[{"count":2,"href":"https:\/\/spoedpostenhuisartsenzorgtwente.nl\/de\/wp-json\/wp\/v2\/pages\/54617\/revisions"}],"predecessor-version":[{"id":54686,"href":"https:\/\/spoedpostenhuisartsenzorgtwente.nl\/de\/wp-json\/wp\/v2\/pages\/54617\/revisions\/54686"}],"wp:attachment":[{"href":"https:\/\/spoedpostenhuisartsenzorgtwente.nl\/de\/wp-json\/wp\/v2\/media?parent=54617"}],"curies":[{"name":"wp","href":"https:\/\/api.w.org\/{rel}","templated":true}]}}