{"id":54516,"date":"2026-01-09T13:42:26","date_gmt":"2026-01-09T12:42:26","guid":{"rendered":"https:\/\/sht.mindd.dev\/?page_id=54516"},"modified":"2026-02-19T15:00:00","modified_gmt":"2026-02-19T14:00:00","slug":"tak-dziala-punkt-ratunkowy-lekarza-rodzinnego","status":"publish","type":"page","link":"https:\/\/spoedpostenhuisartsenzorgtwente.nl\/pl\/tak-dziala-punkt-ratunkowy-lekarza-rodzinnego\/","title":{"rendered":"Tak dzia\u0142a stacja lekarska lekarza rodzinnego"},"content":{"rendered":"\n<div class=\"wp-block-group is-layout-constrained wp-block-group-is-layout-constrained\">\n<h2 class=\"wp-block-heading\">Jak dzia\u0142a stacja lekarska u lekarza rodzinnego?<\/h2>\n\n\n\n<h2 class=\"wp-block-heading\" style=\"font-size:16px\">1. Najpierw przejd\u017a przez pytania (Czy musz\u0119 i\u015b\u0107 do lekarza?)<\/h2>\n\n\n\n<p>Stacja lekarska jest dost\u0119pna dla skarg, kt\u00f3re nie mog\u0105 czeka\u0107 do nast\u0119pnego dnia roboczego. Aby szybko uzyska\u0107 odpowiedni\u0105 pomoc, mo\u017cesz przejrze\u0107 poni\u017cszy kwestionariusz. Dzi\u0119ki temu od razu b\u0119dziesz wiedzia\u0142, czy konieczne jest kontaktowanie si\u0119 z nami. Je\u015bli kwestionariusz poka\u017ce, \u017ce musisz si\u0119 z nami skontaktowa\u0107, mo\u017cesz zosta\u0107 bezpo\u015brednio po\u0142\u0105czony z piel\u0119gniark\u0105 triage, kt\u00f3ra ma Twoje dane z ankiety.<\/p>\n\n\n            <div id=\"mindd_widget_embedded_ef8b3b03-baa5-4aef-90a5-a9edfc4526c2\" class=\"mindd-widget\" data-apikey=\"rmh4LQR45yHgviMOSAraQkjAeeTiSPhB\" data-language=\"PL\" data-showwelcometext=\"true\" data-type=\"widget\" >\n            Start vragenlijst        <\/div>\n    <\/div>\n\n\n\n<div class=\"wp-block-group is-layout-constrained wp-block-group-is-layout-constrained\">\n<h2 class=\"wp-block-heading\" style=\"font-size:16px\">2. Wezwanie stacji medycznej<\/h2>\n\n\n\n<p>Dzwonisz do stacji medycznej? <strong>W potencjalnie zagra\u017caj\u0105cej \u017cyciu sytuacji wybierz 1.<\/strong><\/p>\n\n\n\n<p>Miej przygotowane nast\u0119puj\u0105ce informacje:<\/p>\n\n\n\n<ul class=\"wp-block-list\">\n<li>numer s\u0142u\u017cby obywatelskiej (BSN); Jest to na twoim dokumencie to\u017csamo\u015bci (paszport, dow\u00f3d osobisty lub prawo jazdy) i ma 9 cyfr<\/li>\n\n\n\n<li>Data urodzenia, adres i numer telefonu<\/li>\n\n\n\n<li>Nazwa Twojego lekarza rodzinnego lub praktyki<\/li>\n<\/ul>\n\n\n\n<p>Przez telefon mo\u017cesz zosta\u0107 r\u00f3wnie\u017c zapytany o:<\/p>\n\n\n\n<ul class=\"wp-block-list\">\n<li>Twoja historia medyczna (w zakresie zwi\u0105zku z twoj\u0105 pro\u015bb\u0105 o pomoc)<\/li>\n\n\n\n<li>Leki, kt\u00f3re mo\u017cesz przyjmowa\u0107<\/li>\n<\/ul>\n\n\n\n<p>Stacja medyczna lekarza rodzinnego mo\u017ce przegl\u0105da\u0107 podsumowanie dokumentacji medycznej Twojego lekarza oraz przegl\u0105d Twoich lek\u00f3w za po\u015brednictwem Krajowego Punktu Wymiany (LSP), ale tylko je\u015bli wcze\u015bniej wyrazi\u0142e\u015b na to zgod\u0119. Mo\u017cesz uzyska\u0107 to pozwolenie przez &nbsp;<a href=\"http:\/\/www.volgjezorg.nl\">www.volgjezorg.nl<\/a> lub bezpo\u015brednio u swojego lekarza rodzinnego lub apteki.<\/p>\n\n\n\n<p>Dzwonisz do kogo\u015b innego? Je\u015bli to mo\u017cliwe, niech pacjent sam kontaktuje si\u0119 ze stacj\u0105 medyczn\u0105. Czy to niemo\u017cliwe? Nast\u0119pnie podaj wszystkie dane dotycz\u0105ce osoby, kt\u00f3ra potrzebuje pomocy. Upewnij si\u0119 te\u017c, \u017ce jeste\u015b blisko pacjenta, gdy dzwonisz. Nast\u0119pnie mo\u017cesz opisa\u0107 objawy tak dobrze, jak to mo\u017cliwe. Cz\u0119sto piel\u0119gniarka triage (asystentka lekarza) r\u00f3wnie\u017c sama chce zada\u0107 pacjentowi kilka pyta\u0144.<\/p>\n<\/div>\n\n\n\n<div class=\"wp-block-group is-layout-constrained wp-block-group-is-layout-constrained\">\n<h2 class=\"wp-block-heading\" style=\"font-size:16px\">3. Czego mo\u017cesz si\u0119 spodziewa\u0107?<\/h2>\n\n\n\n<p>Gdy dzwonisz lub kontaktujesz si\u0119 przez pro\u015bb\u0119 kontaktow\u0105, otrzymasz przez telefon piel\u0119gniark\u0119 triage. Piel\u0119gniarka triage posiada rozleg\u0142\u0105 wiedz\u0119 medyczn\u0105 i jest specjalnie przeszkolona, aby szybko oceni\u0107, jak powa\u017cne s\u0105 Twoje objawy i co jest potrzebne. W razie potrzeby odbywa si\u0119 to w konsultacji z lekarzem rodzinnym pe\u0142ni\u0105cym dy\u017cur w stacji medycznej. Dost\u0119pne s\u0105 nast\u0119puj\u0105ce opcje:<\/p>\n\n\n\n<ul class=\"wp-block-list\">\n<li>Porady telefoniczne: otrzymasz wyja\u015bnienie i porady telefoniczne od piel\u0119gniarki triage (zostanie to p\u00f3\u017aniej sprawdzone przez lekarza rodzinnego).<\/li>\n\n\n\n<li>Konsultacja: piel\u0119gniarka triage um\u00f3wi wizyt\u0119 w ambulancie lekarza rodzinnego. Tam zbada Ci\u0119 lekarz rodzinny, lekarz rodzinny lub specjalista piel\u0119gniarstwa\/asystent lekarza.<\/li>\n\n\n\n<li>Konsultacja telefoniczna: piel\u0119gniarka triage i\/lub lekarz rodzinny po\u0142\u0105cz\u0105 si\u0119 z Tob\u0105 przez wideo. Otrzymasz link do nawi\u0105zania po\u0142\u0105czenia za pomoc\u0105 wiadomo\u015bci tekstowej. To nazywa si\u0119 konsultacj\u0105 wideorozmow\u0105. Lekarz rodzinny mo\u017ce te\u017c oddzwoni\u0107 telefonicznie.<\/li>\n\n\n\n<li>Wizyta: lekarz rodzinny odwiedzi Ci\u0119 (z specjalnie wyposa\u017conym oficjalnym samochodem i kierowc\u0105). Kierowcy s\u0105 specjalnie przeszkoleni do tej pracy i mog\u0105 pomaga\u0107 lekarzowi rodzinnym w nag\u0142ych wypadkach. Wizyta jest mo\u017cliwa tylko wtedy, gdy nie mo\u017cesz przyj\u015b\u0107 do punktu medycznego z powod\u00f3w medycznych.<\/li>\n<\/ul>\n<\/div>\n","protected":false},"excerpt":{"rendered":"<p>Jak dzia\u0142a stacja lekarska u lekarza rodzinnego? 1. Najpierw przejd\u017a przez pytania (Czy musz\u0119 i\u015b\u0107 do lekarza?) Stacja lekarska jest dost\u0119pna dla skarg, kt\u00f3re nie mog\u0105 czeka\u0107 do nast\u0119pnego dnia roboczego. Aby szybko uzyska\u0107 odpowiedni\u0105 pomoc, mo\u017cesz przejrze\u0107 poni\u017cszy kwestionariusz. Dzi\u0119ki temu od razu b\u0119dziesz wiedzia\u0142, czy konieczne jest kontaktowanie si\u0119 z nami. Je\u015bli kwestionariusz [&hellip;]<\/p>\n","protected":false},"author":3,"featured_media":0,"parent":0,"menu_order":0,"comment_status":"closed","ping_status":"closed","template":"","meta":{"_acf_changed":false,"_trash_the_other_posts":false,"editor_notices":[],"footnotes":""},"class_list":["post-54516","page","type-page","status-publish","hentry"],"acf":[],"yoast_head":"<!-- This site is optimized with the Yoast SEO plugin v26.6 - https:\/\/yoast.com\/wordpress\/plugins\/seo\/ -->\n<title>Tak dzia\u0142a stacja lekarska lekarza rodzinnego - Spoedposten HuisartsenZorg Twente - Polski<\/title>\n<meta name=\"robots\" content=\"index, follow, max-snippet:-1, max-image-preview:large, max-video-preview:-1\" \/>\n<link rel=\"canonical\" href=\"https:\/\/spoedpostenhuisartsenzorgtwente.nl\/pl\/zo-werkt-de-huisartsenspoedpost\/\" \/>\n<meta property=\"og:locale\" content=\"pl_PL\" \/>\n<meta property=\"og:type\" content=\"article\" \/>\n<meta property=\"og:title\" content=\"Tak dzia\u0142a stacja lekarska lekarza rodzinnego - Spoedposten HuisartsenZorg Twente - Polski\" \/>\n<meta property=\"og:description\" content=\"Jak dzia\u0142a stacja lekarska u lekarza rodzinnego? 1. Najpierw przejd\u017a przez pytania (Czy musz\u0119 i\u015b\u0107 do lekarza?) Stacja lekarska jest dost\u0119pna dla skarg, kt\u00f3re nie mog\u0105 czeka\u0107 do nast\u0119pnego dnia roboczego. Aby szybko uzyska\u0107 odpowiedni\u0105 pomoc, mo\u017cesz przejrze\u0107 poni\u017cszy kwestionariusz. Dzi\u0119ki temu od razu b\u0119dziesz wiedzia\u0142, czy konieczne jest kontaktowanie si\u0119 z nami. Je\u015bli kwestionariusz [&hellip;]\" \/>\n<meta property=\"og:url\" content=\"https:\/\/spoedpostenhuisartsenzorgtwente.nl\/pl\/zo-werkt-de-huisartsenspoedpost\/\" \/>\n<meta property=\"og:site_name\" content=\"Spoedposten HuisartsenZorg Twente - Polski\" \/>\n<meta property=\"article:modified_time\" content=\"2026-02-19T14:00:00+00:00\" \/>\n<meta name=\"twitter:card\" content=\"summary_large_image\" \/>\n<meta name=\"twitter:label1\" content=\"Szacowany czas czytania\" \/>\n\t<meta name=\"twitter:data1\" content=\"3 minuty\" \/>\n<script type=\"application\/ld+json\" class=\"yoast-schema-graph\">{\"@context\":\"https:\/\/schema.org\",\"@graph\":[{\"@type\":\"WebPage\",\"@id\":\"https:\/\/spoedpostenhuisartsenzorgtwente.nl\/pl\/zo-werkt-de-huisartsenspoedpost\/\",\"url\":\"https:\/\/spoedpostenhuisartsenzorgtwente.nl\/pl\/zo-werkt-de-huisartsenspoedpost\/\",\"name\":\"Tak dzia\u0142a stacja lekarska lekarza rodzinnego - Spoedposten HuisartsenZorg Twente - Polski\",\"isPartOf\":{\"@id\":\"https:\/\/spoedpostenhuisartsenzorgtwente.nl\/pl\/#website\"},\"datePublished\":\"2026-01-09T12:42:26+00:00\",\"dateModified\":\"2026-02-19T14:00:00+00:00\",\"breadcrumb\":{\"@id\":\"https:\/\/spoedpostenhuisartsenzorgtwente.nl\/pl\/zo-werkt-de-huisartsenspoedpost\/#breadcrumb\"},\"inLanguage\":\"pl-PL\",\"potentialAction\":[{\"@type\":\"ReadAction\",\"target\":[\"https:\/\/spoedpostenhuisartsenzorgtwente.nl\/pl\/zo-werkt-de-huisartsenspoedpost\/\"]}]},{\"@type\":\"BreadcrumbList\",\"@id\":\"https:\/\/spoedpostenhuisartsenzorgtwente.nl\/pl\/zo-werkt-de-huisartsenspoedpost\/#breadcrumb\",\"itemListElement\":[{\"@type\":\"ListItem\",\"position\":1,\"name\":\"Home\",\"item\":\"https:\/\/spoedpostenhuisartsenzorgtwente.nl\/pl\/\"},{\"@type\":\"ListItem\",\"position\":2,\"name\":\"Zo werkt de huisartsenspoedpost\"}]},{\"@type\":\"WebSite\",\"@id\":\"https:\/\/spoedpostenhuisartsenzorgtwente.nl\/pl\/#website\",\"url\":\"https:\/\/spoedpostenhuisartsenzorgtwente.nl\/pl\/\",\"name\":\"Spoedposten HuisartsenZorg Twente - Polski\",\"description\":\"\",\"potentialAction\":[{\"@type\":\"SearchAction\",\"target\":{\"@type\":\"EntryPoint\",\"urlTemplate\":\"https:\/\/spoedpostenhuisartsenzorgtwente.nl\/pl\/?s={search_term_string}\"},\"query-input\":{\"@type\":\"PropertyValueSpecification\",\"valueRequired\":true,\"valueName\":\"search_term_string\"}}],\"inLanguage\":\"pl-PL\"}]}<\/script>\n<!-- \/ Yoast SEO plugin. -->","yoast_head_json":{"title":"Tak dzia\u0142a stacja lekarska lekarza rodzinnego - Spoedposten HuisartsenZorg Twente - Polski","robots":{"index":"index","follow":"follow","max-snippet":"max-snippet:-1","max-image-preview":"max-image-preview:large","max-video-preview":"max-video-preview:-1"},"canonical":"https:\/\/spoedpostenhuisartsenzorgtwente.nl\/pl\/zo-werkt-de-huisartsenspoedpost\/","og_locale":"pl_PL","og_type":"article","og_title":"Tak dzia\u0142a stacja lekarska lekarza rodzinnego - Spoedposten HuisartsenZorg Twente - Polski","og_description":"Jak dzia\u0142a stacja lekarska u lekarza rodzinnego? 1. Najpierw przejd\u017a przez pytania (Czy musz\u0119 i\u015b\u0107 do lekarza?) Stacja lekarska jest dost\u0119pna dla skarg, kt\u00f3re nie mog\u0105 czeka\u0107 do nast\u0119pnego dnia roboczego. Aby szybko uzyska\u0107 odpowiedni\u0105 pomoc, mo\u017cesz przejrze\u0107 poni\u017cszy kwestionariusz. Dzi\u0119ki temu od razu b\u0119dziesz wiedzia\u0142, czy konieczne jest kontaktowanie si\u0119 z nami. Je\u015bli kwestionariusz [&hellip;]","og_url":"https:\/\/spoedpostenhuisartsenzorgtwente.nl\/pl\/zo-werkt-de-huisartsenspoedpost\/","og_site_name":"Spoedposten HuisartsenZorg Twente - Polski","article_modified_time":"2026-02-19T14:00:00+00:00","twitter_card":"summary_large_image","twitter_misc":{"Szacowany czas czytania":"3 minuty"},"schema":{"@context":"https:\/\/schema.org","@graph":[{"@type":"WebPage","@id":"https:\/\/spoedpostenhuisartsenzorgtwente.nl\/pl\/zo-werkt-de-huisartsenspoedpost\/","url":"https:\/\/spoedpostenhuisartsenzorgtwente.nl\/pl\/zo-werkt-de-huisartsenspoedpost\/","name":"Tak dzia\u0142a stacja lekarska lekarza rodzinnego - Spoedposten HuisartsenZorg Twente - Polski","isPartOf":{"@id":"https:\/\/spoedpostenhuisartsenzorgtwente.nl\/pl\/#website"},"datePublished":"2026-01-09T12:42:26+00:00","dateModified":"2026-02-19T14:00:00+00:00","breadcrumb":{"@id":"https:\/\/spoedpostenhuisartsenzorgtwente.nl\/pl\/zo-werkt-de-huisartsenspoedpost\/#breadcrumb"},"inLanguage":"pl-PL","potentialAction":[{"@type":"ReadAction","target":["https:\/\/spoedpostenhuisartsenzorgtwente.nl\/pl\/zo-werkt-de-huisartsenspoedpost\/"]}]},{"@type":"BreadcrumbList","@id":"https:\/\/spoedpostenhuisartsenzorgtwente.nl\/pl\/zo-werkt-de-huisartsenspoedpost\/#breadcrumb","itemListElement":[{"@type":"ListItem","position":1,"name":"Home","item":"https:\/\/spoedpostenhuisartsenzorgtwente.nl\/pl\/"},{"@type":"ListItem","position":2,"name":"Zo werkt de huisartsenspoedpost"}]},{"@type":"WebSite","@id":"https:\/\/spoedpostenhuisartsenzorgtwente.nl\/pl\/#website","url":"https:\/\/spoedpostenhuisartsenzorgtwente.nl\/pl\/","name":"Spoedposten HuisartsenZorg Twente - Polski","description":"","potentialAction":[{"@type":"SearchAction","target":{"@type":"EntryPoint","urlTemplate":"https:\/\/spoedpostenhuisartsenzorgtwente.nl\/pl\/?s={search_term_string}"},"query-input":{"@type":"PropertyValueSpecification","valueRequired":true,"valueName":"search_term_string"}}],"inLanguage":"pl-PL"}]}},"_links":{"self":[{"href":"https:\/\/spoedpostenhuisartsenzorgtwente.nl\/pl\/wp-json\/wp\/v2\/pages\/54516","targetHints":{"allow":["GET"]}}],"collection":[{"href":"https:\/\/spoedpostenhuisartsenzorgtwente.nl\/pl\/wp-json\/wp\/v2\/pages"}],"about":[{"href":"https:\/\/spoedpostenhuisartsenzorgtwente.nl\/pl\/wp-json\/wp\/v2\/types\/page"}],"author":[{"embeddable":true,"href":"https:\/\/spoedpostenhuisartsenzorgtwente.nl\/pl\/wp-json\/wp\/v2\/users\/3"}],"replies":[{"embeddable":true,"href":"https:\/\/spoedpostenhuisartsenzorgtwente.nl\/pl\/wp-json\/wp\/v2\/comments?post=54516"}],"version-history":[{"count":13,"href":"https:\/\/spoedpostenhuisartsenzorgtwente.nl\/pl\/wp-json\/wp\/v2\/pages\/54516\/revisions"}],"predecessor-version":[{"id":54716,"href":"https:\/\/spoedpostenhuisartsenzorgtwente.nl\/pl\/wp-json\/wp\/v2\/pages\/54516\/revisions\/54716"}],"wp:attachment":[{"href":"https:\/\/spoedpostenhuisartsenzorgtwente.nl\/pl\/wp-json\/wp\/v2\/media?parent=54516"}],"curies":[{"name":"wp","href":"https:\/\/api.w.org\/{rel}","templated":true}]}}