{"id":54532,"date":"2026-01-09T14:04:52","date_gmt":"2026-01-09T13:04:52","guid":{"rendered":"https:\/\/sht.mindd.dev\/?page_id=54532"},"modified":"2026-02-19T14:59:57","modified_gmt":"2026-02-19T13:59:57","slug":"obszar-roboczy","status":"publish","type":"page","link":"https:\/\/spoedpostenhuisartsenzorgtwente.nl\/pl\/obszar-roboczy\/","title":{"rendered":"Obszar roboczy"},"content":{"rendered":"\n<p>Nasz obszar pracy obejmuje gminy Almelo, Hellendoorn, Rijssen, Tubbergen, Twenterand, Wierden, Borne, Hengelo, Hof van Twente (z wy\u0142\u0105czeniem Markelo), Oldenzaal, Dinkelland, De Lutte, Enschede, Haaksbergen, Losser i Overdinkel.<\/p>\n\n\n\n<p>W ten spos\u00f3b zapewniamy opiece medycznej ponad 600 000 mieszka\u0144c\u00f3w.<\/p>\n\n\n\n<p>Punkty ratunkowe lekarzy rodzinnych \u015bci\u015ble wsp\u00f3\u0142pracuj\u0105 z oddzia\u0142em ratunkowym, Ambulance East, GGZ, organizacjami opieki domowej oraz aptekami serwisowymi.<\/p>\n","protected":false},"excerpt":{"rendered":"<p>Nasz obszar pracy obejmuje gminy Almelo, Hellendoorn, Rijssen, Tubbergen, Twenterand, Wierden, Borne, Hengelo, Hof van Twente (z wy\u0142\u0105czeniem Markelo), Oldenzaal, Dinkelland, De Lutte, Enschede, Haaksbergen, Losser i Overdinkel. W ten spos\u00f3b zapewniamy opiece medycznej ponad 600 000 mieszka\u0144c\u00f3w. Punkty ratunkowe lekarzy rodzinnych \u015bci\u015ble wsp\u00f3\u0142pracuj\u0105 z oddzia\u0142em ratunkowym, Ambulance East, GGZ, organizacjami opieki domowej oraz aptekami [&hellip;]<\/p>\n","protected":false},"author":3,"featured_media":0,"parent":0,"menu_order":0,"comment_status":"closed","ping_status":"closed","template":"","meta":{"_acf_changed":false,"_trash_the_other_posts":false,"editor_notices":[],"footnotes":""},"class_list":["post-54532","page","type-page","status-publish","hentry"],"acf":[],"yoast_head":"<!-- This site is optimized with the Yoast SEO plugin v26.6 - https:\/\/yoast.com\/wordpress\/plugins\/seo\/ -->\n<title>Obszar roboczy - Spoedposten HuisartsenZorg Twente - Polski<\/title>\n<meta name=\"robots\" content=\"index, follow, max-snippet:-1, max-image-preview:large, max-video-preview:-1\" \/>\n<link rel=\"canonical\" href=\"https:\/\/spoedpostenhuisartsenzorgtwente.nl\/pl\/werkgebied\/\" \/>\n<meta property=\"og:locale\" content=\"pl_PL\" \/>\n<meta property=\"og:type\" content=\"article\" \/>\n<meta property=\"og:title\" content=\"Obszar roboczy - Spoedposten HuisartsenZorg Twente - Polski\" \/>\n<meta property=\"og:description\" content=\"Nasz obszar pracy obejmuje gminy Almelo, Hellendoorn, Rijssen, Tubbergen, Twenterand, Wierden, Borne, Hengelo, Hof van Twente (z wy\u0142\u0105czeniem Markelo), Oldenzaal, Dinkelland, De Lutte, Enschede, Haaksbergen, Losser i Overdinkel. W ten spos\u00f3b zapewniamy opiece medycznej ponad 600 000 mieszka\u0144c\u00f3w. Punkty ratunkowe lekarzy rodzinnych \u015bci\u015ble wsp\u00f3\u0142pracuj\u0105 z oddzia\u0142em ratunkowym, Ambulance East, GGZ, organizacjami opieki domowej oraz aptekami [&hellip;]\" \/>\n<meta property=\"og:url\" content=\"https:\/\/spoedpostenhuisartsenzorgtwente.nl\/pl\/werkgebied\/\" \/>\n<meta property=\"og:site_name\" content=\"Spoedposten HuisartsenZorg Twente - Polski\" \/>\n<meta property=\"article:modified_time\" content=\"2026-02-19T13:59:57+00:00\" \/>\n<meta name=\"twitter:card\" content=\"summary_large_image\" \/>\n<meta name=\"twitter:label1\" content=\"Szacowany czas czytania\" \/>\n\t<meta name=\"twitter:data1\" content=\"1 minuta\" \/>\n<script type=\"application\/ld+json\" class=\"yoast-schema-graph\">{\"@context\":\"https:\/\/schema.org\",\"@graph\":[{\"@type\":\"WebPage\",\"@id\":\"https:\/\/spoedpostenhuisartsenzorgtwente.nl\/pl\/werkgebied\/\",\"url\":\"https:\/\/spoedpostenhuisartsenzorgtwente.nl\/pl\/werkgebied\/\",\"name\":\"Obszar roboczy - Spoedposten HuisartsenZorg Twente - Polski\",\"isPartOf\":{\"@id\":\"https:\/\/spoedpostenhuisartsenzorgtwente.nl\/pl\/#website\"},\"datePublished\":\"2026-01-09T13:04:52+00:00\",\"dateModified\":\"2026-02-19T13:59:57+00:00\",\"breadcrumb\":{\"@id\":\"https:\/\/spoedpostenhuisartsenzorgtwente.nl\/pl\/werkgebied\/#breadcrumb\"},\"inLanguage\":\"pl-PL\",\"potentialAction\":[{\"@type\":\"ReadAction\",\"target\":[\"https:\/\/spoedpostenhuisartsenzorgtwente.nl\/pl\/werkgebied\/\"]}]},{\"@type\":\"BreadcrumbList\",\"@id\":\"https:\/\/spoedpostenhuisartsenzorgtwente.nl\/pl\/werkgebied\/#breadcrumb\",\"itemListElement\":[{\"@type\":\"ListItem\",\"position\":1,\"name\":\"Home\",\"item\":\"https:\/\/spoedpostenhuisartsenzorgtwente.nl\/pl\/\"},{\"@type\":\"ListItem\",\"position\":2,\"name\":\"Werkgebied\"}]},{\"@type\":\"WebSite\",\"@id\":\"https:\/\/spoedpostenhuisartsenzorgtwente.nl\/pl\/#website\",\"url\":\"https:\/\/spoedpostenhuisartsenzorgtwente.nl\/pl\/\",\"name\":\"Spoedposten HuisartsenZorg Twente - Polski\",\"description\":\"\",\"potentialAction\":[{\"@type\":\"SearchAction\",\"target\":{\"@type\":\"EntryPoint\",\"urlTemplate\":\"https:\/\/spoedpostenhuisartsenzorgtwente.nl\/pl\/?s={search_term_string}\"},\"query-input\":{\"@type\":\"PropertyValueSpecification\",\"valueRequired\":true,\"valueName\":\"search_term_string\"}}],\"inLanguage\":\"pl-PL\"}]}<\/script>\n<!-- \/ Yoast SEO plugin. -->","yoast_head_json":{"title":"Obszar roboczy - Spoedposten HuisartsenZorg Twente - Polski","robots":{"index":"index","follow":"follow","max-snippet":"max-snippet:-1","max-image-preview":"max-image-preview:large","max-video-preview":"max-video-preview:-1"},"canonical":"https:\/\/spoedpostenhuisartsenzorgtwente.nl\/pl\/werkgebied\/","og_locale":"pl_PL","og_type":"article","og_title":"Obszar roboczy - Spoedposten HuisartsenZorg Twente - Polski","og_description":"Nasz obszar pracy obejmuje gminy Almelo, Hellendoorn, Rijssen, Tubbergen, Twenterand, Wierden, Borne, Hengelo, Hof van Twente (z wy\u0142\u0105czeniem Markelo), Oldenzaal, Dinkelland, De Lutte, Enschede, Haaksbergen, Losser i Overdinkel. W ten spos\u00f3b zapewniamy opiece medycznej ponad 600 000 mieszka\u0144c\u00f3w. Punkty ratunkowe lekarzy rodzinnych \u015bci\u015ble wsp\u00f3\u0142pracuj\u0105 z oddzia\u0142em ratunkowym, Ambulance East, GGZ, organizacjami opieki domowej oraz aptekami [&hellip;]","og_url":"https:\/\/spoedpostenhuisartsenzorgtwente.nl\/pl\/werkgebied\/","og_site_name":"Spoedposten HuisartsenZorg Twente - Polski","article_modified_time":"2026-02-19T13:59:57+00:00","twitter_card":"summary_large_image","twitter_misc":{"Szacowany czas czytania":"1 minuta"},"schema":{"@context":"https:\/\/schema.org","@graph":[{"@type":"WebPage","@id":"https:\/\/spoedpostenhuisartsenzorgtwente.nl\/pl\/werkgebied\/","url":"https:\/\/spoedpostenhuisartsenzorgtwente.nl\/pl\/werkgebied\/","name":"Obszar roboczy - Spoedposten HuisartsenZorg Twente - Polski","isPartOf":{"@id":"https:\/\/spoedpostenhuisartsenzorgtwente.nl\/pl\/#website"},"datePublished":"2026-01-09T13:04:52+00:00","dateModified":"2026-02-19T13:59:57+00:00","breadcrumb":{"@id":"https:\/\/spoedpostenhuisartsenzorgtwente.nl\/pl\/werkgebied\/#breadcrumb"},"inLanguage":"pl-PL","potentialAction":[{"@type":"ReadAction","target":["https:\/\/spoedpostenhuisartsenzorgtwente.nl\/pl\/werkgebied\/"]}]},{"@type":"BreadcrumbList","@id":"https:\/\/spoedpostenhuisartsenzorgtwente.nl\/pl\/werkgebied\/#breadcrumb","itemListElement":[{"@type":"ListItem","position":1,"name":"Home","item":"https:\/\/spoedpostenhuisartsenzorgtwente.nl\/pl\/"},{"@type":"ListItem","position":2,"name":"Werkgebied"}]},{"@type":"WebSite","@id":"https:\/\/spoedpostenhuisartsenzorgtwente.nl\/pl\/#website","url":"https:\/\/spoedpostenhuisartsenzorgtwente.nl\/pl\/","name":"Spoedposten HuisartsenZorg Twente - Polski","description":"","potentialAction":[{"@type":"SearchAction","target":{"@type":"EntryPoint","urlTemplate":"https:\/\/spoedpostenhuisartsenzorgtwente.nl\/pl\/?s={search_term_string}"},"query-input":{"@type":"PropertyValueSpecification","valueRequired":true,"valueName":"search_term_string"}}],"inLanguage":"pl-PL"}]}},"_links":{"self":[{"href":"https:\/\/spoedpostenhuisartsenzorgtwente.nl\/pl\/wp-json\/wp\/v2\/pages\/54532","targetHints":{"allow":["GET"]}}],"collection":[{"href":"https:\/\/spoedpostenhuisartsenzorgtwente.nl\/pl\/wp-json\/wp\/v2\/pages"}],"about":[{"href":"https:\/\/spoedpostenhuisartsenzorgtwente.nl\/pl\/wp-json\/wp\/v2\/types\/page"}],"author":[{"embeddable":true,"href":"https:\/\/spoedpostenhuisartsenzorgtwente.nl\/pl\/wp-json\/wp\/v2\/users\/3"}],"replies":[{"embeddable":true,"href":"https:\/\/spoedpostenhuisartsenzorgtwente.nl\/pl\/wp-json\/wp\/v2\/comments?post=54532"}],"version-history":[{"count":2,"href":"https:\/\/spoedpostenhuisartsenzorgtwente.nl\/pl\/wp-json\/wp\/v2\/pages\/54532\/revisions"}],"predecessor-version":[{"id":54715,"href":"https:\/\/spoedpostenhuisartsenzorgtwente.nl\/pl\/wp-json\/wp\/v2\/pages\/54532\/revisions\/54715"}],"wp:attachment":[{"href":"https:\/\/spoedpostenhuisartsenzorgtwente.nl\/pl\/wp-json\/wp\/v2\/media?parent=54532"}],"curies":[{"name":"wp","href":"https:\/\/api.w.org\/{rel}","templated":true}]}}