{"id":54534,"date":"2026-01-09T14:05:37","date_gmt":"2026-01-09T13:05:37","guid":{"rendered":"https:\/\/sht.mindd.dev\/?page_id=54534"},"modified":"2026-02-19T14:59:54","modified_gmt":"2026-02-19T13:59:54","slug":"stawki","status":"publish","type":"page","link":"https:\/\/spoedpostenhuisartsenzorgtwente.nl\/pl\/stawki\/","title":{"rendered":"Ceny"},"content":{"rendered":"\n<p>Wszelkie kontakty z punktem medycznym lekarza rodzinnego wi\u0105\u017c\u0105 si\u0119 z kosztami. Stawki ustala Holenderska S\u0142u\u017cba Zdrowia. Punkty ratunkowe lekarza nie maj\u0105 wp\u0142ywu na ilo\u015b\u0107 tych przypadk\u00f3w. Je\u015bli jeste\u015b ubezpieczony, koszty leczenia zostan\u0105 w pe\u0142ni zwr\u00f3cone. Je\u015bli nie mo\u017cesz udowodni\u0107, \u017ce jeste\u015b ubezpieczony wa\u017cn\u0105 polis\u0105\/kart\u0105, rachunek otrzymasz w domu. Nast\u0119pnie p\u0142acisz rachunek bezpo\u015brednio do punktu medycznego i mo\u017cesz go przekaza\u0107 swojemu ubezpieczycielowi zdrowotnemu.<\/p>\n\n\n\n<p>Tury\u015bci i pacjenci, kt\u00f3rzy nie mog\u0105 udowodni\u0107 ubezpieczenia lub nie posiadaj\u0105 Europejskiej Karty Ubezpieczenia Zdrowotnego (EHIC), musz\u0105 zap\u0142aci\u0107 bezpo\u015brednio w stacji medycznej. Czy nie jeste\u015b ubezpieczony w Holandii, ale czy mo\u017cesz okaza\u0107 wa\u017cn\u0105 kart\u0119 EHIC przy stanowisku? Wtedy mo\u017cemy wys\u0142a\u0107 faktur\u0119 do Twojej firmy ubezpieczeniowej.<\/p>\n\n\n\n<p>Nasze stawki (ustalone przez NZA) na dzie\u0144 01-01-2026<\/p>\n\n\n\n<ul class=\"wp-block-list\">\n<li>Konsultacja telefoniczna: 35,00 \u20ac<\/li>\n\n\n\n<li>Konsultacja: 193,99 \u20ac Op\u0142ata za konsultacj\u0119 obejmuje nast\u0119puj\u0105ce us\u0142ugi: \n<ul class=\"wp-block-list\">\n<li>Konsultacja fizyczna w przychodni lekarskiej lekarza rodzinnego <\/li>\n\n\n\n<li>konsultacja wideokonferencyjna z lekarzem rodzinnym; Lekarz rodzinny skontaktuje si\u0119 z Tob\u0105 telefonicznie jako pacjentem, odpowiadaj\u0105c na Twoje pytanie do triagisty.<\/li>\n<\/ul>\n<\/li>\n\n\n\n<li>Wizyta: \u20ac 290,98<\/li>\n<\/ul>\n","protected":false},"excerpt":{"rendered":"<p>Wszelkie kontakty z punktem medycznym lekarza rodzinnego wi\u0105\u017c\u0105 si\u0119 z kosztami. Stawki ustala Holenderska S\u0142u\u017cba Zdrowia. Punkty ratunkowe lekarza nie maj\u0105 wp\u0142ywu na ilo\u015b\u0107 tych przypadk\u00f3w. Je\u015bli jeste\u015b ubezpieczony, koszty leczenia zostan\u0105 w pe\u0142ni zwr\u00f3cone. Je\u015bli nie mo\u017cesz udowodni\u0107, \u017ce jeste\u015b ubezpieczony wa\u017cn\u0105 polis\u0105\/kart\u0105, rachunek otrzymasz w domu. Nast\u0119pnie p\u0142acisz rachunek bezpo\u015brednio do punktu medycznego [&hellip;]<\/p>\n","protected":false},"author":3,"featured_media":0,"parent":0,"menu_order":0,"comment_status":"closed","ping_status":"closed","template":"","meta":{"_acf_changed":false,"_trash_the_other_posts":false,"editor_notices":[],"footnotes":""},"class_list":["post-54534","page","type-page","status-publish","hentry"],"acf":[],"yoast_head":"<!-- This site is optimized with the Yoast SEO plugin v26.6 - https:\/\/yoast.com\/wordpress\/plugins\/seo\/ -->\n<title>Ceny - Spoedposten HuisartsenZorg Twente - Polski<\/title>\n<meta name=\"robots\" content=\"index, follow, max-snippet:-1, max-image-preview:large, max-video-preview:-1\" \/>\n<link rel=\"canonical\" href=\"https:\/\/spoedpostenhuisartsenzorgtwente.nl\/pl\/tarieven\/\" \/>\n<meta property=\"og:locale\" content=\"pl_PL\" \/>\n<meta property=\"og:type\" content=\"article\" \/>\n<meta property=\"og:title\" content=\"Ceny - Spoedposten HuisartsenZorg Twente - Polski\" \/>\n<meta property=\"og:description\" content=\"Wszelkie kontakty z punktem medycznym lekarza rodzinnego wi\u0105\u017c\u0105 si\u0119 z kosztami. Stawki ustala Holenderska S\u0142u\u017cba Zdrowia. Punkty ratunkowe lekarza nie maj\u0105 wp\u0142ywu na ilo\u015b\u0107 tych przypadk\u00f3w. Je\u015bli jeste\u015b ubezpieczony, koszty leczenia zostan\u0105 w pe\u0142ni zwr\u00f3cone. Je\u015bli nie mo\u017cesz udowodni\u0107, \u017ce jeste\u015b ubezpieczony wa\u017cn\u0105 polis\u0105\/kart\u0105, rachunek otrzymasz w domu. Nast\u0119pnie p\u0142acisz rachunek bezpo\u015brednio do punktu medycznego [&hellip;]\" \/>\n<meta property=\"og:url\" content=\"https:\/\/spoedpostenhuisartsenzorgtwente.nl\/pl\/tarieven\/\" \/>\n<meta property=\"og:site_name\" content=\"Spoedposten HuisartsenZorg Twente - Polski\" \/>\n<meta property=\"article:modified_time\" content=\"2026-02-19T13:59:54+00:00\" \/>\n<meta name=\"twitter:card\" content=\"summary_large_image\" \/>\n<meta name=\"twitter:label1\" content=\"Szacowany czas czytania\" \/>\n\t<meta name=\"twitter:data1\" content=\"1 minuta\" \/>\n<script type=\"application\/ld+json\" class=\"yoast-schema-graph\">{\"@context\":\"https:\/\/schema.org\",\"@graph\":[{\"@type\":\"WebPage\",\"@id\":\"https:\/\/spoedpostenhuisartsenzorgtwente.nl\/pl\/tarieven\/\",\"url\":\"https:\/\/spoedpostenhuisartsenzorgtwente.nl\/pl\/tarieven\/\",\"name\":\"Ceny - Spoedposten HuisartsenZorg Twente - Polski\",\"isPartOf\":{\"@id\":\"https:\/\/spoedpostenhuisartsenzorgtwente.nl\/pl\/#website\"},\"datePublished\":\"2026-01-09T13:05:37+00:00\",\"dateModified\":\"2026-02-19T13:59:54+00:00\",\"breadcrumb\":{\"@id\":\"https:\/\/spoedpostenhuisartsenzorgtwente.nl\/pl\/tarieven\/#breadcrumb\"},\"inLanguage\":\"pl-PL\",\"potentialAction\":[{\"@type\":\"ReadAction\",\"target\":[\"https:\/\/spoedpostenhuisartsenzorgtwente.nl\/pl\/tarieven\/\"]}]},{\"@type\":\"BreadcrumbList\",\"@id\":\"https:\/\/spoedpostenhuisartsenzorgtwente.nl\/pl\/tarieven\/#breadcrumb\",\"itemListElement\":[{\"@type\":\"ListItem\",\"position\":1,\"name\":\"Home\",\"item\":\"https:\/\/spoedpostenhuisartsenzorgtwente.nl\/pl\/\"},{\"@type\":\"ListItem\",\"position\":2,\"name\":\"Tarieven\"}]},{\"@type\":\"WebSite\",\"@id\":\"https:\/\/spoedpostenhuisartsenzorgtwente.nl\/pl\/#website\",\"url\":\"https:\/\/spoedpostenhuisartsenzorgtwente.nl\/pl\/\",\"name\":\"Spoedposten HuisartsenZorg Twente - Polski\",\"description\":\"\",\"potentialAction\":[{\"@type\":\"SearchAction\",\"target\":{\"@type\":\"EntryPoint\",\"urlTemplate\":\"https:\/\/spoedpostenhuisartsenzorgtwente.nl\/pl\/?s={search_term_string}\"},\"query-input\":{\"@type\":\"PropertyValueSpecification\",\"valueRequired\":true,\"valueName\":\"search_term_string\"}}],\"inLanguage\":\"pl-PL\"}]}<\/script>\n<!-- \/ Yoast SEO plugin. -->","yoast_head_json":{"title":"Ceny - Spoedposten HuisartsenZorg Twente - Polski","robots":{"index":"index","follow":"follow","max-snippet":"max-snippet:-1","max-image-preview":"max-image-preview:large","max-video-preview":"max-video-preview:-1"},"canonical":"https:\/\/spoedpostenhuisartsenzorgtwente.nl\/pl\/tarieven\/","og_locale":"pl_PL","og_type":"article","og_title":"Ceny - Spoedposten HuisartsenZorg Twente - Polski","og_description":"Wszelkie kontakty z punktem medycznym lekarza rodzinnego wi\u0105\u017c\u0105 si\u0119 z kosztami. Stawki ustala Holenderska S\u0142u\u017cba Zdrowia. Punkty ratunkowe lekarza nie maj\u0105 wp\u0142ywu na ilo\u015b\u0107 tych przypadk\u00f3w. Je\u015bli jeste\u015b ubezpieczony, koszty leczenia zostan\u0105 w pe\u0142ni zwr\u00f3cone. Je\u015bli nie mo\u017cesz udowodni\u0107, \u017ce jeste\u015b ubezpieczony wa\u017cn\u0105 polis\u0105\/kart\u0105, rachunek otrzymasz w domu. Nast\u0119pnie p\u0142acisz rachunek bezpo\u015brednio do punktu medycznego [&hellip;]","og_url":"https:\/\/spoedpostenhuisartsenzorgtwente.nl\/pl\/tarieven\/","og_site_name":"Spoedposten HuisartsenZorg Twente - Polski","article_modified_time":"2026-02-19T13:59:54+00:00","twitter_card":"summary_large_image","twitter_misc":{"Szacowany czas czytania":"1 minuta"},"schema":{"@context":"https:\/\/schema.org","@graph":[{"@type":"WebPage","@id":"https:\/\/spoedpostenhuisartsenzorgtwente.nl\/pl\/tarieven\/","url":"https:\/\/spoedpostenhuisartsenzorgtwente.nl\/pl\/tarieven\/","name":"Ceny - Spoedposten HuisartsenZorg Twente - Polski","isPartOf":{"@id":"https:\/\/spoedpostenhuisartsenzorgtwente.nl\/pl\/#website"},"datePublished":"2026-01-09T13:05:37+00:00","dateModified":"2026-02-19T13:59:54+00:00","breadcrumb":{"@id":"https:\/\/spoedpostenhuisartsenzorgtwente.nl\/pl\/tarieven\/#breadcrumb"},"inLanguage":"pl-PL","potentialAction":[{"@type":"ReadAction","target":["https:\/\/spoedpostenhuisartsenzorgtwente.nl\/pl\/tarieven\/"]}]},{"@type":"BreadcrumbList","@id":"https:\/\/spoedpostenhuisartsenzorgtwente.nl\/pl\/tarieven\/#breadcrumb","itemListElement":[{"@type":"ListItem","position":1,"name":"Home","item":"https:\/\/spoedpostenhuisartsenzorgtwente.nl\/pl\/"},{"@type":"ListItem","position":2,"name":"Tarieven"}]},{"@type":"WebSite","@id":"https:\/\/spoedpostenhuisartsenzorgtwente.nl\/pl\/#website","url":"https:\/\/spoedpostenhuisartsenzorgtwente.nl\/pl\/","name":"Spoedposten HuisartsenZorg Twente - Polski","description":"","potentialAction":[{"@type":"SearchAction","target":{"@type":"EntryPoint","urlTemplate":"https:\/\/spoedpostenhuisartsenzorgtwente.nl\/pl\/?s={search_term_string}"},"query-input":{"@type":"PropertyValueSpecification","valueRequired":true,"valueName":"search_term_string"}}],"inLanguage":"pl-PL"}]}},"_links":{"self":[{"href":"https:\/\/spoedpostenhuisartsenzorgtwente.nl\/pl\/wp-json\/wp\/v2\/pages\/54534","targetHints":{"allow":["GET"]}}],"collection":[{"href":"https:\/\/spoedpostenhuisartsenzorgtwente.nl\/pl\/wp-json\/wp\/v2\/pages"}],"about":[{"href":"https:\/\/spoedpostenhuisartsenzorgtwente.nl\/pl\/wp-json\/wp\/v2\/types\/page"}],"author":[{"embeddable":true,"href":"https:\/\/spoedpostenhuisartsenzorgtwente.nl\/pl\/wp-json\/wp\/v2\/users\/3"}],"replies":[{"embeddable":true,"href":"https:\/\/spoedpostenhuisartsenzorgtwente.nl\/pl\/wp-json\/wp\/v2\/comments?post=54534"}],"version-history":[{"count":4,"href":"https:\/\/spoedpostenhuisartsenzorgtwente.nl\/pl\/wp-json\/wp\/v2\/pages\/54534\/revisions"}],"predecessor-version":[{"id":54714,"href":"https:\/\/spoedpostenhuisartsenzorgtwente.nl\/pl\/wp-json\/wp\/v2\/pages\/54534\/revisions\/54714"}],"wp:attachment":[{"href":"https:\/\/spoedpostenhuisartsenzorgtwente.nl\/pl\/wp-json\/wp\/v2\/media?parent=54534"}],"curies":[{"name":"wp","href":"https:\/\/api.w.org\/{rel}","templated":true}]}}