{"id":54543,"date":"2026-01-09T14:16:34","date_gmt":"2026-01-09T13:16:34","guid":{"rendered":"https:\/\/sht.mindd.dev\/?page_id=54543"},"modified":"2026-02-19T14:59:49","modified_gmt":"2026-02-19T13:59:49","slug":"komplement-czy-skarga","status":"publish","type":"page","link":"https:\/\/spoedpostenhuisartsenzorgtwente.nl\/pl\/komplement-czy-skarga\/","title":{"rendered":"Komplement czy skarga"},"content":{"rendered":"\n<p>Nasi opiekunowie staraj\u0105 si\u0119 zapewni\u0107 Ci jak najlepsz\u0105 obs\u0142ug\u0119. Mo\u017ce si\u0119 zdarzy\u0107, \u017ce nie jeste\u015b zadowolony lub bardzo satysfakcjonowany z opieki. By\u0107 mo\u017ce masz sugestie, dzi\u0119ki kt\u00f3rym mo\u017cemy ulepszy\u0107 nasze us\u0142ugi. Chcieliby\u015bmy us\u0142ysze\u0107 od Ciebie.<\/p>\n\n\n\n<h2 class=\"wp-block-heading\">Komplement<\/h2>\n\n\n\n<p>Jeste\u015b bardzo zadowolony? Ch\u0119tnie us\u0142yszymy od Ciebie! Czy masz jaki\u015b komplement dla kt\u00f3rego\u015b z naszych pracownik\u00f3w lub lekarzy rodzinnych? Byliby\u015bmy bardzo wdzi\u0119czni, gdyby\u015bcie dali nam zna\u0107 mailowo na adres: <a href=\"mailto:info@huisartsenzorgtwente.nl\">info@huisartsenzorgtwente.nl<\/a>.<\/p>\n\n\n\n<h2 class=\"wp-block-heading\">Skarga GP Emergency Station Almelo<\/h2>\n\n\n\n<p>Mo\u017cesz z\u0142o\u017cy\u0107 skarg\u0119 na stacj\u0119 lekarsk\u0105 w Almelo, pobieraj\u0105c formularz skargi i wysy\u0142aj\u0105c go wype\u0142niony. W zale\u017cno\u015bci od charakteru skargi, jest ona rozpatrywana wewn\u0119trznie lub przekazywana niezale\u017cnemu oficerowi ds. skarg. Skontaktuj\u0105 si\u0119 z Tob\u0105 za oko\u0142o tydzie\u0144. Formularz skargi mo\u017cesz pobra\u0107 <a href=\"https:\/\/spoedpostenhuisartsenzorgtwente.nl\/wp-content\/uploads\/sites\/227\/2026\/01\/KlachtenformulierCHPA-2.docx\">tutaj<\/a> .<\/p>\n\n\n\n<h2 class=\"wp-block-heading\">Skarga do stacji lekarskiej Hengelo lub Enschede<\/h2>\n\n\n\n<p>Mo\u017cesz z\u0142o\u017cy\u0107 skarg\u0119 na punkt medyczny GP w Hengelo lub Enschede za po\u015brednictwem formularza online. Kliknij <a href=\"https:\/\/sht-thoon.corpio.nl\/klachtenformulier\/index\">tutaj<\/a> , aby wype\u0142ni\u0107 formularz. Wype\u0142nij formularz tak dok\u0142adnie, jak to mo\u017cliwe, i w\u0142\u0105cz przycisk. W ten spos\u00f3b wyra\u017casz zgod\u0119 niezale\u017cnego urz\u0119dnika ds. skarg na rozpatrzenie skargi. Czy sk\u0142adasz skarg\u0119 w imieniu kogo\u015b innego? Prosz\u0119 zaznaczy\u0107 to w formularzu. Otrzymasz zgod\u0119 na umo\u017cliwienie wymiany jego\/jej danych. Skontaktuj\u0105 si\u0119 z Tob\u0105 w ci\u0105gu dw\u00f3ch tygodni.<\/p>\n\n\n\n<h2 class=\"wp-block-heading\">Skge<\/h2>\n\n\n\n<p>Je\u015bli naprawd\u0119 nie mo\u017cesz rozwi\u0105za\u0107 sprawy z niezale\u017cnym urz\u0119dnikiem ds. skarg, mo\u017cesz z\u0142o\u017cy\u0107 skarg\u0119 przez <a href=\"https:\/\/www.skge.nl\/\">Skge<\/a> (Fundacj\u0119 ds. Skarg i Spor\u00f3w w Podstawowej Opiece Zdrowotnej).<\/p>\n\n\n\n<h2 class=\"wp-block-heading\">Zorgbelang Overijssel<\/h2>\n\n\n\n<p>Aby uzyska\u0107 wi\u0119cej informacji o swoich prawach jako pacjenta, prosimy o kontakt z oddzia\u0142em 'Odbi\u00f3r skarg na Zorgbelang Overijssel&#8217;, telefon 0900-2437070.<br><a href=\"http:\/\/www.zorgbelang-overijssel.nl\/\" target=\"_blank\" rel=\"noreferrer noopener\">www.zorgbelang-overijssel.nl<\/a><\/p>\n\n\n\n<h3 class=\"wp-block-heading\" style=\"font-size:16px\">Wi\u0119cej informacji? Zobacz nasz\u0105 procedur\u0119 skarg:<\/h3>\n\n\n\n<ul class=\"wp-block-list\">\n<li><a href=\"https:\/\/spoedpostenhuisartsenzorgtwente.nl\/wp-content\/uploads\/sites\/227\/2026\/02\/Klachtenregeling-Stichting-Spoedzorg-Huisartsen-Twente-20240201.pdf\">Huisartsenspoedpost Hengelo i Enschede<\/a><\/li>\n<\/ul>\n\n\n\n<p><\/p>\n","protected":false},"excerpt":{"rendered":"<p>Nasi opiekunowie staraj\u0105 si\u0119 zapewni\u0107 Ci jak najlepsz\u0105 obs\u0142ug\u0119. Mo\u017ce si\u0119 zdarzy\u0107, \u017ce nie jeste\u015b zadowolony lub bardzo satysfakcjonowany z opieki. By\u0107 mo\u017ce masz sugestie, dzi\u0119ki kt\u00f3rym mo\u017cemy ulepszy\u0107 nasze us\u0142ugi. Chcieliby\u015bmy us\u0142ysze\u0107 od Ciebie. Komplement Jeste\u015b bardzo zadowolony? Ch\u0119tnie us\u0142yszymy od Ciebie! Czy masz jaki\u015b komplement dla kt\u00f3rego\u015b z naszych pracownik\u00f3w lub lekarzy rodzinnych? [&hellip;]<\/p>\n","protected":false},"author":3,"featured_media":0,"parent":0,"menu_order":0,"comment_status":"closed","ping_status":"closed","template":"","meta":{"_acf_changed":false,"_trash_the_other_posts":false,"editor_notices":[],"footnotes":""},"class_list":["post-54543","page","type-page","status-publish","hentry"],"acf":[],"yoast_head":"<!-- This site is optimized with the Yoast SEO plugin v26.6 - https:\/\/yoast.com\/wordpress\/plugins\/seo\/ -->\n<title>Komplement czy skarga - Spoedposten HuisartsenZorg Twente - Polski<\/title>\n<meta name=\"robots\" content=\"index, follow, max-snippet:-1, max-image-preview:large, max-video-preview:-1\" \/>\n<link rel=\"canonical\" href=\"https:\/\/spoedpostenhuisartsenzorgtwente.nl\/pl\/compliment-of-klacht\/\" \/>\n<meta property=\"og:locale\" content=\"pl_PL\" \/>\n<meta property=\"og:type\" content=\"article\" \/>\n<meta property=\"og:title\" content=\"Komplement czy skarga - Spoedposten HuisartsenZorg Twente - Polski\" \/>\n<meta property=\"og:description\" content=\"Nasi opiekunowie staraj\u0105 si\u0119 zapewni\u0107 Ci jak najlepsz\u0105 obs\u0142ug\u0119. Mo\u017ce si\u0119 zdarzy\u0107, \u017ce nie jeste\u015b zadowolony lub bardzo satysfakcjonowany z opieki. By\u0107 mo\u017ce masz sugestie, dzi\u0119ki kt\u00f3rym mo\u017cemy ulepszy\u0107 nasze us\u0142ugi. Chcieliby\u015bmy us\u0142ysze\u0107 od Ciebie. Komplement Jeste\u015b bardzo zadowolony? Ch\u0119tnie us\u0142yszymy od Ciebie! Czy masz jaki\u015b komplement dla kt\u00f3rego\u015b z naszych pracownik\u00f3w lub lekarzy rodzinnych? [&hellip;]\" \/>\n<meta property=\"og:url\" content=\"https:\/\/spoedpostenhuisartsenzorgtwente.nl\/pl\/compliment-of-klacht\/\" \/>\n<meta property=\"og:site_name\" content=\"Spoedposten HuisartsenZorg Twente - Polski\" \/>\n<meta property=\"article:modified_time\" content=\"2026-02-19T13:59:49+00:00\" \/>\n<meta name=\"twitter:card\" content=\"summary_large_image\" \/>\n<meta name=\"twitter:label1\" content=\"Szacowany czas czytania\" \/>\n\t<meta name=\"twitter:data1\" content=\"2 minuty\" \/>\n<script type=\"application\/ld+json\" class=\"yoast-schema-graph\">{\"@context\":\"https:\/\/schema.org\",\"@graph\":[{\"@type\":\"WebPage\",\"@id\":\"https:\/\/spoedpostenhuisartsenzorgtwente.nl\/pl\/compliment-of-klacht\/\",\"url\":\"https:\/\/spoedpostenhuisartsenzorgtwente.nl\/pl\/compliment-of-klacht\/\",\"name\":\"Komplement czy skarga - Spoedposten HuisartsenZorg Twente - Polski\",\"isPartOf\":{\"@id\":\"https:\/\/spoedpostenhuisartsenzorgtwente.nl\/pl\/#website\"},\"datePublished\":\"2026-01-09T13:16:34+00:00\",\"dateModified\":\"2026-02-19T13:59:49+00:00\",\"breadcrumb\":{\"@id\":\"https:\/\/spoedpostenhuisartsenzorgtwente.nl\/pl\/compliment-of-klacht\/#breadcrumb\"},\"inLanguage\":\"pl-PL\",\"potentialAction\":[{\"@type\":\"ReadAction\",\"target\":[\"https:\/\/spoedpostenhuisartsenzorgtwente.nl\/pl\/compliment-of-klacht\/\"]}]},{\"@type\":\"BreadcrumbList\",\"@id\":\"https:\/\/spoedpostenhuisartsenzorgtwente.nl\/pl\/compliment-of-klacht\/#breadcrumb\",\"itemListElement\":[{\"@type\":\"ListItem\",\"position\":1,\"name\":\"Home\",\"item\":\"https:\/\/spoedpostenhuisartsenzorgtwente.nl\/pl\/\"},{\"@type\":\"ListItem\",\"position\":2,\"name\":\"Compliment of klacht\"}]},{\"@type\":\"WebSite\",\"@id\":\"https:\/\/spoedpostenhuisartsenzorgtwente.nl\/pl\/#website\",\"url\":\"https:\/\/spoedpostenhuisartsenzorgtwente.nl\/pl\/\",\"name\":\"Spoedposten HuisartsenZorg Twente - Polski\",\"description\":\"\",\"potentialAction\":[{\"@type\":\"SearchAction\",\"target\":{\"@type\":\"EntryPoint\",\"urlTemplate\":\"https:\/\/spoedpostenhuisartsenzorgtwente.nl\/pl\/?s={search_term_string}\"},\"query-input\":{\"@type\":\"PropertyValueSpecification\",\"valueRequired\":true,\"valueName\":\"search_term_string\"}}],\"inLanguage\":\"pl-PL\"}]}<\/script>\n<!-- \/ Yoast SEO plugin. -->","yoast_head_json":{"title":"Komplement czy skarga - Spoedposten HuisartsenZorg Twente - Polski","robots":{"index":"index","follow":"follow","max-snippet":"max-snippet:-1","max-image-preview":"max-image-preview:large","max-video-preview":"max-video-preview:-1"},"canonical":"https:\/\/spoedpostenhuisartsenzorgtwente.nl\/pl\/compliment-of-klacht\/","og_locale":"pl_PL","og_type":"article","og_title":"Komplement czy skarga - Spoedposten HuisartsenZorg Twente - Polski","og_description":"Nasi opiekunowie staraj\u0105 si\u0119 zapewni\u0107 Ci jak najlepsz\u0105 obs\u0142ug\u0119. Mo\u017ce si\u0119 zdarzy\u0107, \u017ce nie jeste\u015b zadowolony lub bardzo satysfakcjonowany z opieki. By\u0107 mo\u017ce masz sugestie, dzi\u0119ki kt\u00f3rym mo\u017cemy ulepszy\u0107 nasze us\u0142ugi. Chcieliby\u015bmy us\u0142ysze\u0107 od Ciebie. Komplement Jeste\u015b bardzo zadowolony? Ch\u0119tnie us\u0142yszymy od Ciebie! Czy masz jaki\u015b komplement dla kt\u00f3rego\u015b z naszych pracownik\u00f3w lub lekarzy rodzinnych? [&hellip;]","og_url":"https:\/\/spoedpostenhuisartsenzorgtwente.nl\/pl\/compliment-of-klacht\/","og_site_name":"Spoedposten HuisartsenZorg Twente - Polski","article_modified_time":"2026-02-19T13:59:49+00:00","twitter_card":"summary_large_image","twitter_misc":{"Szacowany czas czytania":"2 minuty"},"schema":{"@context":"https:\/\/schema.org","@graph":[{"@type":"WebPage","@id":"https:\/\/spoedpostenhuisartsenzorgtwente.nl\/pl\/compliment-of-klacht\/","url":"https:\/\/spoedpostenhuisartsenzorgtwente.nl\/pl\/compliment-of-klacht\/","name":"Komplement czy skarga - Spoedposten HuisartsenZorg Twente - Polski","isPartOf":{"@id":"https:\/\/spoedpostenhuisartsenzorgtwente.nl\/pl\/#website"},"datePublished":"2026-01-09T13:16:34+00:00","dateModified":"2026-02-19T13:59:49+00:00","breadcrumb":{"@id":"https:\/\/spoedpostenhuisartsenzorgtwente.nl\/pl\/compliment-of-klacht\/#breadcrumb"},"inLanguage":"pl-PL","potentialAction":[{"@type":"ReadAction","target":["https:\/\/spoedpostenhuisartsenzorgtwente.nl\/pl\/compliment-of-klacht\/"]}]},{"@type":"BreadcrumbList","@id":"https:\/\/spoedpostenhuisartsenzorgtwente.nl\/pl\/compliment-of-klacht\/#breadcrumb","itemListElement":[{"@type":"ListItem","position":1,"name":"Home","item":"https:\/\/spoedpostenhuisartsenzorgtwente.nl\/pl\/"},{"@type":"ListItem","position":2,"name":"Compliment of klacht"}]},{"@type":"WebSite","@id":"https:\/\/spoedpostenhuisartsenzorgtwente.nl\/pl\/#website","url":"https:\/\/spoedpostenhuisartsenzorgtwente.nl\/pl\/","name":"Spoedposten HuisartsenZorg Twente - Polski","description":"","potentialAction":[{"@type":"SearchAction","target":{"@type":"EntryPoint","urlTemplate":"https:\/\/spoedpostenhuisartsenzorgtwente.nl\/pl\/?s={search_term_string}"},"query-input":{"@type":"PropertyValueSpecification","valueRequired":true,"valueName":"search_term_string"}}],"inLanguage":"pl-PL"}]}},"_links":{"self":[{"href":"https:\/\/spoedpostenhuisartsenzorgtwente.nl\/pl\/wp-json\/wp\/v2\/pages\/54543","targetHints":{"allow":["GET"]}}],"collection":[{"href":"https:\/\/spoedpostenhuisartsenzorgtwente.nl\/pl\/wp-json\/wp\/v2\/pages"}],"about":[{"href":"https:\/\/spoedpostenhuisartsenzorgtwente.nl\/pl\/wp-json\/wp\/v2\/types\/page"}],"author":[{"embeddable":true,"href":"https:\/\/spoedpostenhuisartsenzorgtwente.nl\/pl\/wp-json\/wp\/v2\/users\/3"}],"replies":[{"embeddable":true,"href":"https:\/\/spoedpostenhuisartsenzorgtwente.nl\/pl\/wp-json\/wp\/v2\/comments?post=54543"}],"version-history":[{"count":4,"href":"https:\/\/spoedpostenhuisartsenzorgtwente.nl\/pl\/wp-json\/wp\/v2\/pages\/54543\/revisions"}],"predecessor-version":[{"id":54712,"href":"https:\/\/spoedpostenhuisartsenzorgtwente.nl\/pl\/wp-json\/wp\/v2\/pages\/54543\/revisions\/54712"}],"wp:attachment":[{"href":"https:\/\/spoedpostenhuisartsenzorgtwente.nl\/pl\/wp-json\/wp\/v2\/media?parent=54543"}],"curies":[{"name":"wp","href":"https:\/\/api.w.org\/{rel}","templated":true}]}}