{"id":54611,"date":"2026-01-09T16:09:49","date_gmt":"2026-01-09T15:09:49","guid":{"rendered":"https:\/\/sht.mindd.dev\/?page_id=54611"},"modified":"2026-02-19T14:58:57","modified_gmt":"2026-02-19T13:58:57","slug":"zasady-domowe","status":"publish","type":"page","link":"https:\/\/spoedpostenhuisartsenzorgtwente.nl\/pl\/zasady-domowe\/","title":{"rendered":"Zasady domowe"},"content":{"rendered":"\n<h2 class=\"wp-block-heading\" style=\"font-size:16px\">Dost\u0119p do Izby Przyj\u0119\u0107<\/h2>\n\n\n\n<p>Chcieliby\u015bmy powita\u0107 ci\u0119 na stacji medycznej. Dla bezpiecze\u0144stwa i komfortu wszystkich mamy kilka zasad domowych. Lubimy traktowa\u0107 si\u0119 z szacunkiem i oczekujemy tego samego od naszych go\u015bci i pacjent\u00f3w. Je\u015bli czujesz, \u017ce nie jeste\u015b traktowany z szacunkiem, najlepiej od razu spokojnie om\u00f3wi\u0107 to z lekarzem. Naruszenie zasad domu mo\u017ce skutkowa\u0107 ostrze\u017ceniem lub odmow\u0105 dost\u0119pu do stacji medycznej. Wymagana jest identyfikacja w okolicach stacji lekarza rodzinnego. Razem z Tob\u0105 z rado\u015bci\u0105 zapewniamy mi\u0142y pobyt.<\/p>\n\n\n\n<h2 class=\"wp-block-heading\" style=\"font-size:16px\">Agresja<\/h2>\n\n\n\n<p>Agresja, przemoc i przest\u0119pstwa nie s\u0105 akceptowane. Zawsze nast\u0119puje po tym sankcja, a w ka\u017cdym przypadku informujemy o tym tak\u017ce w\u0142asnego lekarza rodzinnego pacjenta.<\/p>\n\n\n\n<h2 class=\"wp-block-heading\" style=\"font-size:16px\">Liczba opiekun\u00f3w<\/h2>\n\n\n\n<p>W gabinecie gabinecie mo\u017ce by\u0107 maksymalnie 1 towarzysz na pacjenta. Gdy poczekalnia jest zat\u0142oczona, dodatkowi towarzysze s\u0105 proszeni o zrobienie miejsca dla pacjent\u00f3w.<\/p>\n\n\n\n<h2 class=\"wp-block-heading\" style=\"font-size:16px\">Palenie, alkohol, narkotyki<\/h2>\n\n\n\n<p>Alkohol, palenie i\/lub narkotyki s\u0105 zabronione na stacji medycznej.<\/p>\n\n\n\n<h2 class=\"wp-block-heading\" style=\"font-size:16px\">Odpowiedzialno\u015b\u0107<\/h2>\n\n\n\n<p>Jeste\u015b wy\u0142\u0105cznie odpowiedzialny i odpowiedzialny za swoj\u0105 w\u0142asno\u015b\u0107. Parkowanie \u015brodka transportu odbywa si\u0119 na w\u0142asne ryzyko.<\/p>\n\n\n\n<h2 class=\"wp-block-heading\" style=\"font-size:16px\">Obraz, d\u017awi\u0119k i media spo\u0142eczno\u015bciowe<\/h2>\n\n\n\n<p>Robienie zdj\u0119\u0107 lub nagrywanie filmu jest zabronione. W i wok\u00f3\u0142 stacji lekarza rodzinnego prowadzony jest kontrolowany monitoring kamerowy, aby zapewni\u0107 Ci bezpiecze\u0144stwo.<\/p>\n\n\n\n<p>Nagranie audio jest dozwolone wy\u0142\u0105cznie za wyra\u017an\u0105 zgod\u0105 pracownika s\u0142u\u017cby zdrowia i nigdy nie mo\u017ce by\u0107 udost\u0119pniane publicznie.<\/p>\n\n\n\n<h2 class=\"wp-block-heading\" style=\"font-size:16px\">Zwierz\u0119ta<\/h2>\n\n\n\n<p>Zwierz\u0119ta nie s\u0105 dozwolone na stacji medycznej, z wyj\u0105tkiem ps\u00f3w asystuj\u0105cych.<\/p>\n\n\n\n<h2 class=\"wp-block-heading\" style=\"font-size:16px\">Polityka pacjent\u00f3w mieszkaj\u0105cych za granic\u0105<\/h2>\n\n\n\n<p>Pacjenci, kt\u00f3rzy nie mieszkaj\u0105 w Holandii i korzystaj\u0105 z opieki ratunkowej \u015bwiadczonej przez stacj\u0119 medyczn\u0105, musz\u0105 p\u0142aci\u0107 bezpo\u015brednio got\u00f3wk\u0105 (co w Almelo nie jest mo\u017cliwe) lub kart\u0105.<\/p>\n\n\n\n<h2 class=\"wp-block-heading\" style=\"font-size:16px\">Bezpiecze\u0144stwo przede wszystkim<\/h2>\n\n\n\n<p>Je\u015bli nie b\u0119dziesz przestrzega\u0107 tych zasad domu, najpierw otrzymasz ostrze\u017cenie. W przypadku powt\u00f3rzenia mo\u017cemy zg\u0142osi\u0107 lub odm\u00f3wi\u0107 dost\u0119pu do punktu medycznego lekarza rodzinnego.<\/p>\n","protected":false},"excerpt":{"rendered":"<p>Dost\u0119p do Izby Przyj\u0119\u0107 Chcieliby\u015bmy powita\u0107 ci\u0119 na stacji medycznej. Dla bezpiecze\u0144stwa i komfortu wszystkich mamy kilka zasad domowych. Lubimy traktowa\u0107 si\u0119 z szacunkiem i oczekujemy tego samego od naszych go\u015bci i pacjent\u00f3w. Je\u015bli czujesz, \u017ce nie jeste\u015b traktowany z szacunkiem, najlepiej od razu spokojnie om\u00f3wi\u0107 to z lekarzem. Naruszenie zasad domu mo\u017ce skutkowa\u0107 ostrze\u017ceniem [&hellip;]<\/p>\n","protected":false},"author":3,"featured_media":0,"parent":0,"menu_order":0,"comment_status":"closed","ping_status":"closed","template":"","meta":{"_acf_changed":false,"_trash_the_other_posts":false,"editor_notices":[],"footnotes":""},"class_list":["post-54611","page","type-page","status-publish","hentry"],"acf":[],"yoast_head":"<!-- This site is optimized with the Yoast SEO plugin v26.6 - https:\/\/yoast.com\/wordpress\/plugins\/seo\/ -->\n<title>Zasady domowe - Spoedposten HuisartsenZorg Twente - Polski<\/title>\n<meta name=\"robots\" content=\"index, follow, max-snippet:-1, max-image-preview:large, max-video-preview:-1\" \/>\n<link rel=\"canonical\" href=\"https:\/\/spoedpostenhuisartsenzorgtwente.nl\/pl\/huisregels\/\" \/>\n<meta property=\"og:locale\" content=\"pl_PL\" \/>\n<meta property=\"og:type\" content=\"article\" \/>\n<meta property=\"og:title\" content=\"Zasady domowe - Spoedposten HuisartsenZorg Twente - Polski\" \/>\n<meta property=\"og:description\" content=\"Dost\u0119p do Izby Przyj\u0119\u0107 Chcieliby\u015bmy powita\u0107 ci\u0119 na stacji medycznej. Dla bezpiecze\u0144stwa i komfortu wszystkich mamy kilka zasad domowych. Lubimy traktowa\u0107 si\u0119 z szacunkiem i oczekujemy tego samego od naszych go\u015bci i pacjent\u00f3w. Je\u015bli czujesz, \u017ce nie jeste\u015b traktowany z szacunkiem, najlepiej od razu spokojnie om\u00f3wi\u0107 to z lekarzem. Naruszenie zasad domu mo\u017ce skutkowa\u0107 ostrze\u017ceniem [&hellip;]\" \/>\n<meta property=\"og:url\" content=\"https:\/\/spoedpostenhuisartsenzorgtwente.nl\/pl\/huisregels\/\" \/>\n<meta property=\"og:site_name\" content=\"Spoedposten HuisartsenZorg Twente - Polski\" \/>\n<meta property=\"article:modified_time\" content=\"2026-02-19T13:58:57+00:00\" \/>\n<meta name=\"twitter:card\" content=\"summary_large_image\" \/>\n<meta name=\"twitter:label1\" content=\"Szacowany czas czytania\" \/>\n\t<meta name=\"twitter:data1\" content=\"2 minuty\" \/>\n<script type=\"application\/ld+json\" class=\"yoast-schema-graph\">{\"@context\":\"https:\/\/schema.org\",\"@graph\":[{\"@type\":\"WebPage\",\"@id\":\"https:\/\/spoedpostenhuisartsenzorgtwente.nl\/pl\/huisregels\/\",\"url\":\"https:\/\/spoedpostenhuisartsenzorgtwente.nl\/pl\/huisregels\/\",\"name\":\"Zasady domowe - Spoedposten HuisartsenZorg Twente - Polski\",\"isPartOf\":{\"@id\":\"https:\/\/spoedpostenhuisartsenzorgtwente.nl\/pl\/#website\"},\"datePublished\":\"2026-01-09T15:09:49+00:00\",\"dateModified\":\"2026-02-19T13:58:57+00:00\",\"breadcrumb\":{\"@id\":\"https:\/\/spoedpostenhuisartsenzorgtwente.nl\/pl\/huisregels\/#breadcrumb\"},\"inLanguage\":\"pl-PL\",\"potentialAction\":[{\"@type\":\"ReadAction\",\"target\":[\"https:\/\/spoedpostenhuisartsenzorgtwente.nl\/pl\/huisregels\/\"]}]},{\"@type\":\"BreadcrumbList\",\"@id\":\"https:\/\/spoedpostenhuisartsenzorgtwente.nl\/pl\/huisregels\/#breadcrumb\",\"itemListElement\":[{\"@type\":\"ListItem\",\"position\":1,\"name\":\"Home\",\"item\":\"https:\/\/spoedpostenhuisartsenzorgtwente.nl\/pl\/\"},{\"@type\":\"ListItem\",\"position\":2,\"name\":\"Huisregels\"}]},{\"@type\":\"WebSite\",\"@id\":\"https:\/\/spoedpostenhuisartsenzorgtwente.nl\/pl\/#website\",\"url\":\"https:\/\/spoedpostenhuisartsenzorgtwente.nl\/pl\/\",\"name\":\"Spoedposten HuisartsenZorg Twente - Polski\",\"description\":\"\",\"potentialAction\":[{\"@type\":\"SearchAction\",\"target\":{\"@type\":\"EntryPoint\",\"urlTemplate\":\"https:\/\/spoedpostenhuisartsenzorgtwente.nl\/pl\/?s={search_term_string}\"},\"query-input\":{\"@type\":\"PropertyValueSpecification\",\"valueRequired\":true,\"valueName\":\"search_term_string\"}}],\"inLanguage\":\"pl-PL\"}]}<\/script>\n<!-- \/ Yoast SEO plugin. -->","yoast_head_json":{"title":"Zasady domowe - Spoedposten HuisartsenZorg Twente - Polski","robots":{"index":"index","follow":"follow","max-snippet":"max-snippet:-1","max-image-preview":"max-image-preview:large","max-video-preview":"max-video-preview:-1"},"canonical":"https:\/\/spoedpostenhuisartsenzorgtwente.nl\/pl\/huisregels\/","og_locale":"pl_PL","og_type":"article","og_title":"Zasady domowe - Spoedposten HuisartsenZorg Twente - Polski","og_description":"Dost\u0119p do Izby Przyj\u0119\u0107 Chcieliby\u015bmy powita\u0107 ci\u0119 na stacji medycznej. Dla bezpiecze\u0144stwa i komfortu wszystkich mamy kilka zasad domowych. Lubimy traktowa\u0107 si\u0119 z szacunkiem i oczekujemy tego samego od naszych go\u015bci i pacjent\u00f3w. Je\u015bli czujesz, \u017ce nie jeste\u015b traktowany z szacunkiem, najlepiej od razu spokojnie om\u00f3wi\u0107 to z lekarzem. Naruszenie zasad domu mo\u017ce skutkowa\u0107 ostrze\u017ceniem [&hellip;]","og_url":"https:\/\/spoedpostenhuisartsenzorgtwente.nl\/pl\/huisregels\/","og_site_name":"Spoedposten HuisartsenZorg Twente - Polski","article_modified_time":"2026-02-19T13:58:57+00:00","twitter_card":"summary_large_image","twitter_misc":{"Szacowany czas czytania":"2 minuty"},"schema":{"@context":"https:\/\/schema.org","@graph":[{"@type":"WebPage","@id":"https:\/\/spoedpostenhuisartsenzorgtwente.nl\/pl\/huisregels\/","url":"https:\/\/spoedpostenhuisartsenzorgtwente.nl\/pl\/huisregels\/","name":"Zasady domowe - Spoedposten HuisartsenZorg Twente - Polski","isPartOf":{"@id":"https:\/\/spoedpostenhuisartsenzorgtwente.nl\/pl\/#website"},"datePublished":"2026-01-09T15:09:49+00:00","dateModified":"2026-02-19T13:58:57+00:00","breadcrumb":{"@id":"https:\/\/spoedpostenhuisartsenzorgtwente.nl\/pl\/huisregels\/#breadcrumb"},"inLanguage":"pl-PL","potentialAction":[{"@type":"ReadAction","target":["https:\/\/spoedpostenhuisartsenzorgtwente.nl\/pl\/huisregels\/"]}]},{"@type":"BreadcrumbList","@id":"https:\/\/spoedpostenhuisartsenzorgtwente.nl\/pl\/huisregels\/#breadcrumb","itemListElement":[{"@type":"ListItem","position":1,"name":"Home","item":"https:\/\/spoedpostenhuisartsenzorgtwente.nl\/pl\/"},{"@type":"ListItem","position":2,"name":"Huisregels"}]},{"@type":"WebSite","@id":"https:\/\/spoedpostenhuisartsenzorgtwente.nl\/pl\/#website","url":"https:\/\/spoedpostenhuisartsenzorgtwente.nl\/pl\/","name":"Spoedposten HuisartsenZorg Twente - Polski","description":"","potentialAction":[{"@type":"SearchAction","target":{"@type":"EntryPoint","urlTemplate":"https:\/\/spoedpostenhuisartsenzorgtwente.nl\/pl\/?s={search_term_string}"},"query-input":{"@type":"PropertyValueSpecification","valueRequired":true,"valueName":"search_term_string"}}],"inLanguage":"pl-PL"}]}},"_links":{"self":[{"href":"https:\/\/spoedpostenhuisartsenzorgtwente.nl\/pl\/wp-json\/wp\/v2\/pages\/54611","targetHints":{"allow":["GET"]}}],"collection":[{"href":"https:\/\/spoedpostenhuisartsenzorgtwente.nl\/pl\/wp-json\/wp\/v2\/pages"}],"about":[{"href":"https:\/\/spoedpostenhuisartsenzorgtwente.nl\/pl\/wp-json\/wp\/v2\/types\/page"}],"author":[{"embeddable":true,"href":"https:\/\/spoedpostenhuisartsenzorgtwente.nl\/pl\/wp-json\/wp\/v2\/users\/3"}],"replies":[{"embeddable":true,"href":"https:\/\/spoedpostenhuisartsenzorgtwente.nl\/pl\/wp-json\/wp\/v2\/comments?post=54611"}],"version-history":[{"count":3,"href":"https:\/\/spoedpostenhuisartsenzorgtwente.nl\/pl\/wp-json\/wp\/v2\/pages\/54611\/revisions"}],"predecessor-version":[{"id":54685,"href":"https:\/\/spoedpostenhuisartsenzorgtwente.nl\/pl\/wp-json\/wp\/v2\/pages\/54611\/revisions\/54685"}],"wp:attachment":[{"href":"https:\/\/spoedpostenhuisartsenzorgtwente.nl\/pl\/wp-json\/wp\/v2\/media?parent=54611"}],"curies":[{"name":"wp","href":"https:\/\/api.w.org\/{rel}","templated":true}]}}