{"id":54516,"date":"2026-01-09T13:42:26","date_gmt":"2026-01-09T12:42:26","guid":{"rendered":"https:\/\/sht.mindd.dev\/?page_id=54516"},"modified":"2026-02-19T15:00:02","modified_gmt":"2026-02-19T14:00:02","slug":"gp-acil-durum-istasyonu-boyle-calisir","status":"publish","type":"page","link":"https:\/\/spoedpostenhuisartsenzorgtwente.nl\/tr\/gp-acil-durum-istasyonu-boyle-calisir\/","title":{"rendered":"GP t\u0131p istasyonu b\u00f6yle \u00e7al\u0131\u015f\u0131r"},"content":{"rendered":"\n<div class=\"wp-block-group is-layout-constrained wp-block-group-is-layout-constrained\">\n<h2 class=\"wp-block-heading\">Aile hekimli\u011fi t\u0131p istasyonu nas\u0131l \u00e7al\u0131\u015f\u0131yor?<\/h2>\n\n\n\n<h2 class=\"wp-block-heading\" style=\"font-size:16px\">1. \u00d6nce sorular\u0131 g\u00f6zden ge\u00e7ir (Doktora gitmem gerekiyor mu?)<\/h2>\n\n\n\n<p>GP t\u0131p istasyonu, bir sonraki i\u015f g\u00fcn\u00fcne kadar bekleyemeyen \u015fikayetler i\u00e7in oradad\u0131r. Do\u011fru yard\u0131m\u0131 h\u0131zl\u0131ca almak i\u00e7in a\u015fa\u011f\u0131daki anketi inceleyebilirsiniz. B\u00f6ylece bizimle ileti\u015fime ge\u00e7menin gerekli olup olmad\u0131\u011f\u0131n\u0131 hemen anlars\u0131n\u0131z. E\u011fer ankette bizimle ileti\u015fime ge\u00e7meniz gerekti\u011fi belirtiliyorsa, do\u011frudan bilgi alan\u0131n\u0131z olan triage hem\u015firesine ba\u011flanabilirsiniz.<\/p>\n\n\n            <div id=\"mindd_widget_embedded_ef8b3b03-baa5-4aef-90a5-a9edfc4526c2\" class=\"mindd-widget\" data-apikey=\"rmh4LQR45yHgviMOSAraQkjAeeTiSPhB\" data-language=\"TR\" data-showwelcometext=\"true\" data-type=\"widget\" >\n            Start vragenlijst        <\/div>\n    <\/div>\n\n\n\n<div class=\"wp-block-group is-layout-constrained wp-block-group-is-layout-constrained\">\n<h2 class=\"wp-block-heading\" style=\"font-size:16px\">2. T\u0131bbi istasyonu aramak<\/h2>\n\n\n\n<p>T\u0131bbi istasyonu ar\u0131yor musun? <strong>Potansiyel olarak hayat\u0131 tehdit eden bir durumda, 1&#8217;i se\u00e7in.<\/strong><\/p>\n\n\n\n<p>A\u015fa\u011f\u0131daki bilgileri haz\u0131r bulundurun:<\/p>\n\n\n\n<ul class=\"wp-block-list\">\n<li>Vatanda\u015f hizmet numaras\u0131 (BSN); Bu belge kimlik belgenizde (pasaport, kimlik kart\u0131 veya ehliyet) ve 9 haneli<\/li>\n\n\n\n<li>Do\u011fum tarihi, adres ve telefon numaras\u0131<\/li>\n\n\n\n<li>Aile hekiminizin veya pratisyen hekim prati\u011finizin ad\u0131<\/li>\n<\/ul>\n\n\n\n<p>Telefonda ayr\u0131ca \u015fu konular da sorulabilir:<\/p>\n\n\n\n<ul class=\"wp-block-list\">\n<li>T\u0131bbi ge\u00e7mi\u015fin (yard\u0131m talebinle ilgili oldu\u011fu s\u00fcrece)<\/li>\n\n\n\n<li>Alabilece\u011finiz ila\u00e7lar<\/li>\n<\/ul>\n\n\n\n<p>GP t\u0131p istasyonu, kendi pratisyen hekiminizin t\u0131bbi dosyas\u0131n\u0131n \u00f6zetini ve ilac\u0131n\u0131z\u0131n genel bir g\u00f6r\u00fcn\u00fcm\u00fcn\u00fc Ulusal De\u011fi\u015fim Noktas\u0131 (LSP) \u00fczerinden g\u00f6rebilir, ancak ancak \u00f6nceden izin vermi\u015fseniz. Bu izni &nbsp;<a href=\"http:\/\/www.volgjezorg.nl\">www.volgjezorg.nl<\/a> veya do\u011frudan kendi aile hekim veya eczaneniz ile ayarlayabilirsiniz.<\/p>\n\n\n\n<p>Ba\u015fka birini mi ar\u0131yorsunuz? M\u00fcmk\u00fcnse, hastan\u0131n kendisi t\u0131bbi istasyonla ileti\u015fime ge\u00e7mesini sa\u011flas\u0131n. Bu m\u00fcmk\u00fcn de\u011fil mi? Sonra yard\u0131ma ihtiyac\u0131 olan ki\u015finin t\u00fcm detaylar\u0131n\u0131 verin. Ayr\u0131ca arad\u0131\u011f\u0131n\u0131zda hastan\u0131n yan\u0131nda oldu\u011funuzdan emin olun. B\u00f6ylece semptomlar\u0131 m\u00fcmk\u00fcn oldu\u011funca iyi anlatabilirsiniz. \u00c7o\u011fu zaman triage hem\u015firesi (doktorun asistan\u0131) da hastaya kendisi birka\u00e7 soru sormak ister.<\/p>\n<\/div>\n\n\n\n<div class=\"wp-block-group is-layout-constrained wp-block-group-is-layout-constrained\">\n<h2 class=\"wp-block-heading\" style=\"font-size:16px\">3. Ne bekleyebilirsin?<\/h2>\n\n\n\n<p>\u0130leti\u015fim talebi \u00fczerinden aray\u0131p ileti\u015fime ge\u00e7ti\u011finizde, bir triyaj hem\u015firesi telefonda olur. Bir triage hem\u015firesi, kapsaml\u0131 t\u0131bbi bilgiye sahiptir ve semptomlar\u0131n\u0131z\u0131n ne kadar ciddi oldu\u011funu ve neye ihtiya\u00e7 duyuldu\u011funu h\u0131zl\u0131ca belirlemek i\u00e7in \u00f6zel olarak e\u011fitilmi\u015ftir. Gerekirse, bu i\u015flem t\u0131bbi istasyonda g\u00f6revde olan genel hekimle isti\u015fare edilerek yap\u0131l\u0131r. A\u015fa\u011f\u0131daki se\u00e7enekler vard\u0131r:<\/p>\n\n\n\n<ul class=\"wp-block-list\">\n<li>Telefon tavsiyesi: Triage hem\u015firesinden telefonla a\u00e7\u0131klama ve tavsiye alacaks\u0131n\u0131z (bu daha sonra GP taraf\u0131ndan kontrol edilecektir).<\/li>\n\n\n\n<li>Dan\u0131\u015fma: Triage hem\u015firesi, pratisyen sa\u011fl\u0131k istasyonunda sizin i\u00e7in randevu al\u0131r. Orada bir genel hekim, genel hekim veya hem\u015fire uzman\u0131\/doktor asistan\u0131 sizi muayene edecektir.<\/li>\n\n\n\n<li>Telefon dan\u0131\u015fma: triage hem\u015firesi ve\/veya pratisyen hekim sizi video aramas\u0131 yapar. Ba\u011flant\u0131y\u0131 kurmak i\u00e7in ba\u011flant\u0131y\u0131 bir mesaj yoluyla alacaks\u0131n\u0131z. Buna video g\u00f6r\u00fc\u015fme dan\u0131\u015fmanl\u0131\u011f\u0131 denir. Aile hekimi, sizi telefonla da arayabilir.<\/li>\n\n\n\n<li>Ziyaret: Genel Hekim sizi ziyaret eder (\u00f6zel donan\u0131ml\u0131 resmi ara\u00e7 ve \u015fof\u00f6rle). S\u00fcr\u00fcc\u00fcler bu i\u015f i\u00e7in \u00f6zel olarak e\u011fitilmi\u015ftir ve acil durumlarda GP&#8217;ye yard\u0131mc\u0131 olabilirler. Bir ziyaret ancak t\u0131bbi nedenlerle t\u0131bbi istasyona giyemiyorsan\u0131z m\u00fcmk\u00fcnd\u00fcr.<\/li>\n<\/ul>\n<\/div>\n","protected":false},"excerpt":{"rendered":"<p>Aile hekimli\u011fi t\u0131p istasyonu nas\u0131l \u00e7al\u0131\u015f\u0131yor? 1. \u00d6nce sorular\u0131 g\u00f6zden ge\u00e7ir (Doktora gitmem gerekiyor mu?) GP t\u0131p istasyonu, bir sonraki i\u015f g\u00fcn\u00fcne kadar bekleyemeyen \u015fikayetler i\u00e7in oradad\u0131r. Do\u011fru yard\u0131m\u0131 h\u0131zl\u0131ca almak i\u00e7in a\u015fa\u011f\u0131daki anketi inceleyebilirsiniz. B\u00f6ylece bizimle ileti\u015fime ge\u00e7menin gerekli olup olmad\u0131\u011f\u0131n\u0131 hemen anlars\u0131n\u0131z. E\u011fer ankette bizimle ileti\u015fime ge\u00e7meniz gerekti\u011fi belirtiliyorsa, do\u011frudan bilgi alan\u0131n\u0131z olan [&hellip;]<\/p>\n","protected":false},"author":3,"featured_media":0,"parent":0,"menu_order":0,"comment_status":"closed","ping_status":"closed","template":"","meta":{"_acf_changed":false,"_trash_the_other_posts":false,"editor_notices":[],"footnotes":""},"class_list":["post-54516","page","type-page","status-publish","hentry"],"acf":[],"yoast_head":"<!-- This site is optimized with the Yoast SEO plugin v26.6 - https:\/\/yoast.com\/wordpress\/plugins\/seo\/ -->\n<title>GP t\u0131p istasyonu b\u00f6yle \u00e7al\u0131\u015f\u0131r - Spoedposten HuisartsenZorg Twente - T\u00fcrk\u00e7e<\/title>\n<meta name=\"robots\" content=\"index, follow, max-snippet:-1, max-image-preview:large, max-video-preview:-1\" \/>\n<link rel=\"canonical\" href=\"https:\/\/spoedpostenhuisartsenzorgtwente.nl\/tr\/gp-acil-durum-istasyonu-boyle-calisir\/\" \/>\n<meta property=\"og:locale\" content=\"tr_TR\" \/>\n<meta property=\"og:type\" content=\"article\" \/>\n<meta property=\"og:title\" content=\"GP t\u0131p istasyonu b\u00f6yle \u00e7al\u0131\u015f\u0131r - Spoedposten HuisartsenZorg Twente - T\u00fcrk\u00e7e\" \/>\n<meta property=\"og:description\" content=\"Aile hekimli\u011fi t\u0131p istasyonu nas\u0131l \u00e7al\u0131\u015f\u0131yor? 1. \u00d6nce sorular\u0131 g\u00f6zden ge\u00e7ir (Doktora gitmem gerekiyor mu?) GP t\u0131p istasyonu, bir sonraki i\u015f g\u00fcn\u00fcne kadar bekleyemeyen \u015fikayetler i\u00e7in oradad\u0131r. Do\u011fru yard\u0131m\u0131 h\u0131zl\u0131ca almak i\u00e7in a\u015fa\u011f\u0131daki anketi inceleyebilirsiniz. B\u00f6ylece bizimle ileti\u015fime ge\u00e7menin gerekli olup olmad\u0131\u011f\u0131n\u0131 hemen anlars\u0131n\u0131z. E\u011fer ankette bizimle ileti\u015fime ge\u00e7meniz gerekti\u011fi belirtiliyorsa, do\u011frudan bilgi alan\u0131n\u0131z olan [&hellip;]\" \/>\n<meta property=\"og:url\" content=\"https:\/\/spoedpostenhuisartsenzorgtwente.nl\/tr\/gp-acil-durum-istasyonu-boyle-calisir\/\" \/>\n<meta property=\"og:site_name\" content=\"Spoedposten HuisartsenZorg Twente - T\u00fcrk\u00e7e\" \/>\n<meta property=\"article:modified_time\" content=\"2026-02-19T14:00:02+00:00\" \/>\n<meta name=\"twitter:card\" content=\"summary_large_image\" \/>\n<meta name=\"twitter:label1\" content=\"Tahmini okuma s\u00fcresi\" \/>\n\t<meta name=\"twitter:data1\" content=\"3 dakika\" \/>\n<script type=\"application\/ld+json\" class=\"yoast-schema-graph\">{\"@context\":\"https:\/\/schema.org\",\"@graph\":[{\"@type\":\"WebPage\",\"@id\":\"https:\/\/spoedpostenhuisartsenzorgtwente.nl\/tr\/gp-acil-durum-istasyonu-boyle-calisir\/\",\"url\":\"https:\/\/spoedpostenhuisartsenzorgtwente.nl\/tr\/gp-acil-durum-istasyonu-boyle-calisir\/\",\"name\":\"GP t\u0131p istasyonu b\u00f6yle \u00e7al\u0131\u015f\u0131r - Spoedposten HuisartsenZorg Twente - T\u00fcrk\u00e7e\",\"isPartOf\":{\"@id\":\"https:\/\/spoedpostenhuisartsenzorgtwente.nl\/tr\/#website\"},\"datePublished\":\"2026-01-09T12:42:26+00:00\",\"dateModified\":\"2026-02-19T14:00:02+00:00\",\"breadcrumb\":{\"@id\":\"https:\/\/spoedpostenhuisartsenzorgtwente.nl\/tr\/gp-acil-durum-istasyonu-boyle-calisir\/#breadcrumb\"},\"inLanguage\":\"tr\",\"potentialAction\":[{\"@type\":\"ReadAction\",\"target\":[\"https:\/\/spoedpostenhuisartsenzorgtwente.nl\/tr\/gp-acil-durum-istasyonu-boyle-calisir\/\"]}]},{\"@type\":\"BreadcrumbList\",\"@id\":\"https:\/\/spoedpostenhuisartsenzorgtwente.nl\/tr\/gp-acil-durum-istasyonu-boyle-calisir\/#breadcrumb\",\"itemListElement\":[{\"@type\":\"ListItem\",\"position\":1,\"name\":\"Home\",\"item\":\"https:\/\/spoedpostenhuisartsenzorgtwente.nl\/tr\/\"},{\"@type\":\"ListItem\",\"position\":2,\"name\":\"GP t\u0131p istasyonu b\u00f6yle \u00e7al\u0131\u015f\u0131r\"}]},{\"@type\":\"WebSite\",\"@id\":\"https:\/\/spoedpostenhuisartsenzorgtwente.nl\/tr\/#website\",\"url\":\"https:\/\/spoedpostenhuisartsenzorgtwente.nl\/tr\/\",\"name\":\"Spoedposten HuisartsenZorg Twente - T\u00fcrk\u00e7e\",\"description\":\"\",\"potentialAction\":[{\"@type\":\"SearchAction\",\"target\":{\"@type\":\"EntryPoint\",\"urlTemplate\":\"https:\/\/spoedpostenhuisartsenzorgtwente.nl\/tr\/?s={search_term_string}\"},\"query-input\":{\"@type\":\"PropertyValueSpecification\",\"valueRequired\":true,\"valueName\":\"search_term_string\"}}],\"inLanguage\":\"tr\"}]}<\/script>\n<!-- \/ Yoast SEO plugin. -->","yoast_head_json":{"title":"GP t\u0131p istasyonu b\u00f6yle \u00e7al\u0131\u015f\u0131r - Spoedposten HuisartsenZorg Twente - T\u00fcrk\u00e7e","robots":{"index":"index","follow":"follow","max-snippet":"max-snippet:-1","max-image-preview":"max-image-preview:large","max-video-preview":"max-video-preview:-1"},"canonical":"https:\/\/spoedpostenhuisartsenzorgtwente.nl\/tr\/gp-acil-durum-istasyonu-boyle-calisir\/","og_locale":"tr_TR","og_type":"article","og_title":"GP t\u0131p istasyonu b\u00f6yle \u00e7al\u0131\u015f\u0131r - Spoedposten HuisartsenZorg Twente - T\u00fcrk\u00e7e","og_description":"Aile hekimli\u011fi t\u0131p istasyonu nas\u0131l \u00e7al\u0131\u015f\u0131yor? 1. \u00d6nce sorular\u0131 g\u00f6zden ge\u00e7ir (Doktora gitmem gerekiyor mu?) GP t\u0131p istasyonu, bir sonraki i\u015f g\u00fcn\u00fcne kadar bekleyemeyen \u015fikayetler i\u00e7in oradad\u0131r. Do\u011fru yard\u0131m\u0131 h\u0131zl\u0131ca almak i\u00e7in a\u015fa\u011f\u0131daki anketi inceleyebilirsiniz. B\u00f6ylece bizimle ileti\u015fime ge\u00e7menin gerekli olup olmad\u0131\u011f\u0131n\u0131 hemen anlars\u0131n\u0131z. E\u011fer ankette bizimle ileti\u015fime ge\u00e7meniz gerekti\u011fi belirtiliyorsa, do\u011frudan bilgi alan\u0131n\u0131z olan [&hellip;]","og_url":"https:\/\/spoedpostenhuisartsenzorgtwente.nl\/tr\/gp-acil-durum-istasyonu-boyle-calisir\/","og_site_name":"Spoedposten HuisartsenZorg Twente - T\u00fcrk\u00e7e","article_modified_time":"2026-02-19T14:00:02+00:00","twitter_card":"summary_large_image","twitter_misc":{"Tahmini okuma s\u00fcresi":"3 dakika"},"schema":{"@context":"https:\/\/schema.org","@graph":[{"@type":"WebPage","@id":"https:\/\/spoedpostenhuisartsenzorgtwente.nl\/tr\/gp-acil-durum-istasyonu-boyle-calisir\/","url":"https:\/\/spoedpostenhuisartsenzorgtwente.nl\/tr\/gp-acil-durum-istasyonu-boyle-calisir\/","name":"GP t\u0131p istasyonu b\u00f6yle \u00e7al\u0131\u015f\u0131r - Spoedposten HuisartsenZorg Twente - T\u00fcrk\u00e7e","isPartOf":{"@id":"https:\/\/spoedpostenhuisartsenzorgtwente.nl\/tr\/#website"},"datePublished":"2026-01-09T12:42:26+00:00","dateModified":"2026-02-19T14:00:02+00:00","breadcrumb":{"@id":"https:\/\/spoedpostenhuisartsenzorgtwente.nl\/tr\/gp-acil-durum-istasyonu-boyle-calisir\/#breadcrumb"},"inLanguage":"tr","potentialAction":[{"@type":"ReadAction","target":["https:\/\/spoedpostenhuisartsenzorgtwente.nl\/tr\/gp-acil-durum-istasyonu-boyle-calisir\/"]}]},{"@type":"BreadcrumbList","@id":"https:\/\/spoedpostenhuisartsenzorgtwente.nl\/tr\/gp-acil-durum-istasyonu-boyle-calisir\/#breadcrumb","itemListElement":[{"@type":"ListItem","position":1,"name":"Home","item":"https:\/\/spoedpostenhuisartsenzorgtwente.nl\/tr\/"},{"@type":"ListItem","position":2,"name":"GP t\u0131p istasyonu b\u00f6yle \u00e7al\u0131\u015f\u0131r"}]},{"@type":"WebSite","@id":"https:\/\/spoedpostenhuisartsenzorgtwente.nl\/tr\/#website","url":"https:\/\/spoedpostenhuisartsenzorgtwente.nl\/tr\/","name":"Spoedposten HuisartsenZorg Twente - T\u00fcrk\u00e7e","description":"","potentialAction":[{"@type":"SearchAction","target":{"@type":"EntryPoint","urlTemplate":"https:\/\/spoedpostenhuisartsenzorgtwente.nl\/tr\/?s={search_term_string}"},"query-input":{"@type":"PropertyValueSpecification","valueRequired":true,"valueName":"search_term_string"}}],"inLanguage":"tr"}]}},"_links":{"self":[{"href":"https:\/\/spoedpostenhuisartsenzorgtwente.nl\/tr\/wp-json\/wp\/v2\/pages\/54516","targetHints":{"allow":["GET"]}}],"collection":[{"href":"https:\/\/spoedpostenhuisartsenzorgtwente.nl\/tr\/wp-json\/wp\/v2\/pages"}],"about":[{"href":"https:\/\/spoedpostenhuisartsenzorgtwente.nl\/tr\/wp-json\/wp\/v2\/types\/page"}],"author":[{"embeddable":true,"href":"https:\/\/spoedpostenhuisartsenzorgtwente.nl\/tr\/wp-json\/wp\/v2\/users\/3"}],"replies":[{"embeddable":true,"href":"https:\/\/spoedpostenhuisartsenzorgtwente.nl\/tr\/wp-json\/wp\/v2\/comments?post=54516"}],"version-history":[{"count":13,"href":"https:\/\/spoedpostenhuisartsenzorgtwente.nl\/tr\/wp-json\/wp\/v2\/pages\/54516\/revisions"}],"predecessor-version":[{"id":54721,"href":"https:\/\/spoedpostenhuisartsenzorgtwente.nl\/tr\/wp-json\/wp\/v2\/pages\/54516\/revisions\/54721"}],"wp:attachment":[{"href":"https:\/\/spoedpostenhuisartsenzorgtwente.nl\/tr\/wp-json\/wp\/v2\/media?parent=54516"}],"curies":[{"name":"wp","href":"https:\/\/api.w.org\/{rel}","templated":true}]}}