{"id":54532,"date":"2026-01-09T14:04:52","date_gmt":"2026-01-09T13:04:52","guid":{"rendered":"https:\/\/sht.mindd.dev\/?page_id=54532"},"modified":"2026-02-19T14:59:59","modified_gmt":"2026-02-19T13:59:59","slug":"calisma-alani","status":"publish","type":"page","link":"https:\/\/spoedpostenhuisartsenzorgtwente.nl\/tr\/calisma-alani\/","title":{"rendered":"\u00c7al\u0131\u015fma alan\u0131"},"content":{"rendered":"\n<p>\u00c7al\u0131\u015fma alan\u0131m\u0131z Almelo, Hellendoorn, Rijssen, Tubbergen, Twenterand, Wierden, Borne, Hengelo, Hof van Twente (Markelo hari\u00e7), Oldenzaal, Dinkelland, De Lutte, Enschede, Haaksbergen, Losser ve Overdinkel belediyelerinden olu\u015fmaktad\u0131r.<\/p>\n\n\n\n<p>Bu \u015fekilde, 600.000&#8217;den fazla sakine t\u0131bbi bak\u0131m sa\u011fl\u0131yoruz.<\/p>\n\n\n\n<p>GP acil servis istasyonlar\u0131, acil servis, Ambulans Do\u011fu, GGZ, evde bak\u0131m kurulu\u015flar\u0131 ve hizmet eczaneleriyle yak\u0131n i\u015f birli\u011fi i\u00e7indedir.<\/p>\n","protected":false},"excerpt":{"rendered":"<p>\u00c7al\u0131\u015fma alan\u0131m\u0131z Almelo, Hellendoorn, Rijssen, Tubbergen, Twenterand, Wierden, Borne, Hengelo, Hof van Twente (Markelo hari\u00e7), Oldenzaal, Dinkelland, De Lutte, Enschede, Haaksbergen, Losser ve Overdinkel belediyelerinden olu\u015fmaktad\u0131r. Bu \u015fekilde, 600.000&#8217;den fazla sakine t\u0131bbi bak\u0131m sa\u011fl\u0131yoruz. GP acil servis istasyonlar\u0131, acil servis, Ambulans Do\u011fu, GGZ, evde bak\u0131m kurulu\u015flar\u0131 ve hizmet eczaneleriyle yak\u0131n i\u015f birli\u011fi i\u00e7indedir.<\/p>\n","protected":false},"author":3,"featured_media":0,"parent":0,"menu_order":0,"comment_status":"closed","ping_status":"closed","template":"","meta":{"_acf_changed":false,"_trash_the_other_posts":false,"editor_notices":[],"footnotes":""},"class_list":["post-54532","page","type-page","status-publish","hentry"],"acf":[],"yoast_head":"<!-- This site is optimized with the Yoast SEO plugin v26.6 - https:\/\/yoast.com\/wordpress\/plugins\/seo\/ -->\n<title>\u00c7al\u0131\u015fma alan\u0131 - Spoedposten HuisartsenZorg Twente - T\u00fcrk\u00e7e<\/title>\n<meta name=\"robots\" content=\"index, follow, max-snippet:-1, max-image-preview:large, max-video-preview:-1\" \/>\n<link rel=\"canonical\" href=\"https:\/\/spoedpostenhuisartsenzorgtwente.nl\/tr\/calisma-alani\/\" \/>\n<meta property=\"og:locale\" content=\"tr_TR\" \/>\n<meta property=\"og:type\" content=\"article\" \/>\n<meta property=\"og:title\" content=\"\u00c7al\u0131\u015fma alan\u0131 - Spoedposten HuisartsenZorg Twente - T\u00fcrk\u00e7e\" \/>\n<meta property=\"og:description\" content=\"\u00c7al\u0131\u015fma alan\u0131m\u0131z Almelo, Hellendoorn, Rijssen, Tubbergen, Twenterand, Wierden, Borne, Hengelo, Hof van Twente (Markelo hari\u00e7), Oldenzaal, Dinkelland, De Lutte, Enschede, Haaksbergen, Losser ve Overdinkel belediyelerinden olu\u015fmaktad\u0131r. Bu \u015fekilde, 600.000&#8217;den fazla sakine t\u0131bbi bak\u0131m sa\u011fl\u0131yoruz. GP acil servis istasyonlar\u0131, acil servis, Ambulans Do\u011fu, GGZ, evde bak\u0131m kurulu\u015flar\u0131 ve hizmet eczaneleriyle yak\u0131n i\u015f birli\u011fi i\u00e7indedir.\" \/>\n<meta property=\"og:url\" content=\"https:\/\/spoedpostenhuisartsenzorgtwente.nl\/tr\/calisma-alani\/\" \/>\n<meta property=\"og:site_name\" content=\"Spoedposten HuisartsenZorg Twente - T\u00fcrk\u00e7e\" \/>\n<meta property=\"article:modified_time\" content=\"2026-02-19T13:59:59+00:00\" \/>\n<meta name=\"twitter:card\" content=\"summary_large_image\" \/>\n<meta name=\"twitter:label1\" content=\"Tahmini okuma s\u00fcresi\" \/>\n\t<meta name=\"twitter:data1\" content=\"1 dakika\" \/>\n<script type=\"application\/ld+json\" class=\"yoast-schema-graph\">{\"@context\":\"https:\/\/schema.org\",\"@graph\":[{\"@type\":\"WebPage\",\"@id\":\"https:\/\/spoedpostenhuisartsenzorgtwente.nl\/tr\/calisma-alani\/\",\"url\":\"https:\/\/spoedpostenhuisartsenzorgtwente.nl\/tr\/calisma-alani\/\",\"name\":\"\u00c7al\u0131\u015fma alan\u0131 - Spoedposten HuisartsenZorg Twente - T\u00fcrk\u00e7e\",\"isPartOf\":{\"@id\":\"https:\/\/spoedpostenhuisartsenzorgtwente.nl\/tr\/#website\"},\"datePublished\":\"2026-01-09T13:04:52+00:00\",\"dateModified\":\"2026-02-19T13:59:59+00:00\",\"breadcrumb\":{\"@id\":\"https:\/\/spoedpostenhuisartsenzorgtwente.nl\/tr\/calisma-alani\/#breadcrumb\"},\"inLanguage\":\"tr\",\"potentialAction\":[{\"@type\":\"ReadAction\",\"target\":[\"https:\/\/spoedpostenhuisartsenzorgtwente.nl\/tr\/calisma-alani\/\"]}]},{\"@type\":\"BreadcrumbList\",\"@id\":\"https:\/\/spoedpostenhuisartsenzorgtwente.nl\/tr\/calisma-alani\/#breadcrumb\",\"itemListElement\":[{\"@type\":\"ListItem\",\"position\":1,\"name\":\"Home\",\"item\":\"https:\/\/spoedpostenhuisartsenzorgtwente.nl\/tr\/\"},{\"@type\":\"ListItem\",\"position\":2,\"name\":\"\u00c7al\u0131\u015fma alan\u0131\"}]},{\"@type\":\"WebSite\",\"@id\":\"https:\/\/spoedpostenhuisartsenzorgtwente.nl\/tr\/#website\",\"url\":\"https:\/\/spoedpostenhuisartsenzorgtwente.nl\/tr\/\",\"name\":\"Spoedposten HuisartsenZorg Twente - T\u00fcrk\u00e7e\",\"description\":\"\",\"potentialAction\":[{\"@type\":\"SearchAction\",\"target\":{\"@type\":\"EntryPoint\",\"urlTemplate\":\"https:\/\/spoedpostenhuisartsenzorgtwente.nl\/tr\/?s={search_term_string}\"},\"query-input\":{\"@type\":\"PropertyValueSpecification\",\"valueRequired\":true,\"valueName\":\"search_term_string\"}}],\"inLanguage\":\"tr\"}]}<\/script>\n<!-- \/ Yoast SEO plugin. -->","yoast_head_json":{"title":"\u00c7al\u0131\u015fma alan\u0131 - Spoedposten HuisartsenZorg Twente - T\u00fcrk\u00e7e","robots":{"index":"index","follow":"follow","max-snippet":"max-snippet:-1","max-image-preview":"max-image-preview:large","max-video-preview":"max-video-preview:-1"},"canonical":"https:\/\/spoedpostenhuisartsenzorgtwente.nl\/tr\/calisma-alani\/","og_locale":"tr_TR","og_type":"article","og_title":"\u00c7al\u0131\u015fma alan\u0131 - Spoedposten HuisartsenZorg Twente - T\u00fcrk\u00e7e","og_description":"\u00c7al\u0131\u015fma alan\u0131m\u0131z Almelo, Hellendoorn, Rijssen, Tubbergen, Twenterand, Wierden, Borne, Hengelo, Hof van Twente (Markelo hari\u00e7), Oldenzaal, Dinkelland, De Lutte, Enschede, Haaksbergen, Losser ve Overdinkel belediyelerinden olu\u015fmaktad\u0131r. Bu \u015fekilde, 600.000&#8217;den fazla sakine t\u0131bbi bak\u0131m sa\u011fl\u0131yoruz. GP acil servis istasyonlar\u0131, acil servis, Ambulans Do\u011fu, GGZ, evde bak\u0131m kurulu\u015flar\u0131 ve hizmet eczaneleriyle yak\u0131n i\u015f birli\u011fi i\u00e7indedir.","og_url":"https:\/\/spoedpostenhuisartsenzorgtwente.nl\/tr\/calisma-alani\/","og_site_name":"Spoedposten HuisartsenZorg Twente - T\u00fcrk\u00e7e","article_modified_time":"2026-02-19T13:59:59+00:00","twitter_card":"summary_large_image","twitter_misc":{"Tahmini okuma s\u00fcresi":"1 dakika"},"schema":{"@context":"https:\/\/schema.org","@graph":[{"@type":"WebPage","@id":"https:\/\/spoedpostenhuisartsenzorgtwente.nl\/tr\/calisma-alani\/","url":"https:\/\/spoedpostenhuisartsenzorgtwente.nl\/tr\/calisma-alani\/","name":"\u00c7al\u0131\u015fma alan\u0131 - Spoedposten HuisartsenZorg Twente - T\u00fcrk\u00e7e","isPartOf":{"@id":"https:\/\/spoedpostenhuisartsenzorgtwente.nl\/tr\/#website"},"datePublished":"2026-01-09T13:04:52+00:00","dateModified":"2026-02-19T13:59:59+00:00","breadcrumb":{"@id":"https:\/\/spoedpostenhuisartsenzorgtwente.nl\/tr\/calisma-alani\/#breadcrumb"},"inLanguage":"tr","potentialAction":[{"@type":"ReadAction","target":["https:\/\/spoedpostenhuisartsenzorgtwente.nl\/tr\/calisma-alani\/"]}]},{"@type":"BreadcrumbList","@id":"https:\/\/spoedpostenhuisartsenzorgtwente.nl\/tr\/calisma-alani\/#breadcrumb","itemListElement":[{"@type":"ListItem","position":1,"name":"Home","item":"https:\/\/spoedpostenhuisartsenzorgtwente.nl\/tr\/"},{"@type":"ListItem","position":2,"name":"\u00c7al\u0131\u015fma alan\u0131"}]},{"@type":"WebSite","@id":"https:\/\/spoedpostenhuisartsenzorgtwente.nl\/tr\/#website","url":"https:\/\/spoedpostenhuisartsenzorgtwente.nl\/tr\/","name":"Spoedposten HuisartsenZorg Twente - T\u00fcrk\u00e7e","description":"","potentialAction":[{"@type":"SearchAction","target":{"@type":"EntryPoint","urlTemplate":"https:\/\/spoedpostenhuisartsenzorgtwente.nl\/tr\/?s={search_term_string}"},"query-input":{"@type":"PropertyValueSpecification","valueRequired":true,"valueName":"search_term_string"}}],"inLanguage":"tr"}]}},"_links":{"self":[{"href":"https:\/\/spoedpostenhuisartsenzorgtwente.nl\/tr\/wp-json\/wp\/v2\/pages\/54532","targetHints":{"allow":["GET"]}}],"collection":[{"href":"https:\/\/spoedpostenhuisartsenzorgtwente.nl\/tr\/wp-json\/wp\/v2\/pages"}],"about":[{"href":"https:\/\/spoedpostenhuisartsenzorgtwente.nl\/tr\/wp-json\/wp\/v2\/types\/page"}],"author":[{"embeddable":true,"href":"https:\/\/spoedpostenhuisartsenzorgtwente.nl\/tr\/wp-json\/wp\/v2\/users\/3"}],"replies":[{"embeddable":true,"href":"https:\/\/spoedpostenhuisartsenzorgtwente.nl\/tr\/wp-json\/wp\/v2\/comments?post=54532"}],"version-history":[{"count":2,"href":"https:\/\/spoedpostenhuisartsenzorgtwente.nl\/tr\/wp-json\/wp\/v2\/pages\/54532\/revisions"}],"predecessor-version":[{"id":54720,"href":"https:\/\/spoedpostenhuisartsenzorgtwente.nl\/tr\/wp-json\/wp\/v2\/pages\/54532\/revisions\/54720"}],"wp:attachment":[{"href":"https:\/\/spoedpostenhuisartsenzorgtwente.nl\/tr\/wp-json\/wp\/v2\/media?parent=54532"}],"curies":[{"name":"wp","href":"https:\/\/api.w.org\/{rel}","templated":true}]}}