{"id":54534,"date":"2026-01-09T14:05:37","date_gmt":"2026-01-09T13:05:37","guid":{"rendered":"https:\/\/sht.mindd.dev\/?page_id=54534"},"modified":"2026-02-19T14:59:56","modified_gmt":"2026-02-19T13:59:56","slug":"oranlar","status":"publish","type":"page","link":"https:\/\/spoedpostenhuisartsenzorgtwente.nl\/tr\/oranlar\/","title":{"rendered":"Fiyatlar"},"content":{"rendered":"\n<p>GP t\u0131p istasyonuyla yap\u0131lan t\u00fcm temaslar\u0131n maliyeti vard\u0131r. Oranlar Hollanda Sa\u011fl\u0131k Otoritesi taraf\u0131ndan belirlenmektedir. GP acil durum istasyonlar\u0131n\u0131n bu miktar \u00fczerinde etkisi yok. Sigortal\u0131ysan\u0131z, tedavi masraflar\u0131 tamamen geri \u00f6denecektir. Ge\u00e7erli bir sigorta poli\u00e7esi\/kart\u0131 ile sigortal\u0131 oldu\u011funuzu kan\u0131tlayamazsan\u0131z, faturay\u0131 evde al\u0131rs\u0131n\u0131z. Daha sonra faturay\u0131 do\u011frudan t\u0131bbi istasyona \u00f6dersiniz ve ard\u0131ndan sa\u011fl\u0131k sigortac\u0131n\u0131za g\u00f6nderebilirsiniz.<\/p>\n\n\n\n<p>Sigortal\u0131 olduklar\u0131n\u0131 kan\u0131tlayamayan veya Avrupa Sa\u011fl\u0131k Sigortas\u0131 Kart\u0131 (EHIC) sahibi olmayan turistler ve hastalar, do\u011frudan t\u0131bbi istasyonda \u00f6deme yapmak zorundad\u0131r. Hollanda&#8217;da sigortan\u0131z yok mu ama saygahda ge\u00e7erli bir EHIC kart\u0131 g\u00f6sterebilir misiniz? Sonra sigorta \u015firketinize fatura g\u00f6nderebiliriz.<\/p>\n\n\n\n<p>Fiyatlar\u0131m\u0131z (NZA taraf\u0131ndan belirlenen) 01-01-2026 itibar\u0131yla<\/p>\n\n\n\n<ul class=\"wp-block-list\">\n<li>Telefon dan\u0131\u015fmanl\u0131\u011f\u0131: \u20ac 35.00<\/li>\n\n\n\n<li>Dan\u0131\u015fmanl\u0131k: \u20ac 193.99 Dan\u0131\u015fma \u00fccreti a\u015fa\u011f\u0131daki hizmetleri kapsar: \n<ul class=\"wp-block-list\">\n<li>Aile hekimli\u011fi t\u0131p istasyonunda fiziksel dan\u0131\u015fmanl\u0131k <\/li>\n\n\n\n<li>Aile hekimi ile g\u00f6r\u00fcnt\u00fcl\u00fc g\u00f6r\u00fc\u015fme; Pratisyen hekim, triagist&#8217;e sordu\u011funuz soruya yan\u0131t olarak hasta olarak telefonla ula\u015facakt\u0131r.<\/li>\n<\/ul>\n<\/li>\n\n\n\n<li>Ziyaret: \u20ac 290,98<\/li>\n<\/ul>\n","protected":false},"excerpt":{"rendered":"<p>GP t\u0131p istasyonuyla yap\u0131lan t\u00fcm temaslar\u0131n maliyeti vard\u0131r. Oranlar Hollanda Sa\u011fl\u0131k Otoritesi taraf\u0131ndan belirlenmektedir. GP acil durum istasyonlar\u0131n\u0131n bu miktar \u00fczerinde etkisi yok. Sigortal\u0131ysan\u0131z, tedavi masraflar\u0131 tamamen geri \u00f6denecektir. Ge\u00e7erli bir sigorta poli\u00e7esi\/kart\u0131 ile sigortal\u0131 oldu\u011funuzu kan\u0131tlayamazsan\u0131z, faturay\u0131 evde al\u0131rs\u0131n\u0131z. Daha sonra faturay\u0131 do\u011frudan t\u0131bbi istasyona \u00f6dersiniz ve ard\u0131ndan sa\u011fl\u0131k sigortac\u0131n\u0131za g\u00f6nderebilirsiniz. Sigortal\u0131 olduklar\u0131n\u0131 kan\u0131tlayamayan [&hellip;]<\/p>\n","protected":false},"author":3,"featured_media":0,"parent":0,"menu_order":0,"comment_status":"closed","ping_status":"closed","template":"","meta":{"_acf_changed":false,"_trash_the_other_posts":false,"editor_notices":[],"footnotes":""},"class_list":["post-54534","page","type-page","status-publish","hentry"],"acf":[],"yoast_head":"<!-- This site is optimized with the Yoast SEO plugin v26.6 - https:\/\/yoast.com\/wordpress\/plugins\/seo\/ -->\n<title>Fiyatlar - Spoedposten HuisartsenZorg Twente - T\u00fcrk\u00e7e<\/title>\n<meta name=\"robots\" content=\"index, follow, max-snippet:-1, max-image-preview:large, max-video-preview:-1\" \/>\n<link rel=\"canonical\" href=\"https:\/\/spoedpostenhuisartsenzorgtwente.nl\/tr\/oranlar\/\" \/>\n<meta property=\"og:locale\" content=\"tr_TR\" \/>\n<meta property=\"og:type\" content=\"article\" \/>\n<meta property=\"og:title\" content=\"Fiyatlar - Spoedposten HuisartsenZorg Twente - T\u00fcrk\u00e7e\" \/>\n<meta property=\"og:description\" content=\"GP t\u0131p istasyonuyla yap\u0131lan t\u00fcm temaslar\u0131n maliyeti vard\u0131r. Oranlar Hollanda Sa\u011fl\u0131k Otoritesi taraf\u0131ndan belirlenmektedir. GP acil durum istasyonlar\u0131n\u0131n bu miktar \u00fczerinde etkisi yok. Sigortal\u0131ysan\u0131z, tedavi masraflar\u0131 tamamen geri \u00f6denecektir. Ge\u00e7erli bir sigorta poli\u00e7esi\/kart\u0131 ile sigortal\u0131 oldu\u011funuzu kan\u0131tlayamazsan\u0131z, faturay\u0131 evde al\u0131rs\u0131n\u0131z. Daha sonra faturay\u0131 do\u011frudan t\u0131bbi istasyona \u00f6dersiniz ve ard\u0131ndan sa\u011fl\u0131k sigortac\u0131n\u0131za g\u00f6nderebilirsiniz. Sigortal\u0131 olduklar\u0131n\u0131 kan\u0131tlayamayan [&hellip;]\" \/>\n<meta property=\"og:url\" content=\"https:\/\/spoedpostenhuisartsenzorgtwente.nl\/tr\/oranlar\/\" \/>\n<meta property=\"og:site_name\" content=\"Spoedposten HuisartsenZorg Twente - T\u00fcrk\u00e7e\" \/>\n<meta property=\"article:modified_time\" content=\"2026-02-19T13:59:56+00:00\" \/>\n<meta name=\"twitter:card\" content=\"summary_large_image\" \/>\n<meta name=\"twitter:label1\" content=\"Tahmini okuma s\u00fcresi\" \/>\n\t<meta name=\"twitter:data1\" content=\"1 dakika\" \/>\n<script type=\"application\/ld+json\" class=\"yoast-schema-graph\">{\"@context\":\"https:\/\/schema.org\",\"@graph\":[{\"@type\":\"WebPage\",\"@id\":\"https:\/\/spoedpostenhuisartsenzorgtwente.nl\/tr\/oranlar\/\",\"url\":\"https:\/\/spoedpostenhuisartsenzorgtwente.nl\/tr\/oranlar\/\",\"name\":\"Fiyatlar - Spoedposten HuisartsenZorg Twente - T\u00fcrk\u00e7e\",\"isPartOf\":{\"@id\":\"https:\/\/spoedpostenhuisartsenzorgtwente.nl\/tr\/#website\"},\"datePublished\":\"2026-01-09T13:05:37+00:00\",\"dateModified\":\"2026-02-19T13:59:56+00:00\",\"breadcrumb\":{\"@id\":\"https:\/\/spoedpostenhuisartsenzorgtwente.nl\/tr\/oranlar\/#breadcrumb\"},\"inLanguage\":\"tr\",\"potentialAction\":[{\"@type\":\"ReadAction\",\"target\":[\"https:\/\/spoedpostenhuisartsenzorgtwente.nl\/tr\/oranlar\/\"]}]},{\"@type\":\"BreadcrumbList\",\"@id\":\"https:\/\/spoedpostenhuisartsenzorgtwente.nl\/tr\/oranlar\/#breadcrumb\",\"itemListElement\":[{\"@type\":\"ListItem\",\"position\":1,\"name\":\"Home\",\"item\":\"https:\/\/spoedpostenhuisartsenzorgtwente.nl\/tr\/\"},{\"@type\":\"ListItem\",\"position\":2,\"name\":\"Fiyatlar\"}]},{\"@type\":\"WebSite\",\"@id\":\"https:\/\/spoedpostenhuisartsenzorgtwente.nl\/tr\/#website\",\"url\":\"https:\/\/spoedpostenhuisartsenzorgtwente.nl\/tr\/\",\"name\":\"Spoedposten HuisartsenZorg Twente - T\u00fcrk\u00e7e\",\"description\":\"\",\"potentialAction\":[{\"@type\":\"SearchAction\",\"target\":{\"@type\":\"EntryPoint\",\"urlTemplate\":\"https:\/\/spoedpostenhuisartsenzorgtwente.nl\/tr\/?s={search_term_string}\"},\"query-input\":{\"@type\":\"PropertyValueSpecification\",\"valueRequired\":true,\"valueName\":\"search_term_string\"}}],\"inLanguage\":\"tr\"}]}<\/script>\n<!-- \/ Yoast SEO plugin. -->","yoast_head_json":{"title":"Fiyatlar - Spoedposten HuisartsenZorg Twente - T\u00fcrk\u00e7e","robots":{"index":"index","follow":"follow","max-snippet":"max-snippet:-1","max-image-preview":"max-image-preview:large","max-video-preview":"max-video-preview:-1"},"canonical":"https:\/\/spoedpostenhuisartsenzorgtwente.nl\/tr\/oranlar\/","og_locale":"tr_TR","og_type":"article","og_title":"Fiyatlar - Spoedposten HuisartsenZorg Twente - T\u00fcrk\u00e7e","og_description":"GP t\u0131p istasyonuyla yap\u0131lan t\u00fcm temaslar\u0131n maliyeti vard\u0131r. Oranlar Hollanda Sa\u011fl\u0131k Otoritesi taraf\u0131ndan belirlenmektedir. GP acil durum istasyonlar\u0131n\u0131n bu miktar \u00fczerinde etkisi yok. Sigortal\u0131ysan\u0131z, tedavi masraflar\u0131 tamamen geri \u00f6denecektir. Ge\u00e7erli bir sigorta poli\u00e7esi\/kart\u0131 ile sigortal\u0131 oldu\u011funuzu kan\u0131tlayamazsan\u0131z, faturay\u0131 evde al\u0131rs\u0131n\u0131z. Daha sonra faturay\u0131 do\u011frudan t\u0131bbi istasyona \u00f6dersiniz ve ard\u0131ndan sa\u011fl\u0131k sigortac\u0131n\u0131za g\u00f6nderebilirsiniz. Sigortal\u0131 olduklar\u0131n\u0131 kan\u0131tlayamayan [&hellip;]","og_url":"https:\/\/spoedpostenhuisartsenzorgtwente.nl\/tr\/oranlar\/","og_site_name":"Spoedposten HuisartsenZorg Twente - T\u00fcrk\u00e7e","article_modified_time":"2026-02-19T13:59:56+00:00","twitter_card":"summary_large_image","twitter_misc":{"Tahmini okuma s\u00fcresi":"1 dakika"},"schema":{"@context":"https:\/\/schema.org","@graph":[{"@type":"WebPage","@id":"https:\/\/spoedpostenhuisartsenzorgtwente.nl\/tr\/oranlar\/","url":"https:\/\/spoedpostenhuisartsenzorgtwente.nl\/tr\/oranlar\/","name":"Fiyatlar - Spoedposten HuisartsenZorg Twente - T\u00fcrk\u00e7e","isPartOf":{"@id":"https:\/\/spoedpostenhuisartsenzorgtwente.nl\/tr\/#website"},"datePublished":"2026-01-09T13:05:37+00:00","dateModified":"2026-02-19T13:59:56+00:00","breadcrumb":{"@id":"https:\/\/spoedpostenhuisartsenzorgtwente.nl\/tr\/oranlar\/#breadcrumb"},"inLanguage":"tr","potentialAction":[{"@type":"ReadAction","target":["https:\/\/spoedpostenhuisartsenzorgtwente.nl\/tr\/oranlar\/"]}]},{"@type":"BreadcrumbList","@id":"https:\/\/spoedpostenhuisartsenzorgtwente.nl\/tr\/oranlar\/#breadcrumb","itemListElement":[{"@type":"ListItem","position":1,"name":"Home","item":"https:\/\/spoedpostenhuisartsenzorgtwente.nl\/tr\/"},{"@type":"ListItem","position":2,"name":"Fiyatlar"}]},{"@type":"WebSite","@id":"https:\/\/spoedpostenhuisartsenzorgtwente.nl\/tr\/#website","url":"https:\/\/spoedpostenhuisartsenzorgtwente.nl\/tr\/","name":"Spoedposten HuisartsenZorg Twente - T\u00fcrk\u00e7e","description":"","potentialAction":[{"@type":"SearchAction","target":{"@type":"EntryPoint","urlTemplate":"https:\/\/spoedpostenhuisartsenzorgtwente.nl\/tr\/?s={search_term_string}"},"query-input":{"@type":"PropertyValueSpecification","valueRequired":true,"valueName":"search_term_string"}}],"inLanguage":"tr"}]}},"_links":{"self":[{"href":"https:\/\/spoedpostenhuisartsenzorgtwente.nl\/tr\/wp-json\/wp\/v2\/pages\/54534","targetHints":{"allow":["GET"]}}],"collection":[{"href":"https:\/\/spoedpostenhuisartsenzorgtwente.nl\/tr\/wp-json\/wp\/v2\/pages"}],"about":[{"href":"https:\/\/spoedpostenhuisartsenzorgtwente.nl\/tr\/wp-json\/wp\/v2\/types\/page"}],"author":[{"embeddable":true,"href":"https:\/\/spoedpostenhuisartsenzorgtwente.nl\/tr\/wp-json\/wp\/v2\/users\/3"}],"replies":[{"embeddable":true,"href":"https:\/\/spoedpostenhuisartsenzorgtwente.nl\/tr\/wp-json\/wp\/v2\/comments?post=54534"}],"version-history":[{"count":4,"href":"https:\/\/spoedpostenhuisartsenzorgtwente.nl\/tr\/wp-json\/wp\/v2\/pages\/54534\/revisions"}],"predecessor-version":[{"id":54719,"href":"https:\/\/spoedpostenhuisartsenzorgtwente.nl\/tr\/wp-json\/wp\/v2\/pages\/54534\/revisions\/54719"}],"wp:attachment":[{"href":"https:\/\/spoedpostenhuisartsenzorgtwente.nl\/tr\/wp-json\/wp\/v2\/media?parent=54534"}],"curies":[{"name":"wp","href":"https:\/\/api.w.org\/{rel}","templated":true}]}}