{"id":54536,"date":"2026-01-09T14:07:55","date_gmt":"2026-01-09T13:07:55","guid":{"rendered":"https:\/\/sht.mindd.dev\/?page_id=54536"},"modified":"2026-02-19T14:59:53","modified_gmt":"2026-02-19T13:59:53","slug":"hizmet-eczaneleri","status":"publish","type":"page","link":"https:\/\/spoedpostenhuisartsenzorgtwente.nl\/tr\/hizmet-eczaneleri\/","title":{"rendered":"Hizmet eczaneleri"},"content":{"rendered":"\n<p>Her b\u00f6lgenin kendine \u00f6zg\u00fc hizmet eczanesi vard\u0131r. A\u015fa\u011f\u0131da b\u00f6lgedeki hizmet eczanelerine bak\u0131n\u0131z.<\/p>\n\n\n\n<div class=\"wp-block-group is-layout-constrained wp-block-group-is-layout-constrained\">\n<h2 class=\"wp-block-heading\">Hizmet eczanesi Almelo<\/h2>\n\n\n\n<p>Almelo servis eczanesi, GP t\u0131p istasyonunda yer almakta olup, ayn\u0131 giri\u015f ve \u00e7al\u0131\u015fma saatlerine sahiptir. <br><br><strong>Daha fazla bilgi:<\/strong> <a href=\"https:\/\/www.apotheek.nl\/apothekers\/dienstapotheek-almelo\" target=\"_blank\" rel=\"noreferrer noopener\">Hizmet eczanesi Almelo | Apotheek.nl<\/a><\/p>\n\n\n\n<h2 class=\"wp-block-heading\">Hizmet eczanesi Enschede<\/h2>\n\n\n\n<p>Centrum Apotheek Enschede, Beltstraat 43a&#8217;da, GP t\u0131p istasyonunun giri\u015finin kar\u015f\u0131s\u0131nda yer almaktad\u0131r. Bu eczane gece g\u00fcnd\u00fcz hizmetindedir. &nbsp;<br><br><strong>Daha fazla bilgi:<\/strong> <a href=\"https:\/\/www.apotheekcentrum.nl\/\" target=\"_blank\" rel=\"noreferrer noopener\">https:\/\/www.apotheekcentrum.nl\/<\/a><\/p>\n\n\n\n<h2 class=\"wp-block-heading\">Hizmet eczanesi Hengelo<\/h2>\n\n\n\n<p>Midden Twente hizmet eczanesi, Hengelo GP Acil Durum \u0130stasyonu&#8217;nda yer almakta olup, ayn\u0131 giri\u015f ve \u00e7al\u0131\u015fma saatlerine sahiptir.<\/p>\n\n\n\n<p><strong>Daha fazla bilgi: <\/strong><a href=\"https:\/\/www.dienst-apotheek.nl\/\" target=\"_blank\" rel=\"noreferrer noopener\">Hizmet eczanesi Midden-Twente<\/a><\/p>\n\n\n\n<h2 class=\"wp-block-heading\">Hizmet eczanesi Haaksbergen<\/h2>\n\n\n\n<p>Hafta sonlar\u0131 ise Pharmacy de Hofbraak Haaksbergen&#8217;deki t\u00fcm eczanelere hizmet vermektedir.<\/p>\n\n\n\n<p>Spoorstraat 41, 7481 HW Haaksbergen.<br><\/p>\n\n\n\n<p>Hafta sonu \u00e7al\u0131\u015fma saatleri<\/p>\n\n\n\n<p><strong>Cumartesi:<\/strong><\/p>\n\n\n\n<ul class=\"wp-block-list\">\n<li>10.00&#8217;dan 13.00&#8217;e (normal \u00fccret)<\/li>\n\n\n\n<li>17.00 ile 18.00 aras\u0131 (normal \u00fccret)<\/li>\n\n\n\n<li>20.00&#8217;dan 20.15&#8217;e kadar (hizmet oran\u0131)<\/li>\n<\/ul>\n\n\n\n<p><strong>Pazar ve resmi tatiller:<\/strong><\/p>\n\n\n\n<ul class=\"wp-block-list\">\n<li>11.30 &#8211; 12.30 (hizmet oran\u0131)<\/li>\n\n\n\n<li>&nbsp;20.00&#8217;dan 20.30&#8217;a kadar (hizmet oran\u0131)<\/li>\n<\/ul>\n\n\n\n<p>Hafta sonlar\u0131 ise, Haaksbergen&#8217;de g\u00f6rev yapan \u00e7al\u0131\u015fan, bu \u00e7al\u0131\u015fma saatleri&nbsp;d\u0131\u015f\u0131nda da saat 8.30&#8217;dan 23.00&#8217;a kadar Pharmacy de Hofbraak 053-5721809 telefon numaras\u0131ndan&nbsp;ula\u015f\u0131labilir<\/p>\n\n\n\n<p>Yukar\u0131daki \u00e7al\u0131\u015fma saatleri d\u0131\u015f\u0131ndaki acil durumlar i\u00e7in l\u00fctfen Enschede, Beltstraat 43, 7512 AC Enschede&#8217;deki&nbsp;Centrum apotheek ile ileti\u015fime ge\u00e7in<\/p>\n<\/div>\n\n\n\n<p class=\"has-white-color has-text-color has-background has-link-color wp-elements-6a54670a546ccff8c2f5a400647ad82e\" style=\"background-color:#e30613\"><strong>Ak\u015fam\/gece\/hafta sonu saatlerinde, servis eczanesi taraf\u0131ndan ek \u00fccret al\u0131n\u0131r.<\/strong><\/p>\n\n\n\n<p><\/p>\n","protected":false},"excerpt":{"rendered":"<p>Her b\u00f6lgenin kendine \u00f6zg\u00fc hizmet eczanesi vard\u0131r. A\u015fa\u011f\u0131da b\u00f6lgedeki hizmet eczanelerine bak\u0131n\u0131z. Hizmet eczanesi Almelo Almelo servis eczanesi, GP t\u0131p istasyonunda yer almakta olup, ayn\u0131 giri\u015f ve \u00e7al\u0131\u015fma saatlerine sahiptir. Daha fazla bilgi: Hizmet eczanesi Almelo | Apotheek.nl Hizmet eczanesi Enschede Centrum Apotheek Enschede, Beltstraat 43a&#8217;da, GP t\u0131p istasyonunun giri\u015finin kar\u015f\u0131s\u0131nda yer almaktad\u0131r. Bu eczane [&hellip;]<\/p>\n","protected":false},"author":3,"featured_media":0,"parent":0,"menu_order":0,"comment_status":"closed","ping_status":"closed","template":"","meta":{"_acf_changed":false,"_trash_the_other_posts":false,"editor_notices":[],"footnotes":""},"class_list":["post-54536","page","type-page","status-publish","hentry"],"acf":[],"yoast_head":"<!-- This site is optimized with the Yoast SEO plugin v26.6 - https:\/\/yoast.com\/wordpress\/plugins\/seo\/ -->\n<title>Hizmet eczaneleri - Spoedposten HuisartsenZorg Twente - T\u00fcrk\u00e7e<\/title>\n<meta name=\"robots\" content=\"index, follow, max-snippet:-1, max-image-preview:large, max-video-preview:-1\" \/>\n<link rel=\"canonical\" href=\"https:\/\/spoedpostenhuisartsenzorgtwente.nl\/tr\/hizmet-eczaneleri\/\" \/>\n<meta property=\"og:locale\" content=\"tr_TR\" \/>\n<meta property=\"og:type\" content=\"article\" \/>\n<meta property=\"og:title\" content=\"Hizmet eczaneleri - Spoedposten HuisartsenZorg Twente - T\u00fcrk\u00e7e\" \/>\n<meta property=\"og:description\" content=\"Her b\u00f6lgenin kendine \u00f6zg\u00fc hizmet eczanesi vard\u0131r. A\u015fa\u011f\u0131da b\u00f6lgedeki hizmet eczanelerine bak\u0131n\u0131z. Hizmet eczanesi Almelo Almelo servis eczanesi, GP t\u0131p istasyonunda yer almakta olup, ayn\u0131 giri\u015f ve \u00e7al\u0131\u015fma saatlerine sahiptir. Daha fazla bilgi: Hizmet eczanesi Almelo | Apotheek.nl Hizmet eczanesi Enschede Centrum Apotheek Enschede, Beltstraat 43a&#8217;da, GP t\u0131p istasyonunun giri\u015finin kar\u015f\u0131s\u0131nda yer almaktad\u0131r. Bu eczane [&hellip;]\" \/>\n<meta property=\"og:url\" content=\"https:\/\/spoedpostenhuisartsenzorgtwente.nl\/tr\/hizmet-eczaneleri\/\" \/>\n<meta property=\"og:site_name\" content=\"Spoedposten HuisartsenZorg Twente - T\u00fcrk\u00e7e\" \/>\n<meta property=\"article:modified_time\" content=\"2026-02-19T13:59:53+00:00\" \/>\n<meta name=\"twitter:card\" content=\"summary_large_image\" \/>\n<meta name=\"twitter:label1\" content=\"Tahmini okuma s\u00fcresi\" \/>\n\t<meta name=\"twitter:data1\" content=\"1 dakika\" \/>\n<script type=\"application\/ld+json\" class=\"yoast-schema-graph\">{\"@context\":\"https:\/\/schema.org\",\"@graph\":[{\"@type\":\"WebPage\",\"@id\":\"https:\/\/spoedpostenhuisartsenzorgtwente.nl\/tr\/hizmet-eczaneleri\/\",\"url\":\"https:\/\/spoedpostenhuisartsenzorgtwente.nl\/tr\/hizmet-eczaneleri\/\",\"name\":\"Hizmet eczaneleri - Spoedposten HuisartsenZorg Twente - T\u00fcrk\u00e7e\",\"isPartOf\":{\"@id\":\"https:\/\/spoedpostenhuisartsenzorgtwente.nl\/tr\/#website\"},\"datePublished\":\"2026-01-09T13:07:55+00:00\",\"dateModified\":\"2026-02-19T13:59:53+00:00\",\"breadcrumb\":{\"@id\":\"https:\/\/spoedpostenhuisartsenzorgtwente.nl\/tr\/hizmet-eczaneleri\/#breadcrumb\"},\"inLanguage\":\"tr\",\"potentialAction\":[{\"@type\":\"ReadAction\",\"target\":[\"https:\/\/spoedpostenhuisartsenzorgtwente.nl\/tr\/hizmet-eczaneleri\/\"]}]},{\"@type\":\"BreadcrumbList\",\"@id\":\"https:\/\/spoedpostenhuisartsenzorgtwente.nl\/tr\/hizmet-eczaneleri\/#breadcrumb\",\"itemListElement\":[{\"@type\":\"ListItem\",\"position\":1,\"name\":\"Home\",\"item\":\"https:\/\/spoedpostenhuisartsenzorgtwente.nl\/tr\/\"},{\"@type\":\"ListItem\",\"position\":2,\"name\":\"Hizmet eczaneleri\"}]},{\"@type\":\"WebSite\",\"@id\":\"https:\/\/spoedpostenhuisartsenzorgtwente.nl\/tr\/#website\",\"url\":\"https:\/\/spoedpostenhuisartsenzorgtwente.nl\/tr\/\",\"name\":\"Spoedposten HuisartsenZorg Twente - T\u00fcrk\u00e7e\",\"description\":\"\",\"potentialAction\":[{\"@type\":\"SearchAction\",\"target\":{\"@type\":\"EntryPoint\",\"urlTemplate\":\"https:\/\/spoedpostenhuisartsenzorgtwente.nl\/tr\/?s={search_term_string}\"},\"query-input\":{\"@type\":\"PropertyValueSpecification\",\"valueRequired\":true,\"valueName\":\"search_term_string\"}}],\"inLanguage\":\"tr\"}]}<\/script>\n<!-- \/ Yoast SEO plugin. -->","yoast_head_json":{"title":"Hizmet eczaneleri - Spoedposten HuisartsenZorg Twente - T\u00fcrk\u00e7e","robots":{"index":"index","follow":"follow","max-snippet":"max-snippet:-1","max-image-preview":"max-image-preview:large","max-video-preview":"max-video-preview:-1"},"canonical":"https:\/\/spoedpostenhuisartsenzorgtwente.nl\/tr\/hizmet-eczaneleri\/","og_locale":"tr_TR","og_type":"article","og_title":"Hizmet eczaneleri - Spoedposten HuisartsenZorg Twente - T\u00fcrk\u00e7e","og_description":"Her b\u00f6lgenin kendine \u00f6zg\u00fc hizmet eczanesi vard\u0131r. A\u015fa\u011f\u0131da b\u00f6lgedeki hizmet eczanelerine bak\u0131n\u0131z. Hizmet eczanesi Almelo Almelo servis eczanesi, GP t\u0131p istasyonunda yer almakta olup, ayn\u0131 giri\u015f ve \u00e7al\u0131\u015fma saatlerine sahiptir. Daha fazla bilgi: Hizmet eczanesi Almelo | Apotheek.nl Hizmet eczanesi Enschede Centrum Apotheek Enschede, Beltstraat 43a&#8217;da, GP t\u0131p istasyonunun giri\u015finin kar\u015f\u0131s\u0131nda yer almaktad\u0131r. Bu eczane [&hellip;]","og_url":"https:\/\/spoedpostenhuisartsenzorgtwente.nl\/tr\/hizmet-eczaneleri\/","og_site_name":"Spoedposten HuisartsenZorg Twente - T\u00fcrk\u00e7e","article_modified_time":"2026-02-19T13:59:53+00:00","twitter_card":"summary_large_image","twitter_misc":{"Tahmini okuma s\u00fcresi":"1 dakika"},"schema":{"@context":"https:\/\/schema.org","@graph":[{"@type":"WebPage","@id":"https:\/\/spoedpostenhuisartsenzorgtwente.nl\/tr\/hizmet-eczaneleri\/","url":"https:\/\/spoedpostenhuisartsenzorgtwente.nl\/tr\/hizmet-eczaneleri\/","name":"Hizmet eczaneleri - Spoedposten HuisartsenZorg Twente - T\u00fcrk\u00e7e","isPartOf":{"@id":"https:\/\/spoedpostenhuisartsenzorgtwente.nl\/tr\/#website"},"datePublished":"2026-01-09T13:07:55+00:00","dateModified":"2026-02-19T13:59:53+00:00","breadcrumb":{"@id":"https:\/\/spoedpostenhuisartsenzorgtwente.nl\/tr\/hizmet-eczaneleri\/#breadcrumb"},"inLanguage":"tr","potentialAction":[{"@type":"ReadAction","target":["https:\/\/spoedpostenhuisartsenzorgtwente.nl\/tr\/hizmet-eczaneleri\/"]}]},{"@type":"BreadcrumbList","@id":"https:\/\/spoedpostenhuisartsenzorgtwente.nl\/tr\/hizmet-eczaneleri\/#breadcrumb","itemListElement":[{"@type":"ListItem","position":1,"name":"Home","item":"https:\/\/spoedpostenhuisartsenzorgtwente.nl\/tr\/"},{"@type":"ListItem","position":2,"name":"Hizmet eczaneleri"}]},{"@type":"WebSite","@id":"https:\/\/spoedpostenhuisartsenzorgtwente.nl\/tr\/#website","url":"https:\/\/spoedpostenhuisartsenzorgtwente.nl\/tr\/","name":"Spoedposten HuisartsenZorg Twente - T\u00fcrk\u00e7e","description":"","potentialAction":[{"@type":"SearchAction","target":{"@type":"EntryPoint","urlTemplate":"https:\/\/spoedpostenhuisartsenzorgtwente.nl\/tr\/?s={search_term_string}"},"query-input":{"@type":"PropertyValueSpecification","valueRequired":true,"valueName":"search_term_string"}}],"inLanguage":"tr"}]}},"_links":{"self":[{"href":"https:\/\/spoedpostenhuisartsenzorgtwente.nl\/tr\/wp-json\/wp\/v2\/pages\/54536","targetHints":{"allow":["GET"]}}],"collection":[{"href":"https:\/\/spoedpostenhuisartsenzorgtwente.nl\/tr\/wp-json\/wp\/v2\/pages"}],"about":[{"href":"https:\/\/spoedpostenhuisartsenzorgtwente.nl\/tr\/wp-json\/wp\/v2\/types\/page"}],"author":[{"embeddable":true,"href":"https:\/\/spoedpostenhuisartsenzorgtwente.nl\/tr\/wp-json\/wp\/v2\/users\/3"}],"replies":[{"embeddable":true,"href":"https:\/\/spoedpostenhuisartsenzorgtwente.nl\/tr\/wp-json\/wp\/v2\/comments?post=54536"}],"version-history":[{"count":5,"href":"https:\/\/spoedpostenhuisartsenzorgtwente.nl\/tr\/wp-json\/wp\/v2\/pages\/54536\/revisions"}],"predecessor-version":[{"id":54718,"href":"https:\/\/spoedpostenhuisartsenzorgtwente.nl\/tr\/wp-json\/wp\/v2\/pages\/54536\/revisions\/54718"}],"wp:attachment":[{"href":"https:\/\/spoedpostenhuisartsenzorgtwente.nl\/tr\/wp-json\/wp\/v2\/media?parent=54536"}],"curies":[{"name":"wp","href":"https:\/\/api.w.org\/{rel}","templated":true}]}}