{"id":54543,"date":"2026-01-09T14:16:34","date_gmt":"2026-01-09T13:16:34","guid":{"rendered":"https:\/\/sht.mindd.dev\/?page_id=54543"},"modified":"2026-02-19T14:59:51","modified_gmt":"2026-02-19T13:59:51","slug":"iltifat-ya-da-sikayet","status":"publish","type":"page","link":"https:\/\/spoedpostenhuisartsenzorgtwente.nl\/tr\/iltifat-ya-da-sikayet\/","title":{"rendered":"\u0130ltifat veya \u015fikayet"},"content":{"rendered":"\n<p>Bak\u0131m sa\u011flay\u0131c\u0131lar\u0131m\u0131z size en iyi hizmeti sunmaya \u00e7al\u0131\u015f\u0131r. Sunulan bak\u0131mdan memnun olmayabilir veya \u00e7ok memnun olabilirsin. Hizmetlerimizi geli\u015ftirebilece\u011fimiz \u00f6nerileriniz olabilir. Sizden haber almak isteriz.<\/p>\n\n\n\n<h2 class=\"wp-block-heading\">\u0130ltifat<\/h2>\n\n\n\n<p>\u00c7ok memnun musun? Sizden haber almak isteriz! \u00c7al\u0131\u015fanlar\u0131m\u0131zdan veya pratisyen hekimlerimizden birine iltifat\u0131n\u0131z var m\u0131? Bize \u015fu adrese e-posta g\u00f6ndererek haber vermeniz \u00e7ok <a href=\"mailto:info@huisartsenzorgtwente.nl\">memnun olur: info@huisartsenzorgtwente.nl<\/a>.<\/p>\n\n\n\n<h2 class=\"wp-block-heading\">\u015eikayet GP Acil Durum \u0130stasyonu Almelo<\/h2>\n\n\n\n<p>Almelo&#8217;daki GP t\u0131p istasyonu hakk\u0131nda \u015fikayet formunu indirip doldurulmu\u015f \u015fekilde g\u00f6ndererek \u015fikayet yapabilirsiniz. \u015eikayetin niteli\u011fine ba\u011fl\u0131 olarak, ya dahili olarak ele al\u0131n\u0131r ya da ba\u011f\u0131ms\u0131z \u015fikayet g\u00f6revlisine iletilir. Yakla\u015f\u0131k bir hafta i\u00e7inde sizinle ileti\u015fime ge\u00e7ilecek. \u015eikayet formunu <a href=\"https:\/\/spoedpostenhuisartsenzorgtwente.nl\/wp-content\/uploads\/sites\/227\/2026\/01\/KlachtenformulierCHPA-2.docx\">buradan<\/a> indirebilirsiniz.<\/p>\n\n\n\n<h2 class=\"wp-block-heading\">Hengelo veya Enschede GP T\u0131p \u0130stasyonu&#8217;na \u015fikayet<\/h2>\n\n\n\n<p>Hengelo veya Enschede&#8217;deki GP t\u0131p istasyonu hakk\u0131nda \u00e7evrimi\u00e7i bir \u015fikayet formu arac\u0131l\u0131\u011f\u0131yla \u015fikayet yapabilirsiniz. Formu <a href=\"https:\/\/sht-thoon.corpio.nl\/klachtenformulier\/index\">doldurmak i\u00e7in buraya<\/a> t\u0131klay\u0131n. Formu m\u00fcmk\u00fcn oldu\u011funca tamamen doldurun ve d\u00fc\u011fmeye bas\u0131n. Bunu yaparak, ba\u011f\u0131ms\u0131z \u015fikayet memuruna \u015fikayeti y\u00fcr\u00fctme izni vermi\u015f olursunuz. \u015eikayeti ba\u015fka biri ad\u0131na m\u0131 yap\u0131yorsun? L\u00fctfen bunu formda belirtin. Verilerinizin de\u011fi\u015f toku\u015funu m\u00fcmk\u00fcn k\u0131lmak i\u00e7in bir yetki alacaks\u0131n\u0131z. \u0130ki hafta i\u00e7inde sizinle ileti\u015fime ge\u00e7ilecek.<\/p>\n\n\n\n<h2 class=\"wp-block-heading\">Skge<\/h2>\n\n\n\n<p>E\u011fer ger\u00e7ekten ba\u011f\u0131ms\u0131z \u015fikayet g\u00f6revlisi ile sorunu \u00e7\u00f6zemiyorsan, \u015fikayetini <a href=\"https:\/\/www.skge.nl\/\">Skge<\/a> (Birinci Bak\u0131mda \u015eikayetler ve Uyu\u015fmazl\u0131klar Vakf\u0131) arac\u0131l\u0131\u011f\u0131yla iletebilirsin.<\/p>\n\n\n\n<h2 class=\"wp-block-heading\">Zorgbelang Overijssel<\/h2>\n\n\n\n<p>Hasta olarak haklar\u0131n\u0131z hakk\u0131nda daha fazla destek ve bilgi i\u00e7in l\u00fctfen &#8216;Zorgbelang Overijssel \u015eikayet Kar\u015f\u0131lama&#8217; departman\u0131yla ileti\u015fime ge\u00e7in, telefon 0900-2437070.<br><a href=\"http:\/\/www.zorgbelang-overijssel.nl\/\" target=\"_blank\" rel=\"noreferrer noopener\">www.zorgbelang-overijssel.nl<\/a><\/p>\n\n\n\n<h3 class=\"wp-block-heading\" style=\"font-size:16px\">Daha fazla bilgi var m\u0131? \u015eikayet prosed\u00fcr\u00fcm\u00fcz\u00fc inceleyin:<\/h3>\n\n\n\n<ul class=\"wp-block-list\">\n<li><a href=\"https:\/\/spoedpostenhuisartsenzorgtwente.nl\/wp-content\/uploads\/sites\/227\/2026\/02\/Klachtenregeling-Stichting-Spoedzorg-Huisartsen-Twente-20240201.pdf\">Huisartsenspoedpost Hengelo ve Enschede<\/a><\/li>\n<\/ul>\n\n\n\n<p><\/p>\n","protected":false},"excerpt":{"rendered":"<p>Bak\u0131m sa\u011flay\u0131c\u0131lar\u0131m\u0131z size en iyi hizmeti sunmaya \u00e7al\u0131\u015f\u0131r. Sunulan bak\u0131mdan memnun olmayabilir veya \u00e7ok memnun olabilirsin. Hizmetlerimizi geli\u015ftirebilece\u011fimiz \u00f6nerileriniz olabilir. Sizden haber almak isteriz. \u0130ltifat \u00c7ok memnun musun? Sizden haber almak isteriz! \u00c7al\u0131\u015fanlar\u0131m\u0131zdan veya pratisyen hekimlerimizden birine iltifat\u0131n\u0131z var m\u0131? Bize \u015fu adrese e-posta g\u00f6ndererek haber vermeniz \u00e7ok memnun olur: info@huisartsenzorgtwente.nl. \u015eikayet GP Acil Durum [&hellip;]<\/p>\n","protected":false},"author":3,"featured_media":0,"parent":0,"menu_order":0,"comment_status":"closed","ping_status":"closed","template":"","meta":{"_acf_changed":false,"_trash_the_other_posts":false,"editor_notices":[],"footnotes":""},"class_list":["post-54543","page","type-page","status-publish","hentry"],"acf":[],"yoast_head":"<!-- This site is optimized with the Yoast SEO plugin v26.6 - https:\/\/yoast.com\/wordpress\/plugins\/seo\/ -->\n<title>\u0130ltifat veya \u015fikayet - Spoedposten HuisartsenZorg Twente - T\u00fcrk\u00e7e<\/title>\n<meta name=\"robots\" content=\"index, follow, max-snippet:-1, max-image-preview:large, max-video-preview:-1\" \/>\n<link rel=\"canonical\" href=\"https:\/\/spoedpostenhuisartsenzorgtwente.nl\/tr\/iltifat-ya-da-sikayet\/\" \/>\n<meta property=\"og:locale\" content=\"tr_TR\" \/>\n<meta property=\"og:type\" content=\"article\" \/>\n<meta property=\"og:title\" content=\"\u0130ltifat veya \u015fikayet - Spoedposten HuisartsenZorg Twente - T\u00fcrk\u00e7e\" \/>\n<meta property=\"og:description\" content=\"Bak\u0131m sa\u011flay\u0131c\u0131lar\u0131m\u0131z size en iyi hizmeti sunmaya \u00e7al\u0131\u015f\u0131r. Sunulan bak\u0131mdan memnun olmayabilir veya \u00e7ok memnun olabilirsin. Hizmetlerimizi geli\u015ftirebilece\u011fimiz \u00f6nerileriniz olabilir. Sizden haber almak isteriz. \u0130ltifat \u00c7ok memnun musun? Sizden haber almak isteriz! \u00c7al\u0131\u015fanlar\u0131m\u0131zdan veya pratisyen hekimlerimizden birine iltifat\u0131n\u0131z var m\u0131? Bize \u015fu adrese e-posta g\u00f6ndererek haber vermeniz \u00e7ok memnun olur: info@huisartsenzorgtwente.nl. \u015eikayet GP Acil Durum [&hellip;]\" \/>\n<meta property=\"og:url\" content=\"https:\/\/spoedpostenhuisartsenzorgtwente.nl\/tr\/iltifat-ya-da-sikayet\/\" \/>\n<meta property=\"og:site_name\" content=\"Spoedposten HuisartsenZorg Twente - T\u00fcrk\u00e7e\" \/>\n<meta property=\"article:modified_time\" content=\"2026-02-19T13:59:51+00:00\" \/>\n<meta name=\"twitter:card\" content=\"summary_large_image\" \/>\n<meta name=\"twitter:label1\" content=\"Tahmini okuma s\u00fcresi\" \/>\n\t<meta name=\"twitter:data1\" content=\"2 dakika\" \/>\n<script type=\"application\/ld+json\" class=\"yoast-schema-graph\">{\"@context\":\"https:\/\/schema.org\",\"@graph\":[{\"@type\":\"WebPage\",\"@id\":\"https:\/\/spoedpostenhuisartsenzorgtwente.nl\/tr\/iltifat-ya-da-sikayet\/\",\"url\":\"https:\/\/spoedpostenhuisartsenzorgtwente.nl\/tr\/iltifat-ya-da-sikayet\/\",\"name\":\"\u0130ltifat veya \u015fikayet - Spoedposten HuisartsenZorg Twente - T\u00fcrk\u00e7e\",\"isPartOf\":{\"@id\":\"https:\/\/spoedpostenhuisartsenzorgtwente.nl\/tr\/#website\"},\"datePublished\":\"2026-01-09T13:16:34+00:00\",\"dateModified\":\"2026-02-19T13:59:51+00:00\",\"breadcrumb\":{\"@id\":\"https:\/\/spoedpostenhuisartsenzorgtwente.nl\/tr\/iltifat-ya-da-sikayet\/#breadcrumb\"},\"inLanguage\":\"tr\",\"potentialAction\":[{\"@type\":\"ReadAction\",\"target\":[\"https:\/\/spoedpostenhuisartsenzorgtwente.nl\/tr\/iltifat-ya-da-sikayet\/\"]}]},{\"@type\":\"BreadcrumbList\",\"@id\":\"https:\/\/spoedpostenhuisartsenzorgtwente.nl\/tr\/iltifat-ya-da-sikayet\/#breadcrumb\",\"itemListElement\":[{\"@type\":\"ListItem\",\"position\":1,\"name\":\"Home\",\"item\":\"https:\/\/spoedpostenhuisartsenzorgtwente.nl\/tr\/\"},{\"@type\":\"ListItem\",\"position\":2,\"name\":\"\u0130ltifat veya \u015fikayet\"}]},{\"@type\":\"WebSite\",\"@id\":\"https:\/\/spoedpostenhuisartsenzorgtwente.nl\/tr\/#website\",\"url\":\"https:\/\/spoedpostenhuisartsenzorgtwente.nl\/tr\/\",\"name\":\"Spoedposten HuisartsenZorg Twente - T\u00fcrk\u00e7e\",\"description\":\"\",\"potentialAction\":[{\"@type\":\"SearchAction\",\"target\":{\"@type\":\"EntryPoint\",\"urlTemplate\":\"https:\/\/spoedpostenhuisartsenzorgtwente.nl\/tr\/?s={search_term_string}\"},\"query-input\":{\"@type\":\"PropertyValueSpecification\",\"valueRequired\":true,\"valueName\":\"search_term_string\"}}],\"inLanguage\":\"tr\"}]}<\/script>\n<!-- \/ Yoast SEO plugin. -->","yoast_head_json":{"title":"\u0130ltifat veya \u015fikayet - Spoedposten HuisartsenZorg Twente - T\u00fcrk\u00e7e","robots":{"index":"index","follow":"follow","max-snippet":"max-snippet:-1","max-image-preview":"max-image-preview:large","max-video-preview":"max-video-preview:-1"},"canonical":"https:\/\/spoedpostenhuisartsenzorgtwente.nl\/tr\/iltifat-ya-da-sikayet\/","og_locale":"tr_TR","og_type":"article","og_title":"\u0130ltifat veya \u015fikayet - Spoedposten HuisartsenZorg Twente - T\u00fcrk\u00e7e","og_description":"Bak\u0131m sa\u011flay\u0131c\u0131lar\u0131m\u0131z size en iyi hizmeti sunmaya \u00e7al\u0131\u015f\u0131r. Sunulan bak\u0131mdan memnun olmayabilir veya \u00e7ok memnun olabilirsin. Hizmetlerimizi geli\u015ftirebilece\u011fimiz \u00f6nerileriniz olabilir. Sizden haber almak isteriz. \u0130ltifat \u00c7ok memnun musun? Sizden haber almak isteriz! \u00c7al\u0131\u015fanlar\u0131m\u0131zdan veya pratisyen hekimlerimizden birine iltifat\u0131n\u0131z var m\u0131? Bize \u015fu adrese e-posta g\u00f6ndererek haber vermeniz \u00e7ok memnun olur: info@huisartsenzorgtwente.nl. \u015eikayet GP Acil Durum [&hellip;]","og_url":"https:\/\/spoedpostenhuisartsenzorgtwente.nl\/tr\/iltifat-ya-da-sikayet\/","og_site_name":"Spoedposten HuisartsenZorg Twente - T\u00fcrk\u00e7e","article_modified_time":"2026-02-19T13:59:51+00:00","twitter_card":"summary_large_image","twitter_misc":{"Tahmini okuma s\u00fcresi":"2 dakika"},"schema":{"@context":"https:\/\/schema.org","@graph":[{"@type":"WebPage","@id":"https:\/\/spoedpostenhuisartsenzorgtwente.nl\/tr\/iltifat-ya-da-sikayet\/","url":"https:\/\/spoedpostenhuisartsenzorgtwente.nl\/tr\/iltifat-ya-da-sikayet\/","name":"\u0130ltifat veya \u015fikayet - Spoedposten HuisartsenZorg Twente - T\u00fcrk\u00e7e","isPartOf":{"@id":"https:\/\/spoedpostenhuisartsenzorgtwente.nl\/tr\/#website"},"datePublished":"2026-01-09T13:16:34+00:00","dateModified":"2026-02-19T13:59:51+00:00","breadcrumb":{"@id":"https:\/\/spoedpostenhuisartsenzorgtwente.nl\/tr\/iltifat-ya-da-sikayet\/#breadcrumb"},"inLanguage":"tr","potentialAction":[{"@type":"ReadAction","target":["https:\/\/spoedpostenhuisartsenzorgtwente.nl\/tr\/iltifat-ya-da-sikayet\/"]}]},{"@type":"BreadcrumbList","@id":"https:\/\/spoedpostenhuisartsenzorgtwente.nl\/tr\/iltifat-ya-da-sikayet\/#breadcrumb","itemListElement":[{"@type":"ListItem","position":1,"name":"Home","item":"https:\/\/spoedpostenhuisartsenzorgtwente.nl\/tr\/"},{"@type":"ListItem","position":2,"name":"\u0130ltifat veya \u015fikayet"}]},{"@type":"WebSite","@id":"https:\/\/spoedpostenhuisartsenzorgtwente.nl\/tr\/#website","url":"https:\/\/spoedpostenhuisartsenzorgtwente.nl\/tr\/","name":"Spoedposten HuisartsenZorg Twente - T\u00fcrk\u00e7e","description":"","potentialAction":[{"@type":"SearchAction","target":{"@type":"EntryPoint","urlTemplate":"https:\/\/spoedpostenhuisartsenzorgtwente.nl\/tr\/?s={search_term_string}"},"query-input":{"@type":"PropertyValueSpecification","valueRequired":true,"valueName":"search_term_string"}}],"inLanguage":"tr"}]}},"_links":{"self":[{"href":"https:\/\/spoedpostenhuisartsenzorgtwente.nl\/tr\/wp-json\/wp\/v2\/pages\/54543","targetHints":{"allow":["GET"]}}],"collection":[{"href":"https:\/\/spoedpostenhuisartsenzorgtwente.nl\/tr\/wp-json\/wp\/v2\/pages"}],"about":[{"href":"https:\/\/spoedpostenhuisartsenzorgtwente.nl\/tr\/wp-json\/wp\/v2\/types\/page"}],"author":[{"embeddable":true,"href":"https:\/\/spoedpostenhuisartsenzorgtwente.nl\/tr\/wp-json\/wp\/v2\/users\/3"}],"replies":[{"embeddable":true,"href":"https:\/\/spoedpostenhuisartsenzorgtwente.nl\/tr\/wp-json\/wp\/v2\/comments?post=54543"}],"version-history":[{"count":4,"href":"https:\/\/spoedpostenhuisartsenzorgtwente.nl\/tr\/wp-json\/wp\/v2\/pages\/54543\/revisions"}],"predecessor-version":[{"id":54717,"href":"https:\/\/spoedpostenhuisartsenzorgtwente.nl\/tr\/wp-json\/wp\/v2\/pages\/54543\/revisions\/54717"}],"wp:attachment":[{"href":"https:\/\/spoedpostenhuisartsenzorgtwente.nl\/tr\/wp-json\/wp\/v2\/media?parent=54543"}],"curies":[{"name":"wp","href":"https:\/\/api.w.org\/{rel}","templated":true}]}}