{"id":54611,"date":"2026-01-09T16:09:49","date_gmt":"2026-01-09T15:09:49","guid":{"rendered":"https:\/\/sht.mindd.dev\/?page_id=54611"},"modified":"2026-02-19T14:58:58","modified_gmt":"2026-02-19T13:58:58","slug":"ev-kurallari","status":"publish","type":"page","link":"https:\/\/spoedpostenhuisartsenzorgtwente.nl\/tr\/ev-kurallari\/","title":{"rendered":"Ev kurallar\u0131"},"content":{"rendered":"\n<h2 class=\"wp-block-heading\" style=\"font-size:16px\">Acil Servis&#8217;e Eri\u015fim<\/h2>\n\n\n\n<p>Sizi t\u0131bbi istasyona ho\u015f geldiniz demek istiyoruz. Herkesin g\u00fcvenli\u011fi ve rahatl\u0131\u011f\u0131 i\u00e7in bir dizi ev kural\u0131m\u0131z var. Birbirimize sayg\u0131 g\u00f6stermeyi seviyoruz ve ziyaret\u00e7ilerimizden ve hastalar\u0131m\u0131zdan da ayn\u0131 \u015feyi bekliyoruz. Sayg\u0131l\u0131 davran\u0131lmad\u0131\u011f\u0131n\u0131 hissediyorsan\u0131z, bunu hemen sa\u011fl\u0131k hizmeti sa\u011flay\u0131c\u0131s\u0131yla sakin bir \u015fekilde konu\u015fman\u0131z en iyisidir. Ev kurallar\u0131n\u0131n ihlali, uyar\u0131 veya t\u0131bbi istasyona eri\u015fimin reddedilmesine yol a\u00e7abilir. Kimlik do\u011frulama GP t\u0131p istasyonu \u00e7evresinde ve i\u00e7inde gereklidir. Sizinle birlikte, keyifli bir konaklama sa\u011flamaktan mutluyuz.<\/p>\n\n\n\n<h2 class=\"wp-block-heading\" style=\"font-size:16px\">Sald\u0131rganl\u0131k<\/h2>\n\n\n\n<p>Sald\u0131rganl\u0131k, \u015fiddet ve su\u00e7 eylemleri kabul edilmez. Bunu her zaman bir yapt\u0131r\u0131m takip eder ve her durumda hastan\u0131n kendi aile hekimine bu davran\u0131\u015f\u0131 bildiririz.<\/p>\n\n\n\n<h2 class=\"wp-block-heading\" style=\"font-size:16px\">S\u00fcperviz\u00f6r say\u0131s\u0131<\/h2>\n\n\n\n<p>Dan\u0131\u015fma odas\u0131nda hasta ba\u015f\u0131na en fazla 1 refakat\u00e7i bulundurulabilir. Bekleme odas\u0131 yo\u011funla\u015ft\u0131\u011f\u0131nda, ekstra arkada\u015flardan hastalar i\u00e7in yer a\u00e7malar\u0131 istenir.<\/p>\n\n\n\n<h2 class=\"wp-block-heading\" style=\"font-size:16px\">Sigara, alkol, uyu\u015fturucu<\/h2>\n\n\n\n<p>T\u0131bbi istasyonda alkol, sigara ve\/veya uyu\u015fturucu yasakt\u0131r.<\/p>\n\n\n\n<h2 class=\"wp-block-heading\" style=\"font-size:16px\">Sorumluluk<\/h2>\n\n\n\n<p>M\u00fclk\u00fcn\u00fczden tamamen siz sorumlusunuz. Ula\u015f\u0131m arac\u0131n\u0131z\u0131 park etmek kendi riskinizde.<\/p>\n\n\n\n<h2 class=\"wp-block-heading\" style=\"font-size:16px\">\u0130maj, ses ve sosyal medya<\/h2>\n\n\n\n<p>Foto\u011fraf \u00e7ekmek veya film kaydetmek yasakt\u0131r. GP t\u0131p istasyonunun i\u00e7inde ve \u00e7evresinde kontroll\u00fc kamera g\u00f6zetimi var, b\u00f6ylece g\u00fcvenli\u011finiz sa\u011flan\u0131r.<\/p>\n\n\n\n<p>Ses kayd\u0131 yapmak yaln\u0131zca sa\u011fl\u0131k hizmeti sa\u011flay\u0131c\u0131s\u0131n\u0131n a\u00e7\u0131k izniyle izin verilir ve asla kamuya a\u00e7\u0131k \u015fekilde da\u011f\u0131t\u0131lmayabilir.<\/p>\n\n\n\n<h2 class=\"wp-block-heading\" style=\"font-size:16px\">Hayvanlar<\/h2>\n\n\n\n<p>T\u0131bbi istasyonda hayvanlar\u0131n girmesine izin verilmemektedir, yard\u0131mc\u0131 k\u00f6pekler hari\u00e7.<\/p>\n\n\n\n<h2 class=\"wp-block-heading\" style=\"font-size:16px\">Yurtd\u0131\u015f\u0131nda ya\u015fayan hastalar\u0131n politikas\u0131<\/h2>\n\n\n\n<p>Hollanda&#8217;da ya\u015famayan ve t\u0131bbi istasyonun sa\u011flad\u0131\u011f\u0131 acil bak\u0131mdan yararlanan hastalar, do\u011frudan nakit (Almelo&#8217;da m\u00fcmk\u00fcn de\u011fildir) veya kartla \u00f6deme yapmak zorundad\u0131r.<\/p>\n\n\n\n<h2 class=\"wp-block-heading\" style=\"font-size:16px\">G\u00fcvenlik \u00f6nceliklidir<\/h2>\n\n\n\n<p>Bu ev kurallar\u0131na uymazsan\u0131z, \u00f6nce uyar\u0131 al\u0131rs\u0131n\u0131z. Tekrarlama durumunda, GP t\u0131p istasyonuna eri\u015fimi bildirebilir veya reddedebiliriz.<\/p>\n","protected":false},"excerpt":{"rendered":"<p>Acil Servis&#8217;e Eri\u015fim Sizi t\u0131bbi istasyona ho\u015f geldiniz demek istiyoruz. Herkesin g\u00fcvenli\u011fi ve rahatl\u0131\u011f\u0131 i\u00e7in bir dizi ev kural\u0131m\u0131z var. Birbirimize sayg\u0131 g\u00f6stermeyi seviyoruz ve ziyaret\u00e7ilerimizden ve hastalar\u0131m\u0131zdan da ayn\u0131 \u015feyi bekliyoruz. Sayg\u0131l\u0131 davran\u0131lmad\u0131\u011f\u0131n\u0131 hissediyorsan\u0131z, bunu hemen sa\u011fl\u0131k hizmeti sa\u011flay\u0131c\u0131s\u0131yla sakin bir \u015fekilde konu\u015fman\u0131z en iyisidir. Ev kurallar\u0131n\u0131n ihlali, uyar\u0131 veya t\u0131bbi istasyona eri\u015fimin reddedilmesine [&hellip;]<\/p>\n","protected":false},"author":3,"featured_media":0,"parent":0,"menu_order":0,"comment_status":"closed","ping_status":"closed","template":"","meta":{"_acf_changed":false,"_trash_the_other_posts":false,"editor_notices":[],"footnotes":""},"class_list":["post-54611","page","type-page","status-publish","hentry"],"acf":[],"yoast_head":"<!-- This site is optimized with the Yoast SEO plugin v26.6 - https:\/\/yoast.com\/wordpress\/plugins\/seo\/ -->\n<title>Ev kurallar\u0131 - Spoedposten HuisartsenZorg Twente - T\u00fcrk\u00e7e<\/title>\n<meta name=\"robots\" content=\"index, follow, max-snippet:-1, max-image-preview:large, max-video-preview:-1\" \/>\n<link rel=\"canonical\" href=\"https:\/\/spoedpostenhuisartsenzorgtwente.nl\/tr\/ev-kurallari\/\" \/>\n<meta property=\"og:locale\" content=\"tr_TR\" \/>\n<meta property=\"og:type\" content=\"article\" \/>\n<meta property=\"og:title\" content=\"Ev kurallar\u0131 - Spoedposten HuisartsenZorg Twente - T\u00fcrk\u00e7e\" \/>\n<meta property=\"og:description\" content=\"Acil Servis&#8217;e Eri\u015fim Sizi t\u0131bbi istasyona ho\u015f geldiniz demek istiyoruz. Herkesin g\u00fcvenli\u011fi ve rahatl\u0131\u011f\u0131 i\u00e7in bir dizi ev kural\u0131m\u0131z var. Birbirimize sayg\u0131 g\u00f6stermeyi seviyoruz ve ziyaret\u00e7ilerimizden ve hastalar\u0131m\u0131zdan da ayn\u0131 \u015feyi bekliyoruz. Sayg\u0131l\u0131 davran\u0131lmad\u0131\u011f\u0131n\u0131 hissediyorsan\u0131z, bunu hemen sa\u011fl\u0131k hizmeti sa\u011flay\u0131c\u0131s\u0131yla sakin bir \u015fekilde konu\u015fman\u0131z en iyisidir. Ev kurallar\u0131n\u0131n ihlali, uyar\u0131 veya t\u0131bbi istasyona eri\u015fimin reddedilmesine [&hellip;]\" \/>\n<meta property=\"og:url\" content=\"https:\/\/spoedpostenhuisartsenzorgtwente.nl\/tr\/ev-kurallari\/\" \/>\n<meta property=\"og:site_name\" content=\"Spoedposten HuisartsenZorg Twente - T\u00fcrk\u00e7e\" \/>\n<meta property=\"article:modified_time\" content=\"2026-02-19T13:58:58+00:00\" \/>\n<meta name=\"twitter:card\" content=\"summary_large_image\" \/>\n<meta name=\"twitter:label1\" content=\"Tahmini okuma s\u00fcresi\" \/>\n\t<meta name=\"twitter:data1\" content=\"2 dakika\" \/>\n<script type=\"application\/ld+json\" class=\"yoast-schema-graph\">{\"@context\":\"https:\/\/schema.org\",\"@graph\":[{\"@type\":\"WebPage\",\"@id\":\"https:\/\/spoedpostenhuisartsenzorgtwente.nl\/tr\/ev-kurallari\/\",\"url\":\"https:\/\/spoedpostenhuisartsenzorgtwente.nl\/tr\/ev-kurallari\/\",\"name\":\"Ev kurallar\u0131 - Spoedposten HuisartsenZorg Twente - T\u00fcrk\u00e7e\",\"isPartOf\":{\"@id\":\"https:\/\/spoedpostenhuisartsenzorgtwente.nl\/tr\/#website\"},\"datePublished\":\"2026-01-09T15:09:49+00:00\",\"dateModified\":\"2026-02-19T13:58:58+00:00\",\"breadcrumb\":{\"@id\":\"https:\/\/spoedpostenhuisartsenzorgtwente.nl\/tr\/ev-kurallari\/#breadcrumb\"},\"inLanguage\":\"tr\",\"potentialAction\":[{\"@type\":\"ReadAction\",\"target\":[\"https:\/\/spoedpostenhuisartsenzorgtwente.nl\/tr\/ev-kurallari\/\"]}]},{\"@type\":\"BreadcrumbList\",\"@id\":\"https:\/\/spoedpostenhuisartsenzorgtwente.nl\/tr\/ev-kurallari\/#breadcrumb\",\"itemListElement\":[{\"@type\":\"ListItem\",\"position\":1,\"name\":\"Home\",\"item\":\"https:\/\/spoedpostenhuisartsenzorgtwente.nl\/tr\/\"},{\"@type\":\"ListItem\",\"position\":2,\"name\":\"Ev kurallar\u0131\"}]},{\"@type\":\"WebSite\",\"@id\":\"https:\/\/spoedpostenhuisartsenzorgtwente.nl\/tr\/#website\",\"url\":\"https:\/\/spoedpostenhuisartsenzorgtwente.nl\/tr\/\",\"name\":\"Spoedposten HuisartsenZorg Twente - T\u00fcrk\u00e7e\",\"description\":\"\",\"potentialAction\":[{\"@type\":\"SearchAction\",\"target\":{\"@type\":\"EntryPoint\",\"urlTemplate\":\"https:\/\/spoedpostenhuisartsenzorgtwente.nl\/tr\/?s={search_term_string}\"},\"query-input\":{\"@type\":\"PropertyValueSpecification\",\"valueRequired\":true,\"valueName\":\"search_term_string\"}}],\"inLanguage\":\"tr\"}]}<\/script>\n<!-- \/ Yoast SEO plugin. -->","yoast_head_json":{"title":"Ev kurallar\u0131 - Spoedposten HuisartsenZorg Twente - T\u00fcrk\u00e7e","robots":{"index":"index","follow":"follow","max-snippet":"max-snippet:-1","max-image-preview":"max-image-preview:large","max-video-preview":"max-video-preview:-1"},"canonical":"https:\/\/spoedpostenhuisartsenzorgtwente.nl\/tr\/ev-kurallari\/","og_locale":"tr_TR","og_type":"article","og_title":"Ev kurallar\u0131 - Spoedposten HuisartsenZorg Twente - T\u00fcrk\u00e7e","og_description":"Acil Servis&#8217;e Eri\u015fim Sizi t\u0131bbi istasyona ho\u015f geldiniz demek istiyoruz. Herkesin g\u00fcvenli\u011fi ve rahatl\u0131\u011f\u0131 i\u00e7in bir dizi ev kural\u0131m\u0131z var. Birbirimize sayg\u0131 g\u00f6stermeyi seviyoruz ve ziyaret\u00e7ilerimizden ve hastalar\u0131m\u0131zdan da ayn\u0131 \u015feyi bekliyoruz. Sayg\u0131l\u0131 davran\u0131lmad\u0131\u011f\u0131n\u0131 hissediyorsan\u0131z, bunu hemen sa\u011fl\u0131k hizmeti sa\u011flay\u0131c\u0131s\u0131yla sakin bir \u015fekilde konu\u015fman\u0131z en iyisidir. Ev kurallar\u0131n\u0131n ihlali, uyar\u0131 veya t\u0131bbi istasyona eri\u015fimin reddedilmesine [&hellip;]","og_url":"https:\/\/spoedpostenhuisartsenzorgtwente.nl\/tr\/ev-kurallari\/","og_site_name":"Spoedposten HuisartsenZorg Twente - T\u00fcrk\u00e7e","article_modified_time":"2026-02-19T13:58:58+00:00","twitter_card":"summary_large_image","twitter_misc":{"Tahmini okuma s\u00fcresi":"2 dakika"},"schema":{"@context":"https:\/\/schema.org","@graph":[{"@type":"WebPage","@id":"https:\/\/spoedpostenhuisartsenzorgtwente.nl\/tr\/ev-kurallari\/","url":"https:\/\/spoedpostenhuisartsenzorgtwente.nl\/tr\/ev-kurallari\/","name":"Ev kurallar\u0131 - Spoedposten HuisartsenZorg Twente - T\u00fcrk\u00e7e","isPartOf":{"@id":"https:\/\/spoedpostenhuisartsenzorgtwente.nl\/tr\/#website"},"datePublished":"2026-01-09T15:09:49+00:00","dateModified":"2026-02-19T13:58:58+00:00","breadcrumb":{"@id":"https:\/\/spoedpostenhuisartsenzorgtwente.nl\/tr\/ev-kurallari\/#breadcrumb"},"inLanguage":"tr","potentialAction":[{"@type":"ReadAction","target":["https:\/\/spoedpostenhuisartsenzorgtwente.nl\/tr\/ev-kurallari\/"]}]},{"@type":"BreadcrumbList","@id":"https:\/\/spoedpostenhuisartsenzorgtwente.nl\/tr\/ev-kurallari\/#breadcrumb","itemListElement":[{"@type":"ListItem","position":1,"name":"Home","item":"https:\/\/spoedpostenhuisartsenzorgtwente.nl\/tr\/"},{"@type":"ListItem","position":2,"name":"Ev kurallar\u0131"}]},{"@type":"WebSite","@id":"https:\/\/spoedpostenhuisartsenzorgtwente.nl\/tr\/#website","url":"https:\/\/spoedpostenhuisartsenzorgtwente.nl\/tr\/","name":"Spoedposten HuisartsenZorg Twente - T\u00fcrk\u00e7e","description":"","potentialAction":[{"@type":"SearchAction","target":{"@type":"EntryPoint","urlTemplate":"https:\/\/spoedpostenhuisartsenzorgtwente.nl\/tr\/?s={search_term_string}"},"query-input":{"@type":"PropertyValueSpecification","valueRequired":true,"valueName":"search_term_string"}}],"inLanguage":"tr"}]}},"_links":{"self":[{"href":"https:\/\/spoedpostenhuisartsenzorgtwente.nl\/tr\/wp-json\/wp\/v2\/pages\/54611","targetHints":{"allow":["GET"]}}],"collection":[{"href":"https:\/\/spoedpostenhuisartsenzorgtwente.nl\/tr\/wp-json\/wp\/v2\/pages"}],"about":[{"href":"https:\/\/spoedpostenhuisartsenzorgtwente.nl\/tr\/wp-json\/wp\/v2\/types\/page"}],"author":[{"embeddable":true,"href":"https:\/\/spoedpostenhuisartsenzorgtwente.nl\/tr\/wp-json\/wp\/v2\/users\/3"}],"replies":[{"embeddable":true,"href":"https:\/\/spoedpostenhuisartsenzorgtwente.nl\/tr\/wp-json\/wp\/v2\/comments?post=54611"}],"version-history":[{"count":3,"href":"https:\/\/spoedpostenhuisartsenzorgtwente.nl\/tr\/wp-json\/wp\/v2\/pages\/54611\/revisions"}],"predecessor-version":[{"id":54690,"href":"https:\/\/spoedpostenhuisartsenzorgtwente.nl\/tr\/wp-json\/wp\/v2\/pages\/54611\/revisions\/54690"}],"wp:attachment":[{"href":"https:\/\/spoedpostenhuisartsenzorgtwente.nl\/tr\/wp-json\/wp\/v2\/media?parent=54611"}],"curies":[{"name":"wp","href":"https:\/\/api.w.org\/{rel}","templated":true}]}}