{"id":54615,"date":"2026-01-09T16:17:51","date_gmt":"2026-01-09T15:17:51","guid":{"rendered":"https:\/\/sht.mindd.dev\/?page_id=54615"},"modified":"2026-02-19T14:58:56","modified_gmt":"2026-02-19T13:58:56","slug":"kariyerler","status":"publish","type":"page","link":"https:\/\/spoedpostenhuisartsenzorgtwente.nl\/tr\/kariyerler\/","title":{"rendered":"\u00c7al\u0131\u015fma"},"content":{"rendered":"\n<p>\u00dc\u00e7 GP acil durum istasyonunun ait oldu\u011fu Huisartsenzorg Twente acil durum istasyonlar\u0131 Huisartsenzorg Twente kapsam\u0131ndad\u0131r. Bu birinci basamak sa\u011fl\u0131k kurulu\u015fu, Twente b\u00f6lgesindeki pratisyen hekimler i\u00e7in bir\u00e7ok \u015feyi kolayla\u015ft\u0131r\u0131yor &#8211; Genel pratisyen bak\u0131m\u0131n\u0131 desteklemeye ve ilerletmeye yard\u0131mc\u0131 oluyoruz.<\/p>\n\n\n\n<p>Almelo, Enschede ve Hengelo&#8217;daki HAP \u015fubelerinde \u00e7al\u0131\u015fan triage hem\u015fireleri, Twente Genel Hekim Bak\u0131m Acil Direktleri Vakf\u0131 taraf\u0131ndan istihdam edilmektedir. Huisartsenzorg Twente ofislerindeki \u00e7al\u0131\u015fanlar Almelo veya Hengelo&#8217;daki ofislerden \u00e7al\u0131\u015f\u0131r.<\/p>\n\n\n\n<h2 class=\"wp-block-heading\">Bo\u015f Pozisyonlar<\/h2>\n\n\n\n<p>E\u011fer GP acil durum istasyonlar\u0131m\u0131zdan birinde \u00e7al\u0131\u015fmak istiyorsan\u0131z, l\u00fctfen \u015fu adresi ziyaret edin: <a href=\"http:\/\/www.zorgselect.nl\">www.zorgselect.nl<\/a> veya <a href=\"http:\/\/www.huisartsenzorgtwente.nl\">www.huisartsenzorgtwente.nl<\/a><\/p>\n","protected":false},"excerpt":{"rendered":"<p>\u00dc\u00e7 GP acil durum istasyonunun ait oldu\u011fu Huisartsenzorg Twente acil durum istasyonlar\u0131 Huisartsenzorg Twente kapsam\u0131ndad\u0131r. Bu birinci basamak sa\u011fl\u0131k kurulu\u015fu, Twente b\u00f6lgesindeki pratisyen hekimler i\u00e7in bir\u00e7ok \u015feyi kolayla\u015ft\u0131r\u0131yor &#8211; Genel pratisyen bak\u0131m\u0131n\u0131 desteklemeye ve ilerletmeye yard\u0131mc\u0131 oluyoruz. Almelo, Enschede ve Hengelo&#8217;daki HAP \u015fubelerinde \u00e7al\u0131\u015fan triage hem\u015fireleri, Twente Genel Hekim Bak\u0131m Acil Direktleri Vakf\u0131 taraf\u0131ndan istihdam [&hellip;]<\/p>\n","protected":false},"author":3,"featured_media":0,"parent":0,"menu_order":0,"comment_status":"closed","ping_status":"closed","template":"","meta":{"_acf_changed":false,"_trash_the_other_posts":false,"editor_notices":[],"footnotes":""},"class_list":["post-54615","page","type-page","status-publish","hentry"],"acf":[],"yoast_head":"<!-- This site is optimized with the Yoast SEO plugin v26.6 - https:\/\/yoast.com\/wordpress\/plugins\/seo\/ -->\n<title>\u00c7al\u0131\u015fma - Spoedposten HuisartsenZorg Twente - T\u00fcrk\u00e7e<\/title>\n<meta name=\"robots\" content=\"index, follow, max-snippet:-1, max-image-preview:large, max-video-preview:-1\" \/>\n<link rel=\"canonical\" href=\"https:\/\/spoedpostenhuisartsenzorgtwente.nl\/tr\/kariyerler\/\" \/>\n<meta property=\"og:locale\" content=\"tr_TR\" \/>\n<meta property=\"og:type\" content=\"article\" \/>\n<meta property=\"og:title\" content=\"\u00c7al\u0131\u015fma - Spoedposten HuisartsenZorg Twente - T\u00fcrk\u00e7e\" \/>\n<meta property=\"og:description\" content=\"\u00dc\u00e7 GP acil durum istasyonunun ait oldu\u011fu Huisartsenzorg Twente acil durum istasyonlar\u0131 Huisartsenzorg Twente kapsam\u0131ndad\u0131r. Bu birinci basamak sa\u011fl\u0131k kurulu\u015fu, Twente b\u00f6lgesindeki pratisyen hekimler i\u00e7in bir\u00e7ok \u015feyi kolayla\u015ft\u0131r\u0131yor &#8211; Genel pratisyen bak\u0131m\u0131n\u0131 desteklemeye ve ilerletmeye yard\u0131mc\u0131 oluyoruz. Almelo, Enschede ve Hengelo&#8217;daki HAP \u015fubelerinde \u00e7al\u0131\u015fan triage hem\u015fireleri, Twente Genel Hekim Bak\u0131m Acil Direktleri Vakf\u0131 taraf\u0131ndan istihdam [&hellip;]\" \/>\n<meta property=\"og:url\" content=\"https:\/\/spoedpostenhuisartsenzorgtwente.nl\/tr\/kariyerler\/\" \/>\n<meta property=\"og:site_name\" content=\"Spoedposten HuisartsenZorg Twente - T\u00fcrk\u00e7e\" \/>\n<meta property=\"article:modified_time\" content=\"2026-02-19T13:58:56+00:00\" \/>\n<meta name=\"twitter:card\" content=\"summary_large_image\" \/>\n<meta name=\"twitter:label1\" content=\"Tahmini okuma s\u00fcresi\" \/>\n\t<meta name=\"twitter:data1\" content=\"1 dakika\" \/>\n<script type=\"application\/ld+json\" class=\"yoast-schema-graph\">{\"@context\":\"https:\/\/schema.org\",\"@graph\":[{\"@type\":\"WebPage\",\"@id\":\"https:\/\/spoedpostenhuisartsenzorgtwente.nl\/tr\/kariyerler\/\",\"url\":\"https:\/\/spoedpostenhuisartsenzorgtwente.nl\/tr\/kariyerler\/\",\"name\":\"\u00c7al\u0131\u015fma - Spoedposten HuisartsenZorg Twente - T\u00fcrk\u00e7e\",\"isPartOf\":{\"@id\":\"https:\/\/spoedpostenhuisartsenzorgtwente.nl\/tr\/#website\"},\"datePublished\":\"2026-01-09T15:17:51+00:00\",\"dateModified\":\"2026-02-19T13:58:56+00:00\",\"breadcrumb\":{\"@id\":\"https:\/\/spoedpostenhuisartsenzorgtwente.nl\/tr\/kariyerler\/#breadcrumb\"},\"inLanguage\":\"tr\",\"potentialAction\":[{\"@type\":\"ReadAction\",\"target\":[\"https:\/\/spoedpostenhuisartsenzorgtwente.nl\/tr\/kariyerler\/\"]}]},{\"@type\":\"BreadcrumbList\",\"@id\":\"https:\/\/spoedpostenhuisartsenzorgtwente.nl\/tr\/kariyerler\/#breadcrumb\",\"itemListElement\":[{\"@type\":\"ListItem\",\"position\":1,\"name\":\"Home\",\"item\":\"https:\/\/spoedpostenhuisartsenzorgtwente.nl\/tr\/\"},{\"@type\":\"ListItem\",\"position\":2,\"name\":\"\u00c7al\u0131\u015fma\"}]},{\"@type\":\"WebSite\",\"@id\":\"https:\/\/spoedpostenhuisartsenzorgtwente.nl\/tr\/#website\",\"url\":\"https:\/\/spoedpostenhuisartsenzorgtwente.nl\/tr\/\",\"name\":\"Spoedposten HuisartsenZorg Twente - T\u00fcrk\u00e7e\",\"description\":\"\",\"potentialAction\":[{\"@type\":\"SearchAction\",\"target\":{\"@type\":\"EntryPoint\",\"urlTemplate\":\"https:\/\/spoedpostenhuisartsenzorgtwente.nl\/tr\/?s={search_term_string}\"},\"query-input\":{\"@type\":\"PropertyValueSpecification\",\"valueRequired\":true,\"valueName\":\"search_term_string\"}}],\"inLanguage\":\"tr\"}]}<\/script>\n<!-- \/ Yoast SEO plugin. -->","yoast_head_json":{"title":"\u00c7al\u0131\u015fma - Spoedposten HuisartsenZorg Twente - T\u00fcrk\u00e7e","robots":{"index":"index","follow":"follow","max-snippet":"max-snippet:-1","max-image-preview":"max-image-preview:large","max-video-preview":"max-video-preview:-1"},"canonical":"https:\/\/spoedpostenhuisartsenzorgtwente.nl\/tr\/kariyerler\/","og_locale":"tr_TR","og_type":"article","og_title":"\u00c7al\u0131\u015fma - Spoedposten HuisartsenZorg Twente - T\u00fcrk\u00e7e","og_description":"\u00dc\u00e7 GP acil durum istasyonunun ait oldu\u011fu Huisartsenzorg Twente acil durum istasyonlar\u0131 Huisartsenzorg Twente kapsam\u0131ndad\u0131r. Bu birinci basamak sa\u011fl\u0131k kurulu\u015fu, Twente b\u00f6lgesindeki pratisyen hekimler i\u00e7in bir\u00e7ok \u015feyi kolayla\u015ft\u0131r\u0131yor &#8211; Genel pratisyen bak\u0131m\u0131n\u0131 desteklemeye ve ilerletmeye yard\u0131mc\u0131 oluyoruz. Almelo, Enschede ve Hengelo&#8217;daki HAP \u015fubelerinde \u00e7al\u0131\u015fan triage hem\u015fireleri, Twente Genel Hekim Bak\u0131m Acil Direktleri Vakf\u0131 taraf\u0131ndan istihdam [&hellip;]","og_url":"https:\/\/spoedpostenhuisartsenzorgtwente.nl\/tr\/kariyerler\/","og_site_name":"Spoedposten HuisartsenZorg Twente - T\u00fcrk\u00e7e","article_modified_time":"2026-02-19T13:58:56+00:00","twitter_card":"summary_large_image","twitter_misc":{"Tahmini okuma s\u00fcresi":"1 dakika"},"schema":{"@context":"https:\/\/schema.org","@graph":[{"@type":"WebPage","@id":"https:\/\/spoedpostenhuisartsenzorgtwente.nl\/tr\/kariyerler\/","url":"https:\/\/spoedpostenhuisartsenzorgtwente.nl\/tr\/kariyerler\/","name":"\u00c7al\u0131\u015fma - Spoedposten HuisartsenZorg Twente - T\u00fcrk\u00e7e","isPartOf":{"@id":"https:\/\/spoedpostenhuisartsenzorgtwente.nl\/tr\/#website"},"datePublished":"2026-01-09T15:17:51+00:00","dateModified":"2026-02-19T13:58:56+00:00","breadcrumb":{"@id":"https:\/\/spoedpostenhuisartsenzorgtwente.nl\/tr\/kariyerler\/#breadcrumb"},"inLanguage":"tr","potentialAction":[{"@type":"ReadAction","target":["https:\/\/spoedpostenhuisartsenzorgtwente.nl\/tr\/kariyerler\/"]}]},{"@type":"BreadcrumbList","@id":"https:\/\/spoedpostenhuisartsenzorgtwente.nl\/tr\/kariyerler\/#breadcrumb","itemListElement":[{"@type":"ListItem","position":1,"name":"Home","item":"https:\/\/spoedpostenhuisartsenzorgtwente.nl\/tr\/"},{"@type":"ListItem","position":2,"name":"\u00c7al\u0131\u015fma"}]},{"@type":"WebSite","@id":"https:\/\/spoedpostenhuisartsenzorgtwente.nl\/tr\/#website","url":"https:\/\/spoedpostenhuisartsenzorgtwente.nl\/tr\/","name":"Spoedposten HuisartsenZorg Twente - T\u00fcrk\u00e7e","description":"","potentialAction":[{"@type":"SearchAction","target":{"@type":"EntryPoint","urlTemplate":"https:\/\/spoedpostenhuisartsenzorgtwente.nl\/tr\/?s={search_term_string}"},"query-input":{"@type":"PropertyValueSpecification","valueRequired":true,"valueName":"search_term_string"}}],"inLanguage":"tr"}]}},"_links":{"self":[{"href":"https:\/\/spoedpostenhuisartsenzorgtwente.nl\/tr\/wp-json\/wp\/v2\/pages\/54615","targetHints":{"allow":["GET"]}}],"collection":[{"href":"https:\/\/spoedpostenhuisartsenzorgtwente.nl\/tr\/wp-json\/wp\/v2\/pages"}],"about":[{"href":"https:\/\/spoedpostenhuisartsenzorgtwente.nl\/tr\/wp-json\/wp\/v2\/types\/page"}],"author":[{"embeddable":true,"href":"https:\/\/spoedpostenhuisartsenzorgtwente.nl\/tr\/wp-json\/wp\/v2\/users\/3"}],"replies":[{"embeddable":true,"href":"https:\/\/spoedpostenhuisartsenzorgtwente.nl\/tr\/wp-json\/wp\/v2\/comments?post=54615"}],"version-history":[{"count":3,"href":"https:\/\/spoedpostenhuisartsenzorgtwente.nl\/tr\/wp-json\/wp\/v2\/pages\/54615\/revisions"}],"predecessor-version":[{"id":54689,"href":"https:\/\/spoedpostenhuisartsenzorgtwente.nl\/tr\/wp-json\/wp\/v2\/pages\/54615\/revisions\/54689"}],"wp:attachment":[{"href":"https:\/\/spoedpostenhuisartsenzorgtwente.nl\/tr\/wp-json\/wp\/v2\/media?parent=54615"}],"curies":[{"name":"wp","href":"https:\/\/api.w.org\/{rel}","templated":true}]}}